{"id":2526,"date":"2025-05-24T10:54:40","date_gmt":"2025-05-24T08:54:40","guid":{"rendered":"https:\/\/stp-extrusion.com\/?page_id=2526"},"modified":"2025-07-10T07:39:04","modified_gmt":"2025-07-10T05:39:04","slug":"supplier-portal","status":"publish","type":"page","link":"https:\/\/stp-extrusion.com\/sl\/supplier-portal\/","title":{"rendered":"Portal za dobavitelje"},"content":{"rendered":"<div data-elementor-type=\"wp-page\" data-elementor-id=\"2526\" class=\"elementor elementor-2526\">\n\t\t\t\t<div class=\"elementor-element elementor-element-06beada e-flex e-con-boxed e-con e-parent\" data-id=\"06beada\" data-element_type=\"container\">\n\t\t\t\t\t<div class=\"e-con-inner\">\n\t\t\t\t<div class=\"elementor-element elementor-element-0b5fdd7 elementor-widget elementor-widget-heading\" data-id=\"0b5fdd7\" data-element_type=\"widget\" data-widget_type=\"heading.default\">\n\t\t\t\t<div class=\"elementor-widget-container\">\n\t\t\t\t\t<h2 class=\"elementor-heading-title elementor-size-default\">Dobrodo\u0161li na na\u0161em portalu za dobavitelje<\/h2>\t\t\t\t<\/div>\n\t\t\t\t<\/div>\n\t\t\t\t\t<\/div>\n\t\t\t\t<\/div>\n\t\t<div class=\"elementor-element elementor-element-63e18c8 e-flex e-con-boxed e-con e-parent\" data-id=\"63e18c8\" data-element_type=\"container\">\n\t\t\t\t\t<div class=\"e-con-inner\">\n\t\t\t\t<div class=\"elementor-element elementor-element-0283e8e elementor-widget elementor-widget-text-editor\" data-id=\"0283e8e\" data-element_type=\"widget\" data-widget_type=\"text-editor.default\">\n\t\t\t\t<div class=\"elementor-widget-container\">\n\t\t\t\t\t\t\t\t\t<p class=\"\" data-start=\"207\" data-end=\"370\">Zahvaljujemo se vam za va\u0161e zanimanje za sodelovanje z nami.<br class=\"\" data-start=\"257\" data-end=\"260\" \/>Da bi nam pomagali u\u010dinkovito usmerjati va\u0161o registracijo, v spodnjem spustnem meniju izberite vrsto dobavitelja:<\/p>\t\t\t\t\t\t\t\t<\/div>\n\t\t\t\t<\/div>\n\t\t\t\t\t<\/div>\n\t\t\t\t<\/div>\n\t\t<div class=\"elementor-element elementor-element-adae60b e-flex e-con-boxed e-con e-parent\" data-id=\"adae60b\" data-element_type=\"container\">\n\t\t\t\t\t<div class=\"e-con-inner\">\n\t\t\t\t<div class=\"elementor-element elementor-element-582afb9 elementor-widget__width-initial elementor-widget elementor-widget-html\" data-id=\"582afb9\" data-element_type=\"widget\" data-widget_type=\"html.default\">\n\t\t\t\t<div class=\"elementor-widget-container\">\n\t\t\t\t\t<select onchange=\"if (this.value) window.location.href=this.value;\">\n  <option value=\"\">Izberite s seznama<\/option>\n  <option value=\"\/supplier-information-raw-material-suppliers\">Dobavitelj surovin<\/option>\n  <option value=\"\/supplier-information-logistics-freight-partners\">Partner za logistiko \/ tovorni promet<\/option>\n  <option value=\"\/supplier-information-goods-service-providers\">Ponudnik opreme, pisarn in storitev<\/option>\n<\/select>\t\t\t\t<\/div>\n\t\t\t\t<\/div>\n\t\t\t\t\t<\/div>\n\t\t\t\t<\/div>\n\t\t<div class=\"elementor-element elementor-element-1a0e756 e-flex e-con-boxed e-con e-parent\" data-id=\"1a0e756\" data-element_type=\"container\">\n\t\t\t\t\t<div class=\"e-con-inner\">\n\t\t\t\t<div class=\"elementor-element elementor-element-d157369 elementor-widget elementor-widget-text-editor\" data-id=\"d157369\" data-element_type=\"widget\" data-widget_type=\"text-editor.default\">\n\t\t\t\t<div class=\"elementor-widget-container\">\n\t\t\t\t\t\t\t\t\t<p>Tako boste zagotovili, da bo va\u0161a vloga prispela do ustrezne ekipe.<\/p>\t\t\t\t\t\t\t\t<\/div>\n\t\t\t\t<\/div>\n\t\t\t\t\t<\/div>\n\t\t\t\t<\/div>\n\t\t<div class=\"elementor-element elementor-element-df87b86 e-flex e-con-boxed e-con e-parent\" data-id=\"df87b86\" data-element_type=\"container\">\n\t\t\t\t\t<div class=\"e-con-inner\">\n\t\t\t\t<div class=\"elementor-element elementor-element-bdc7535 elementor-widget elementor-widget-text-editor\" data-id=\"bdc7535\" data-element_type=\"widget\" data-widget_type=\"text-editor.default\">\n\t\t\t\t<div class=\"elementor-widget-container\">\n\t\t\t\t\t\t\t\t\t<p data-start=\"241\" data-end=\"339\"><strong data-start=\"241\" data-end=\"339\">Optimizacija kakovosti izdelkov in sodelovanja z dobavitelji prek portala za dobavitelje ST Plastics<\/strong><\/p><p data-start=\"341\" data-end=\"678\">V dru\u017ebi ST Plastics se na\u0161a zavezanost k nenehnim izbolj\u0161avam razteza prek na\u0161ih proizvodnih linij - sega v vsak koti\u010dek na\u0161e dobavne verige. V podporo tej viziji smo razvili posebno <strong data-start=\"541\" data-end=\"560\">portal za dobavitelje<\/strong>, ki so namenjeni krepitvi sodelovanja, izbolj\u0161anju preglednosti in zagotovitvi najvi\u0161jih standardov <strong data-start=\"658\" data-end=\"677\">kakovost izdelkov<\/strong>.<\/p><p data-start=\"680\" data-end=\"1205\">Glavni cilj na\u0161ega portala za dobavitelje je na\u0161im partnerjem zagotoviti intuitivno in u\u010dinkovito platformo za stalno komunikacijo in sodelovanje. Z racionalizacijo vkrcavanja in <strong data-start=\"863\" data-end=\"905\">postopek uvajanja novih dobaviteljev<\/strong>, si prizadevamo ustvariti bolj smiselna, dolgoro\u010dna partnerstva, ki temeljijo na zaupanju in vzajemni rasti. Portal daje dobaviteljem prilo\u017enost, da na strukturiran in dostopen na\u010din predstavijo svoje zmogljivosti, certifikate in inovacije, kar na\u0161i nabavni ekipi omogo\u010da bolj\u0161e in hitrej\u0161e sprejemanje odlo\u010ditev.<\/p><p data-start=\"1207\" data-end=\"1573\">S to platformo pove\u010dujemo tudi svojo sposobnost, da <strong data-start=\"1267\" data-end=\"1289\">spremljanje podatkov o kakovosti.<\/strong>, <strong data-start=\"1291\" data-end=\"1324\">souporaba tehni\u010dne dokumentacije.<\/strong>ter dolo\u010dite jasna pri\u010dakovanja glede standardov materialov in dobavnih rokov. Ta prizadevanja ne izbolj\u0161ujejo le <strong data-start=\"1453\" data-end=\"1490\">skladnost vhodnih materialov.<\/strong>, hkrati pa neposredno prispevajo tudi k <strong data-start=\"1530\" data-end=\"1572\">zanesljivost na\u0161e celotne dobavne verige<\/strong>.<\/p><p data-start=\"1575\" data-end=\"1909\">Poleg tega lahko s centralizacijo ocen dobaviteljev, povratnih informacij o uspe\u0161nosti in evidenc o skladnosti ugotovimo prilo\u017enosti za izbolj\u0161ave in se hitreje odzovemo na morebitne te\u017eave s kakovostjo ali logistiko. To ustvarja bolj odporno in agilno dobavno omre\u017eje, ki je usklajeno s cilji dru\u017ebe STP Plastics glede inovacij in zadovoljstva strank.<\/p><p data-start=\"1911\" data-end=\"2176\">Na\u0161 portal za dobavitelje je ve\u010d kot le orodje - je zaveza, da skupaj ustvarimo bolj\u0161e izdelke. Ker \u0161e naprej rastemo, vabimo svoje dobavitelje, da postanejo del skupne poti k operativni odli\u010dnosti, pregledni komunikaciji in trajnostnemu uspehu.\u00a0<\/p><p data-start=\"1911\" data-end=\"2176\">\u00a0<\/p><p data-start=\"1911\" data-end=\"2176\">Ekipa ST Plastics<\/p>\t\t\t\t\t\t\t\t<\/div>\n\t\t\t\t<\/div>\n\t\t\t\t\t<\/div>\n\t\t\t\t<\/div>\n\t\t\t\t<\/div>","protected":false},"excerpt":{"rendered":"<p>Welcome to Our Supplier Portal Thank you for your interest in partnering with us.To help us route your registration efficiently, please select your supplier type from the dropdown menu below: Choose from the listRaw Material SupplierLogistics \/ Freight PartnerEquipment, Office &#038; Service Provider This will ensure your application reaches the appropriate team. Optimizing Product Quality [&hellip;]<\/p>\n","protected":false},"author":2,"featured_media":0,"parent":0,"menu_order":0,"comment_status":"closed","ping_status":"closed","template":"","meta":{"footnotes":""},"class_list":["post-2526","page","type-page","status-publish","hentry"],"blocksy_meta":[],"yoast_head":"<!-- This site is optimized with the Yoast SEO Premium plugin v26.4 (Yoast SEO v26.4) - https:\/\/yoast.com\/wordpress\/plugins\/seo\/ -->\n<title>Supplier Registration Thank You for Your Interest -<\/title>\n<meta name=\"description\" content=\"We appreciate your interest in joining our supply network. We\u2019ve received your submission and will review it shortly.\" \/>\n<meta name=\"robots\" content=\"index, follow, max-snippet:-1, max-image-preview:large, max-video-preview:-1\" \/>\n<link rel=\"canonical\" href=\"https:\/\/stp-extrusion.com\/sl\/supplier-portal\/\" \/>\n<meta property=\"og:locale\" content=\"sl_SI\" \/>\n<meta property=\"og:type\" content=\"article\" \/>\n<meta property=\"og:title\" content=\"Supplier Portal\" \/>\n<meta property=\"og:description\" content=\"We appreciate your interest in joining our supply network. We\u2019ve received your submission and will review it shortly.\" \/>\n<meta property=\"og:url\" content=\"https:\/\/stp-extrusion.com\/sl\/supplier-portal\/\" \/>\n<meta property=\"article:modified_time\" content=\"2025-07-10T05:39:04+00:00\" \/>\n<meta name=\"twitter:card\" content=\"summary_large_image\" \/>\n<meta name=\"twitter:label1\" content=\"Est. reading time\" \/>\n\t<meta name=\"twitter:data1\" content=\"2 minuti\" \/>\n<script type=\"application\/ld+json\" class=\"yoast-schema-graph\">{\"@context\":\"https:\/\/schema.org\",\"@graph\":[{\"@type\":\"WebPage\",\"@id\":\"https:\/\/stp-extrusion.com\/supplier-portal\/\",\"url\":\"https:\/\/stp-extrusion.com\/supplier-portal\/\",\"name\":\"Supplier Registration Thank You for Your Interest -\",\"isPartOf\":{\"@id\":\"https:\/\/stp-extrusion.com\/#website\"},\"datePublished\":\"2025-05-24T08:54:40+00:00\",\"dateModified\":\"2025-07-10T05:39:04+00:00\",\"description\":\"We appreciate your interest in joining our supply network. We\u2019ve received your submission and will review it shortly.\",\"breadcrumb\":{\"@id\":\"https:\/\/stp-extrusion.com\/supplier-portal\/#breadcrumb\"},\"inLanguage\":\"sl-SI\",\"potentialAction\":[{\"@type\":\"ReadAction\",\"target\":[\"https:\/\/stp-extrusion.com\/supplier-portal\/\"]}]},{\"@type\":\"BreadcrumbList\",\"@id\":\"https:\/\/stp-extrusion.com\/supplier-portal\/#breadcrumb\",\"itemListElement\":[{\"@type\":\"ListItem\",\"position\":1,\"name\":\"Home\",\"item\":\"https:\/\/stp-extrusion.com\/\"},{\"@type\":\"ListItem\",\"position\":2,\"name\":\"Supplier Portal\"}]},{\"@type\":\"WebSite\",\"@id\":\"https:\/\/stp-extrusion.com\/#website\",\"url\":\"https:\/\/stp-extrusion.com\/\",\"name\":\"STP-extrusion.com\",\"description\":\"\",\"publisher\":{\"@id\":\"https:\/\/stp-extrusion.com\/#organization\"},\"potentialAction\":[{\"@type\":\"SearchAction\",\"target\":{\"@type\":\"EntryPoint\",\"urlTemplate\":\"https:\/\/stp-extrusion.com\/?s={search_term_string}\"},\"query-input\":{\"@type\":\"PropertyValueSpecification\",\"valueRequired\":true,\"valueName\":\"search_term_string\"}}],\"inLanguage\":\"sl-SI\"},{\"@type\":\"Organization\",\"@id\":\"https:\/\/stp-extrusion.com\/#organization\",\"name\":\"ST Plastics\",\"url\":\"https:\/\/stp-extrusion.com\/\",\"logo\":{\"@type\":\"ImageObject\",\"inLanguage\":\"sl-SI\",\"@id\":\"https:\/\/stp-extrusion.com\/#\/schema\/logo\/image\/\",\"url\":\"\",\"contentUrl\":\"\",\"caption\":\"ST Plastics\"},\"image\":{\"@id\":\"https:\/\/stp-extrusion.com\/#\/schema\/logo\/image\/\"}}]}<\/script>\n<!-- \/ Yoast SEO Premium plugin. -->","yoast_head_json":{"title":"Supplier Registration Thank You for Your Interest -","description":"We appreciate your interest in joining our supply network. We\u2019ve received your submission and will review it shortly.","robots":{"index":"index","follow":"follow","max-snippet":"max-snippet:-1","max-image-preview":"max-image-preview:large","max-video-preview":"max-video-preview:-1"},"canonical":"https:\/\/stp-extrusion.com\/sl\/supplier-portal\/","og_locale":"sl_SI","og_type":"article","og_title":"Supplier Portal","og_description":"We appreciate your interest in joining our supply network. We\u2019ve received your submission and will review it shortly.","og_url":"https:\/\/stp-extrusion.com\/sl\/supplier-portal\/","article_modified_time":"2025-07-10T05:39:04+00:00","twitter_card":"summary_large_image","twitter_misc":{"Est. reading time":"2 minuti"},"schema":{"@context":"https:\/\/schema.org","@graph":[{"@type":"WebPage","@id":"https:\/\/stp-extrusion.com\/supplier-portal\/","url":"https:\/\/stp-extrusion.com\/supplier-portal\/","name":"Supplier Registration Thank You for Your Interest -","isPartOf":{"@id":"https:\/\/stp-extrusion.com\/#website"},"datePublished":"2025-05-24T08:54:40+00:00","dateModified":"2025-07-10T05:39:04+00:00","description":"We appreciate your interest in joining our supply network. We\u2019ve received your submission and will review it shortly.","breadcrumb":{"@id":"https:\/\/stp-extrusion.com\/supplier-portal\/#breadcrumb"},"inLanguage":"sl-SI","potentialAction":[{"@type":"ReadAction","target":["https:\/\/stp-extrusion.com\/supplier-portal\/"]}]},{"@type":"BreadcrumbList","@id":"https:\/\/stp-extrusion.com\/supplier-portal\/#breadcrumb","itemListElement":[{"@type":"ListItem","position":1,"name":"Home","item":"https:\/\/stp-extrusion.com\/"},{"@type":"ListItem","position":2,"name":"Supplier Portal"}]},{"@type":"WebSite","@id":"https:\/\/stp-extrusion.com\/#website","url":"https:\/\/stp-extrusion.com\/","name":"STP-extrusion.com","description":"","publisher":{"@id":"https:\/\/stp-extrusion.com\/#organization"},"potentialAction":[{"@type":"SearchAction","target":{"@type":"EntryPoint","urlTemplate":"https:\/\/stp-extrusion.com\/?s={search_term_string}"},"query-input":{"@type":"PropertyValueSpecification","valueRequired":true,"valueName":"search_term_string"}}],"inLanguage":"sl-SI"},{"@type":"Organization","@id":"https:\/\/stp-extrusion.com\/#organization","name":"ST Plastics","url":"https:\/\/stp-extrusion.com\/","logo":{"@type":"ImageObject","inLanguage":"sl-SI","@id":"https:\/\/stp-extrusion.com\/#\/schema\/logo\/image\/","url":"","contentUrl":"","caption":"ST Plastics"},"image":{"@id":"https:\/\/stp-extrusion.com\/#\/schema\/logo\/image\/"}}]}},"_links":{"self":[{"href":"https:\/\/stp-extrusion.com\/sl\/wp-json\/wp\/v2\/pages\/2526","targetHints":{"allow":["GET"]}}],"collection":[{"href":"https:\/\/stp-extrusion.com\/sl\/wp-json\/wp\/v2\/pages"}],"about":[{"href":"https:\/\/stp-extrusion.com\/sl\/wp-json\/wp\/v2\/types\/page"}],"author":[{"embeddable":true,"href":"https:\/\/stp-extrusion.com\/sl\/wp-json\/wp\/v2\/users\/2"}],"replies":[{"embeddable":true,"href":"https:\/\/stp-extrusion.com\/sl\/wp-json\/wp\/v2\/comments?post=2526"}],"version-history":[{"count":18,"href":"https:\/\/stp-extrusion.com\/sl\/wp-json\/wp\/v2\/pages\/2526\/revisions"}],"predecessor-version":[{"id":2635,"href":"https:\/\/stp-extrusion.com\/sl\/wp-json\/wp\/v2\/pages\/2526\/revisions\/2635"}],"wp:attachment":[{"href":"https:\/\/stp-extrusion.com\/sl\/wp-json\/wp\/v2\/media?parent=2526"}],"curies":[{"name":"wp","href":"https:\/\/api.w.org\/{rel}","templated":true}]}}