{"id":2261,"date":"2025-01-07T09:09:30","date_gmt":"2025-01-07T08:09:30","guid":{"rendered":"https:\/\/stp-extrusion.com\/?page_id=2261"},"modified":"2025-09-18T16:27:36","modified_gmt":"2025-09-18T14:27:36","slug":"blog","status":"publish","type":"page","link":"https:\/\/stp-extrusion.com\/sl\/blog\/","title":{"rendered":"Blog"},"content":{"rendered":"<div data-elementor-type=\"wp-page\" data-elementor-id=\"2261\" class=\"elementor elementor-2261\">\n\t\t\t\t<div class=\"elementor-element elementor-element-2da7e4c e-flex e-con-boxed e-con e-parent\" data-id=\"2da7e4c\" data-element_type=\"container\">\n\t\t\t\t\t<div class=\"e-con-inner\">\n\t\t\t\t<div class=\"elementor-element elementor-element-90bd063 elementor-widget elementor-widget-text-editor\" data-id=\"90bd063\" data-element_type=\"widget\" data-widget_type=\"text-editor.default\">\n\t\t\t\t<div class=\"elementor-widget-container\">\n\t\t\t\t\t\t\t\t\t<p data-start=\"112\" data-end=\"338\"><strong data-start=\"112\" data-end=\"160\">Zahvaljujemo se vam za obisk bloga ST Plastics!<\/strong><br data-start=\"160\" data-end=\"163\" \/>Na tem mestu delimo vpoglede, novosti in koristne posodobitve o <strong data-start=\"230\" data-end=\"278\">plasti\u010dni profili, cevi, izolacijski elementi<\/strong>in <strong data-start=\"284\" data-end=\"314\">proizvodne tehnologije<\/strong> s katerimi delamo vsak dan.<\/p><p data-start=\"340\" data-end=\"544\">Ne glede na to, ali ste v <strong data-start=\"358\" data-end=\"425\">gradbeni\u0161tvo, elektronika, transport ali pomorska industrija.<\/strong>, je na\u0161 blog namenjen strokovnjakom, ki i\u0161\u010dejo zanesljive re\u0161itve za materiale, nasvete za proizvodnjo ali nove ideje.<\/p><p data-start=\"546\" data-end=\"739\">Odkrijte, kako proizvajamo <strong data-start=\"574\" data-end=\"605\">prilagojeni plasti\u010dni profili<\/strong>, ponudba <strong data-start=\"613\" data-end=\"636\">mo\u017enosti koekstrudiranja<\/strong>in uporabite <strong data-start=\"648\" data-end=\"683\">lepila ali povr\u0161inske obdelave<\/strong> za izpolnjevanje potreb malih in velikih proizvodnih obratov.<\/p><p data-start=\"741\" data-end=\"835\">Bodite obve\u0161\u010deni, pridobite navdih in razi\u0161\u010dite svet <strong data-start=\"795\" data-end=\"826\">natan\u010dno iztiskanje plastike<\/strong> z nami.<\/p>\t\t\t\t\t\t\t\t<\/div>\n\t\t\t\t<\/div>\n\t\t\t\t\t<\/div>\n\t\t\t\t<\/div>\n\t\t<div class=\"elementor-element elementor-element-63e37e1 e-flex e-con-boxed e-con e-parent\" data-id=\"63e37e1\" data-element_type=\"container\">\n\t\t\t\t\t<div class=\"e-con-inner\">\n\t\t\t\t<div class=\"elementor-element elementor-element-2a5b4ce elementor-widget elementor-widget-spacer\" data-id=\"2a5b4ce\" data-element_type=\"widget\" data-widget_type=\"spacer.default\">\n\t\t\t\t<div class=\"elementor-widget-container\">\n\t\t\t\t\t\t\t<div class=\"elementor-spacer\">\n\t\t\t<div class=\"elementor-spacer-inner\"><\/div>\n\t\t<\/div>\n\t\t\t\t\t\t<\/div>\n\t\t\t\t<\/div>\n\t\t\t\t\t<\/div>\n\t\t\t\t<\/div>\n\t\t<div class=\"elementor-element elementor-element-5f4ee64 e-flex e-con-boxed e-con e-parent\" data-id=\"5f4ee64\" data-element_type=\"container\">\n\t\t\t\t\t<div class=\"e-con-inner\">\n\t\t\t\t\t<\/div>\n\t\t\t\t<\/div>\n\t\t\t\t<\/div>","protected":false},"excerpt":{"rendered":"<p>Thank you for visiting the ST Plastics Blog!Here, we share insights, innovations, and useful updates about the plastic profiles, tubes, insulating elements, and manufacturing technologies we work with every day. Whether you&#8217;re in construction, electronics, transportation, or marine industries, our blog is designed to support professionals looking for reliable material solutions, production tips, or new [&hellip;]<\/p>\n","protected":false},"author":1,"featured_media":0,"parent":0,"menu_order":0,"comment_status":"closed","ping_status":"closed","template":"","meta":{"footnotes":""},"class_list":["post-2261","page","type-page","status-publish","hentry"],"blocksy_meta":[],"yoast_head":"<!-- This site is optimized with the Yoast SEO Premium plugin v26.4 (Yoast SEO v26.4) - https:\/\/yoast.com\/wordpress\/plugins\/seo\/ -->\n<title>Extrusion Profile Tubes Technologie Explained -<\/title>\n<meta name=\"description\" content=\"Learn about extrusion profile tubes technologie and discover how we create customized plastic profiles and coextrusion options.\" \/>\n<meta name=\"robots\" content=\"index, follow, max-snippet:-1, max-image-preview:large, max-video-preview:-1\" \/>\n<link rel=\"canonical\" href=\"https:\/\/stp-extrusion.com\/sl\/blog\/\" \/>\n<meta property=\"og:locale\" content=\"sl_SI\" \/>\n<meta property=\"og:type\" content=\"article\" \/>\n<meta property=\"og:title\" content=\"Blog\" \/>\n<meta property=\"og:description\" content=\"Learn about extrusion profile tubes technologie and discover how we create customized plastic profiles and coextrusion options.\" \/>\n<meta property=\"og:url\" content=\"https:\/\/stp-extrusion.com\/sl\/blog\/\" \/>\n<meta property=\"article:modified_time\" content=\"2025-09-18T14:27:36+00:00\" \/>\n<meta name=\"twitter:card\" content=\"summary_large_image\" \/>\n<meta name=\"twitter:label1\" content=\"Est. reading time\" \/>\n\t<meta name=\"twitter:data1\" content=\"1 minuta\" \/>\n<script type=\"application\/ld+json\" class=\"yoast-schema-graph\">{\"@context\":\"https:\/\/schema.org\",\"@graph\":[{\"@type\":\"WebPage\",\"@id\":\"https:\/\/stp-extrusion.com\/blog\/\",\"url\":\"https:\/\/stp-extrusion.com\/blog\/\",\"name\":\"Extrusion Profile Tubes Technologie Explained -\",\"isPartOf\":{\"@id\":\"https:\/\/stp-extrusion.com\/#website\"},\"datePublished\":\"2025-01-07T08:09:30+00:00\",\"dateModified\":\"2025-09-18T14:27:36+00:00\",\"description\":\"Learn about extrusion profile tubes technologie and discover how we create customized plastic profiles and coextrusion options.\",\"breadcrumb\":{\"@id\":\"https:\/\/stp-extrusion.com\/blog\/#breadcrumb\"},\"inLanguage\":\"sl-SI\",\"potentialAction\":[{\"@type\":\"ReadAction\",\"target\":[\"https:\/\/stp-extrusion.com\/blog\/\"]}]},{\"@type\":\"BreadcrumbList\",\"@id\":\"https:\/\/stp-extrusion.com\/blog\/#breadcrumb\",\"itemListElement\":[{\"@type\":\"ListItem\",\"position\":1,\"name\":\"Home\",\"item\":\"https:\/\/stp-extrusion.com\/\"},{\"@type\":\"ListItem\",\"position\":2,\"name\":\"Blog\"}]},{\"@type\":\"WebSite\",\"@id\":\"https:\/\/stp-extrusion.com\/#website\",\"url\":\"https:\/\/stp-extrusion.com\/\",\"name\":\"STP-extrusion.com\",\"description\":\"\",\"publisher\":{\"@id\":\"https:\/\/stp-extrusion.com\/#organization\"},\"potentialAction\":[{\"@type\":\"SearchAction\",\"target\":{\"@type\":\"EntryPoint\",\"urlTemplate\":\"https:\/\/stp-extrusion.com\/?s={search_term_string}\"},\"query-input\":{\"@type\":\"PropertyValueSpecification\",\"valueRequired\":true,\"valueName\":\"search_term_string\"}}],\"inLanguage\":\"sl-SI\"},{\"@type\":\"Organization\",\"@id\":\"https:\/\/stp-extrusion.com\/#organization\",\"name\":\"ST Plastics\",\"url\":\"https:\/\/stp-extrusion.com\/\",\"logo\":{\"@type\":\"ImageObject\",\"inLanguage\":\"sl-SI\",\"@id\":\"https:\/\/stp-extrusion.com\/#\/schema\/logo\/image\/\",\"url\":\"\",\"contentUrl\":\"\",\"caption\":\"ST Plastics\"},\"image\":{\"@id\":\"https:\/\/stp-extrusion.com\/#\/schema\/logo\/image\/\"}}]}<\/script>\n<!-- \/ Yoast SEO Premium plugin. -->","yoast_head_json":{"title":"Extrusion Profile Tubes Technologie Explained -","description":"Learn about extrusion profile tubes technologie and discover how we create customized plastic profiles and coextrusion options.","robots":{"index":"index","follow":"follow","max-snippet":"max-snippet:-1","max-image-preview":"max-image-preview:large","max-video-preview":"max-video-preview:-1"},"canonical":"https:\/\/stp-extrusion.com\/sl\/blog\/","og_locale":"sl_SI","og_type":"article","og_title":"Blog","og_description":"Learn about extrusion profile tubes technologie and discover how we create customized plastic profiles and coextrusion options.","og_url":"https:\/\/stp-extrusion.com\/sl\/blog\/","article_modified_time":"2025-09-18T14:27:36+00:00","twitter_card":"summary_large_image","twitter_misc":{"Est. reading time":"1 minuta"},"schema":{"@context":"https:\/\/schema.org","@graph":[{"@type":"WebPage","@id":"https:\/\/stp-extrusion.com\/blog\/","url":"https:\/\/stp-extrusion.com\/blog\/","name":"Extrusion Profile Tubes Technologie Explained -","isPartOf":{"@id":"https:\/\/stp-extrusion.com\/#website"},"datePublished":"2025-01-07T08:09:30+00:00","dateModified":"2025-09-18T14:27:36+00:00","description":"Learn about extrusion profile tubes technologie and discover how we create customized plastic profiles and coextrusion options.","breadcrumb":{"@id":"https:\/\/stp-extrusion.com\/blog\/#breadcrumb"},"inLanguage":"sl-SI","potentialAction":[{"@type":"ReadAction","target":["https:\/\/stp-extrusion.com\/blog\/"]}]},{"@type":"BreadcrumbList","@id":"https:\/\/stp-extrusion.com\/blog\/#breadcrumb","itemListElement":[{"@type":"ListItem","position":1,"name":"Home","item":"https:\/\/stp-extrusion.com\/"},{"@type":"ListItem","position":2,"name":"Blog"}]},{"@type":"WebSite","@id":"https:\/\/stp-extrusion.com\/#website","url":"https:\/\/stp-extrusion.com\/","name":"STP-extrusion.com","description":"","publisher":{"@id":"https:\/\/stp-extrusion.com\/#organization"},"potentialAction":[{"@type":"SearchAction","target":{"@type":"EntryPoint","urlTemplate":"https:\/\/stp-extrusion.com\/?s={search_term_string}"},"query-input":{"@type":"PropertyValueSpecification","valueRequired":true,"valueName":"search_term_string"}}],"inLanguage":"sl-SI"},{"@type":"Organization","@id":"https:\/\/stp-extrusion.com\/#organization","name":"ST Plastics","url":"https:\/\/stp-extrusion.com\/","logo":{"@type":"ImageObject","inLanguage":"sl-SI","@id":"https:\/\/stp-extrusion.com\/#\/schema\/logo\/image\/","url":"","contentUrl":"","caption":"ST Plastics"},"image":{"@id":"https:\/\/stp-extrusion.com\/#\/schema\/logo\/image\/"}}]}},"_links":{"self":[{"href":"https:\/\/stp-extrusion.com\/sl\/wp-json\/wp\/v2\/pages\/2261","targetHints":{"allow":["GET"]}}],"collection":[{"href":"https:\/\/stp-extrusion.com\/sl\/wp-json\/wp\/v2\/pages"}],"about":[{"href":"https:\/\/stp-extrusion.com\/sl\/wp-json\/wp\/v2\/types\/page"}],"author":[{"embeddable":true,"href":"https:\/\/stp-extrusion.com\/sl\/wp-json\/wp\/v2\/users\/1"}],"replies":[{"embeddable":true,"href":"https:\/\/stp-extrusion.com\/sl\/wp-json\/wp\/v2\/comments?post=2261"}],"version-history":[{"count":28,"href":"https:\/\/stp-extrusion.com\/sl\/wp-json\/wp\/v2\/pages\/2261\/revisions"}],"predecessor-version":[{"id":3166,"href":"https:\/\/stp-extrusion.com\/sl\/wp-json\/wp\/v2\/pages\/2261\/revisions\/3166"}],"wp:attachment":[{"href":"https:\/\/stp-extrusion.com\/sl\/wp-json\/wp\/v2\/media?parent=2261"}],"curies":[{"name":"wp","href":"https:\/\/api.w.org\/{rel}","templated":true}]}}