{"id":2653,"date":"2025-05-24T16:50:02","date_gmt":"2025-05-24T14:50:02","guid":{"rendered":"https:\/\/stp-extrusion.com\/?page_id=2653"},"modified":"2025-07-10T07:24:47","modified_gmt":"2025-07-10T05:24:47","slug":"thank-you-for-registering-as-a-raw-material-supplier","status":"publish","type":"page","link":"https:\/\/stp-extrusion.com\/sk\/thank-you-for-registering-as-a-raw-material-supplier\/","title":{"rendered":"\u010eakujeme, \u017ee ste sa zaregistrovali ako dod\u00e1vate\u013e surov\u00edn"},"content":{"rendered":"<div data-elementor-type=\"wp-page\" data-elementor-id=\"2653\" class=\"elementor elementor-2653\">\n\t\t\t\t<div class=\"elementor-element elementor-element-12c0f68 e-flex e-con-boxed e-con e-parent\" data-id=\"12c0f68\" data-element_type=\"container\">\n\t\t\t\t\t<div class=\"e-con-inner\">\n\t\t\t\t<div class=\"elementor-element elementor-element-a0c6ee8 elementor-widget elementor-widget-text-editor\" data-id=\"a0c6ee8\" data-element_type=\"widget\" data-widget_type=\"text-editor.default\">\n\t\t\t\t<div class=\"elementor-widget-container\">\n\t\t\t\t\t\t\t\t\t<div class=\"\"><p class=\"\" data-start=\"201\" data-end=\"328\">\u010eakujeme v\u00e1m za zaslanie \u00fadajov o va\u0161ej spolo\u010dnosti a vyjadrenie z\u00e1ujmu sta\u0165 sa dod\u00e1vate\u013eom surov\u00edn pre na\u0161u spolo\u010dnos\u0165.<\/p><p class=\"\" data-start=\"330\" data-end=\"596\">Va\u0161a registr\u00e1cia bola \u00faspe\u0161ne prijat\u00e1 a v s\u00fa\u010dasnosti ju preveruj\u00fa na\u0161e t\u00edmy pre verejn\u00e9 obstar\u00e1vanie a v\u00fdskum a v\u00fdvoj. Ak sa va\u0161e portf\u00f3lio v\u00fdrobkov zhoduje s na\u0161imi materi\u00e1lov\u00fdmi po\u017eiadavkami, budeme v\u00e1s kontaktova\u0165 a vy\u017eiadame si cenov\u00e9 ponuky, technick\u00e9 listy alebo \u010fal\u0161ie podrobnosti.<\/p><p class=\"\" data-start=\"598\" data-end=\"691\">Sna\u017e\u00edme sa budova\u0165 dlhodob\u00e9 partnerstv\u00e1 so spo\u013eahliv\u00fdmi dod\u00e1vate\u013emi, ktor\u00ed sa zameriavaj\u00fa na kvalitu.<\/p><\/div>\t\t\t\t\t\t\t\t<\/div>\n\t\t\t\t<\/div>\n\t\t\t\t\t<\/div>\n\t\t\t\t<\/div>\n\t\t\t\t<\/div>","protected":false},"excerpt":{"rendered":"<p>Thank you for submitting your company details and expressing your interest in becoming a raw material supplier for our company. Your registration has been successfully received and is currently under review by our procurement and R&amp;D teams. Should your product portfolio align with our material requirements, we will contact you to request quotations, technical data [&hellip;]<\/p>\n","protected":false},"author":2,"featured_media":0,"parent":0,"menu_order":0,"comment_status":"closed","ping_status":"closed","template":"","meta":{"footnotes":""},"class_list":["post-2653","page","type-page","status-publish","hentry"],"blocksy_meta":[],"yoast_head":"<!-- This site is optimized with the Yoast SEO Premium plugin v26.4 (Yoast SEO v26.4) - https:\/\/yoast.com\/wordpress\/plugins\/seo\/ -->\n<title>Registration Supplier Material: Next Steps Explained -<\/title>\n<meta name=\"description\" content=\"Your registration as a material supplier has been received. Learn about the next steps in becoming a trusted partner.\" \/>\n<meta name=\"robots\" content=\"index, follow, max-snippet:-1, max-image-preview:large, max-video-preview:-1\" \/>\n<link rel=\"canonical\" href=\"https:\/\/stp-extrusion.com\/sk\/thank-you-for-registering-as-a-raw-material-supplier\/\" \/>\n<meta property=\"og:locale\" content=\"sk_SK\" \/>\n<meta property=\"og:type\" content=\"article\" \/>\n<meta property=\"og:title\" content=\"Thank You for Registering as a Raw Material Supplier\" \/>\n<meta property=\"og:description\" content=\"Your registration as a material supplier has been received. Learn about the next steps in becoming a trusted partner.\" \/>\n<meta property=\"og:url\" content=\"https:\/\/stp-extrusion.com\/sk\/thank-you-for-registering-as-a-raw-material-supplier\/\" \/>\n<meta property=\"article:modified_time\" content=\"2025-07-10T05:24:47+00:00\" \/>\n<meta name=\"twitter:card\" content=\"summary_large_image\" \/>\n<meta name=\"twitter:label1\" content=\"Predpokladan\u00fd \u010das \u010d\u00edtania\" \/>\n\t<meta name=\"twitter:data1\" content=\"1 min\u00fata\" \/>\n<script type=\"application\/ld+json\" class=\"yoast-schema-graph\">{\"@context\":\"https:\/\/schema.org\",\"@graph\":[{\"@type\":\"WebPage\",\"@id\":\"https:\/\/stp-extrusion.com\/thank-you-for-registering-as-a-raw-material-supplier\/\",\"url\":\"https:\/\/stp-extrusion.com\/thank-you-for-registering-as-a-raw-material-supplier\/\",\"name\":\"Registration Supplier Material: Next Steps Explained -\",\"isPartOf\":{\"@id\":\"https:\/\/stp-extrusion.com\/#website\"},\"datePublished\":\"2025-05-24T14:50:02+00:00\",\"dateModified\":\"2025-07-10T05:24:47+00:00\",\"description\":\"Your registration as a material supplier has been received. Learn about the next steps in becoming a trusted partner.\",\"breadcrumb\":{\"@id\":\"https:\/\/stp-extrusion.com\/thank-you-for-registering-as-a-raw-material-supplier\/#breadcrumb\"},\"inLanguage\":\"sk-SK\",\"potentialAction\":[{\"@type\":\"ReadAction\",\"target\":[\"https:\/\/stp-extrusion.com\/thank-you-for-registering-as-a-raw-material-supplier\/\"]}]},{\"@type\":\"BreadcrumbList\",\"@id\":\"https:\/\/stp-extrusion.com\/thank-you-for-registering-as-a-raw-material-supplier\/#breadcrumb\",\"itemListElement\":[{\"@type\":\"ListItem\",\"position\":1,\"name\":\"Home\",\"item\":\"https:\/\/stp-extrusion.com\/\"},{\"@type\":\"ListItem\",\"position\":2,\"name\":\"Thank You for Registering as a Raw Material Supplier\"}]},{\"@type\":\"WebSite\",\"@id\":\"https:\/\/stp-extrusion.com\/#website\",\"url\":\"https:\/\/stp-extrusion.com\/\",\"name\":\"STP-extrusion.com\",\"description\":\"\",\"publisher\":{\"@id\":\"https:\/\/stp-extrusion.com\/#organization\"},\"potentialAction\":[{\"@type\":\"SearchAction\",\"target\":{\"@type\":\"EntryPoint\",\"urlTemplate\":\"https:\/\/stp-extrusion.com\/?s={search_term_string}\"},\"query-input\":{\"@type\":\"PropertyValueSpecification\",\"valueRequired\":true,\"valueName\":\"search_term_string\"}}],\"inLanguage\":\"sk-SK\"},{\"@type\":\"Organization\",\"@id\":\"https:\/\/stp-extrusion.com\/#organization\",\"name\":\"ST Plastics\",\"url\":\"https:\/\/stp-extrusion.com\/\",\"logo\":{\"@type\":\"ImageObject\",\"inLanguage\":\"sk-SK\",\"@id\":\"https:\/\/stp-extrusion.com\/#\/schema\/logo\/image\/\",\"url\":\"\",\"contentUrl\":\"\",\"caption\":\"ST Plastics\"},\"image\":{\"@id\":\"https:\/\/stp-extrusion.com\/#\/schema\/logo\/image\/\"}}]}<\/script>\n<!-- \/ Yoast SEO Premium plugin. -->","yoast_head_json":{"title":"Registr\u00e1cia Dod\u00e1vate\u013e materi\u00e1lu: Vysvetlenie \u010fal\u0161\u00edch krokov -","description":"Va\u0161a registr\u00e1cia ako dod\u00e1vate\u013ea materi\u00e1lu bola prijat\u00e1. Pre\u010d\u00edtajte si \u010fal\u0161ie kroky, ako sa sta\u0165 d\u00f4veryhodn\u00fdm partnerom.","robots":{"index":"index","follow":"follow","max-snippet":"max-snippet:-1","max-image-preview":"max-image-preview:large","max-video-preview":"max-video-preview:-1"},"canonical":"https:\/\/stp-extrusion.com\/sk\/thank-you-for-registering-as-a-raw-material-supplier\/","og_locale":"sk_SK","og_type":"article","og_title":"Thank You for Registering as a Raw Material Supplier","og_description":"Your registration as a material supplier has been received. Learn about the next steps in becoming a trusted partner.","og_url":"https:\/\/stp-extrusion.com\/sk\/thank-you-for-registering-as-a-raw-material-supplier\/","article_modified_time":"2025-07-10T05:24:47+00:00","twitter_card":"summary_large_image","twitter_misc":{"Predpokladan\u00fd \u010das \u010d\u00edtania":"1 min\u00fata"},"schema":{"@context":"https:\/\/schema.org","@graph":[{"@type":"WebPage","@id":"https:\/\/stp-extrusion.com\/thank-you-for-registering-as-a-raw-material-supplier\/","url":"https:\/\/stp-extrusion.com\/thank-you-for-registering-as-a-raw-material-supplier\/","name":"Registr\u00e1cia Dod\u00e1vate\u013e materi\u00e1lu: Vysvetlenie \u010fal\u0161\u00edch krokov -","isPartOf":{"@id":"https:\/\/stp-extrusion.com\/#website"},"datePublished":"2025-05-24T14:50:02+00:00","dateModified":"2025-07-10T05:24:47+00:00","description":"Va\u0161a registr\u00e1cia ako dod\u00e1vate\u013ea materi\u00e1lu bola prijat\u00e1. Pre\u010d\u00edtajte si \u010fal\u0161ie kroky, ako sa sta\u0165 d\u00f4veryhodn\u00fdm partnerom.","breadcrumb":{"@id":"https:\/\/stp-extrusion.com\/thank-you-for-registering-as-a-raw-material-supplier\/#breadcrumb"},"inLanguage":"sk-SK","potentialAction":[{"@type":"ReadAction","target":["https:\/\/stp-extrusion.com\/thank-you-for-registering-as-a-raw-material-supplier\/"]}]},{"@type":"BreadcrumbList","@id":"https:\/\/stp-extrusion.com\/thank-you-for-registering-as-a-raw-material-supplier\/#breadcrumb","itemListElement":[{"@type":"ListItem","position":1,"name":"Home","item":"https:\/\/stp-extrusion.com\/"},{"@type":"ListItem","position":2,"name":"Thank You for Registering as a Raw Material Supplier"}]},{"@type":"WebSite","@id":"https:\/\/stp-extrusion.com\/#website","url":"https:\/\/stp-extrusion.com\/","name":"STP-extrusion.com","description":"","publisher":{"@id":"https:\/\/stp-extrusion.com\/#organization"},"potentialAction":[{"@type":"SearchAction","target":{"@type":"EntryPoint","urlTemplate":"https:\/\/stp-extrusion.com\/?s={search_term_string}"},"query-input":{"@type":"PropertyValueSpecification","valueRequired":true,"valueName":"search_term_string"}}],"inLanguage":"sk-SK"},{"@type":"Organization","@id":"https:\/\/stp-extrusion.com\/#organization","name":"ST Plastics","url":"https:\/\/stp-extrusion.com\/","logo":{"@type":"ImageObject","inLanguage":"sk-SK","@id":"https:\/\/stp-extrusion.com\/#\/schema\/logo\/image\/","url":"","contentUrl":"","caption":"ST Plastics"},"image":{"@id":"https:\/\/stp-extrusion.com\/#\/schema\/logo\/image\/"}}]}},"_links":{"self":[{"href":"https:\/\/stp-extrusion.com\/sk\/wp-json\/wp\/v2\/pages\/2653","targetHints":{"allow":["GET"]}}],"collection":[{"href":"https:\/\/stp-extrusion.com\/sk\/wp-json\/wp\/v2\/pages"}],"about":[{"href":"https:\/\/stp-extrusion.com\/sk\/wp-json\/wp\/v2\/types\/page"}],"author":[{"embeddable":true,"href":"https:\/\/stp-extrusion.com\/sk\/wp-json\/wp\/v2\/users\/2"}],"replies":[{"embeddable":true,"href":"https:\/\/stp-extrusion.com\/sk\/wp-json\/wp\/v2\/comments?post=2653"}],"version-history":[{"count":4,"href":"https:\/\/stp-extrusion.com\/sk\/wp-json\/wp\/v2\/pages\/2653\/revisions"}],"predecessor-version":[{"id":2659,"href":"https:\/\/stp-extrusion.com\/sk\/wp-json\/wp\/v2\/pages\/2653\/revisions\/2659"}],"wp:attachment":[{"href":"https:\/\/stp-extrusion.com\/sk\/wp-json\/wp\/v2\/media?parent=2653"}],"curies":[{"name":"wp","href":"https:\/\/api.w.org\/{rel}","templated":true}]}}