{"id":2583,"date":"2025-05-24T13:56:58","date_gmt":"2025-05-24T11:56:58","guid":{"rendered":"https:\/\/stp-extrusion.com\/?page_id=2583"},"modified":"2025-07-10T07:18:08","modified_gmt":"2025-07-10T05:18:08","slug":"thank-you-for-registering-as-a-logistics-partner","status":"publish","type":"page","link":"https:\/\/stp-extrusion.com\/sk\/thank-you-for-registering-as-a-logistics-partner\/","title":{"rendered":"\u010eakujeme, \u017ee ste sa zaregistrovali ako logistick\u00fd partner"},"content":{"rendered":"<div data-elementor-type=\"wp-page\" data-elementor-id=\"2583\" class=\"elementor elementor-2583\">\n\t\t\t\t<div class=\"elementor-element elementor-element-46f965e e-flex e-con-boxed e-con e-parent\" data-id=\"46f965e\" data-element_type=\"container\">\n\t\t\t\t\t<div class=\"e-con-inner\">\n\t\t\t\t<div class=\"elementor-element elementor-element-217ba29 elementor-widget elementor-widget-text-editor\" data-id=\"217ba29\" data-element_type=\"widget\" data-widget_type=\"text-editor.default\">\n\t\t\t\t<div class=\"elementor-widget-container\">\n\t\t\t\t\t\t\t\t\t<p data-start=\"206\" data-end=\"296\"><strong data-start=\"206\" data-end=\"296\">\u010eakujeme v\u00e1m za v\u00e1\u0161 z\u00e1ujem sta\u0165 sa logistick\u00fdm alebo prepravn\u00fdm partnerom na\u0161ej spolo\u010dnosti.<\/strong><\/p><p data-start=\"298\" data-end=\"563\">\u00daprimne oce\u0148ujeme \u010das a \u00fasilie, ktor\u00e9 ste vynalo\u017eili na predlo\u017eenie inform\u00e1ci\u00ed o va\u0161ej spolo\u010dnosti a vyjadrenie ochoty spolupracova\u0165 s nami. Va\u0161a registr\u00e1cia bola \u00faspe\u0161ne prijat\u00e1 a bude starostlivo pos\u00faden\u00e1 na\u0161imi oddeleniami logistiky a obstar\u00e1vania.<\/p>\t\t\t\t\t\t\t\t<\/div>\n\t\t\t\t<\/div>\n\t\t\t\t\t<\/div>\n\t\t\t\t<\/div>\n\t\t<div class=\"elementor-element elementor-element-d607c45 e-flex e-con-boxed e-con e-parent\" data-id=\"d607c45\" data-element_type=\"container\">\n\t\t\t\t\t<div class=\"e-con-inner\">\n\t\t\t\t<div class=\"elementor-element elementor-element-89d603d elementor-widget elementor-widget-text-editor\" data-id=\"89d603d\" data-element_type=\"widget\" data-widget_type=\"text-editor.default\">\n\t\t\t\t<div class=\"elementor-widget-container\">\n\t\t\t\t\t\t\t\t\t<p data-start=\"565\" data-end=\"945\">Ke\u010f\u017ee sa neust\u00e1le sna\u017e\u00edme roz\u0161irova\u0165 a zdokona\u013eova\u0165 na\u0161u prepravn\u00fa sie\u0165, neust\u00e1le h\u013ead\u00e1me spo\u013eahliv\u00fdch, flexibiln\u00fdch a profesion\u00e1lnych logistick\u00fdch partnerov, ktor\u00ed n\u00e1m pom\u00f4\u017eu dod\u00e1va\u0165 tovar bezpe\u010dne, efekt\u00edvne a na\u010das. Ak va\u0161e slu\u017eby zodpovedaj\u00fa na\u0161im s\u00fa\u010dasn\u00fdm alebo bud\u00facim prepravn\u00fdm potreb\u00e1m, budeme v\u00e1s priamo kontaktova\u0165 s pr\u00edslu\u0161n\u00fdmi po\u017eiadavkami na prepravu tovaru alebo \u017eiados\u0165ami o cenov\u00fa ponuku.<\/p><p data-start=\"947\" data-end=\"1165\">Upozor\u0148ujeme, \u017ee prioritou je pre n\u00e1s dlhodob\u00e1 spolupr\u00e1ca zalo\u017een\u00e1 na transparentnosti, dochv\u00ed\u013enosti a vz\u00e1jomnej d\u00f4vere. Aj v pr\u00edpade, \u017ee sa bezprostredne nevyskytne \u017eiadna pr\u00edle\u017eitos\u0165, va\u0161e \u00fadaje zostan\u00fa v na\u0161ej datab\u00e1ze dod\u00e1vate\u013eov pre bud\u00face pou\u017eitie.<\/p><p data-start=\"1167\" data-end=\"1265\">Te\u0161\u00edme sa na mo\u017enos\u0165 spolupr\u00e1ce a budovania siln\u00e9ho a trval\u00e9ho partnerstva.<\/p>\t\t\t\t\t\t\t\t<\/div>\n\t\t\t\t<\/div>\n\t\t\t\t\t<\/div>\n\t\t\t\t<\/div>\n\t\t<div class=\"elementor-element elementor-element-0daceca e-flex e-con-boxed e-con e-parent\" data-id=\"0daceca\" data-element_type=\"container\">\n\t\t\t\t\t<div class=\"e-con-inner\">\n\t\t\t\t<div class=\"elementor-element elementor-element-c9647e0 elementor-widget elementor-widget-button\" data-id=\"c9647e0\" data-element_type=\"widget\" data-widget_type=\"button.default\">\n\t\t\t\t<div class=\"elementor-widget-container\">\n\t\t\t\t\t\t\t\t\t<div class=\"elementor-button-wrapper\">\n\t\t\t\t\t<a class=\"elementor-button elementor-button-link elementor-size-sm\" href=\"https:\/\/stp-extrusion.com\/sk\/\">\n\t\t\t\t\t\t<span class=\"elementor-button-content-wrapper\">\n\t\t\t\t\t\t\t\t\t<span class=\"elementor-button-text\">Sp\u00e4\u0165 na hlavn\u00fa str\u00e1nku<\/span>\n\t\t\t\t\t<\/span>\n\t\t\t\t\t<\/a>\n\t\t\t\t<\/div>\n\t\t\t\t\t\t\t\t<\/div>\n\t\t\t\t<\/div>\n\t\t\t\t\t<\/div>\n\t\t\t\t<\/div>\n\t\t\t\t<\/div>","protected":false},"excerpt":{"rendered":"<p>Thank you for your interest in becoming a logistics or freight partner of our company. We sincerely appreciate the time and effort you took to submit your company information and express your willingness to cooperate with us. Your registration has been successfully received and will be carefully evaluated by our logistics and procurement departments. As [&hellip;]<\/p>\n","protected":false},"author":2,"featured_media":0,"parent":0,"menu_order":0,"comment_status":"closed","ping_status":"closed","template":"","meta":{"footnotes":""},"class_list":["post-2583","page","type-page","status-publish","hentry"],"blocksy_meta":[],"yoast_head":"<!-- This site is optimized with the Yoast SEO Premium plugin v26.4 (Yoast SEO v26.4) - https:\/\/yoast.com\/wordpress\/plugins\/seo\/ -->\n<title>Logistic Partner Registration: Complete Guide -<\/title>\n<meta name=\"description\" content=\"Explore the benefits of becoming a logistic partner. Join us for potential cooperation based on trust and reliability.\" \/>\n<meta name=\"robots\" content=\"index, follow, max-snippet:-1, max-image-preview:large, max-video-preview:-1\" \/>\n<link rel=\"canonical\" href=\"https:\/\/stp-extrusion.com\/sk\/thank-you-for-registering-as-a-logistics-partner\/\" \/>\n<meta property=\"og:locale\" content=\"sk_SK\" \/>\n<meta property=\"og:type\" content=\"article\" \/>\n<meta property=\"og:title\" content=\"Thank You for Registering as a Logistics Partner\" \/>\n<meta property=\"og:description\" content=\"Explore the benefits of becoming a logistic partner. Join us for potential cooperation based on trust and reliability.\" \/>\n<meta property=\"og:url\" content=\"https:\/\/stp-extrusion.com\/sk\/thank-you-for-registering-as-a-logistics-partner\/\" \/>\n<meta property=\"article:modified_time\" content=\"2025-07-10T05:18:08+00:00\" \/>\n<meta name=\"twitter:card\" content=\"summary_large_image\" \/>\n<meta name=\"twitter:label1\" content=\"Predpokladan\u00fd \u010das \u010d\u00edtania\" \/>\n\t<meta name=\"twitter:data1\" content=\"1 min\u00fata\" \/>\n<script type=\"application\/ld+json\" class=\"yoast-schema-graph\">{\"@context\":\"https:\/\/schema.org\",\"@graph\":[{\"@type\":\"WebPage\",\"@id\":\"https:\/\/stp-extrusion.com\/thank-you-for-registering-as-a-logistics-partner\/\",\"url\":\"https:\/\/stp-extrusion.com\/thank-you-for-registering-as-a-logistics-partner\/\",\"name\":\"Logistic Partner Registration: Complete Guide -\",\"isPartOf\":{\"@id\":\"https:\/\/stp-extrusion.com\/#website\"},\"datePublished\":\"2025-05-24T11:56:58+00:00\",\"dateModified\":\"2025-07-10T05:18:08+00:00\",\"description\":\"Explore the benefits of becoming a logistic partner. Join us for potential cooperation based on trust and reliability.\",\"breadcrumb\":{\"@id\":\"https:\/\/stp-extrusion.com\/thank-you-for-registering-as-a-logistics-partner\/#breadcrumb\"},\"inLanguage\":\"sk-SK\",\"potentialAction\":[{\"@type\":\"ReadAction\",\"target\":[\"https:\/\/stp-extrusion.com\/thank-you-for-registering-as-a-logistics-partner\/\"]}]},{\"@type\":\"BreadcrumbList\",\"@id\":\"https:\/\/stp-extrusion.com\/thank-you-for-registering-as-a-logistics-partner\/#breadcrumb\",\"itemListElement\":[{\"@type\":\"ListItem\",\"position\":1,\"name\":\"Home\",\"item\":\"https:\/\/stp-extrusion.com\/\"},{\"@type\":\"ListItem\",\"position\":2,\"name\":\"Thank You for Registering as a Logistics Partner\"}]},{\"@type\":\"WebSite\",\"@id\":\"https:\/\/stp-extrusion.com\/#website\",\"url\":\"https:\/\/stp-extrusion.com\/\",\"name\":\"STP-extrusion.com\",\"description\":\"\",\"publisher\":{\"@id\":\"https:\/\/stp-extrusion.com\/#organization\"},\"potentialAction\":[{\"@type\":\"SearchAction\",\"target\":{\"@type\":\"EntryPoint\",\"urlTemplate\":\"https:\/\/stp-extrusion.com\/?s={search_term_string}\"},\"query-input\":{\"@type\":\"PropertyValueSpecification\",\"valueRequired\":true,\"valueName\":\"search_term_string\"}}],\"inLanguage\":\"sk-SK\"},{\"@type\":\"Organization\",\"@id\":\"https:\/\/stp-extrusion.com\/#organization\",\"name\":\"ST Plastics\",\"url\":\"https:\/\/stp-extrusion.com\/\",\"logo\":{\"@type\":\"ImageObject\",\"inLanguage\":\"sk-SK\",\"@id\":\"https:\/\/stp-extrusion.com\/#\/schema\/logo\/image\/\",\"url\":\"\",\"contentUrl\":\"\",\"caption\":\"ST Plastics\"},\"image\":{\"@id\":\"https:\/\/stp-extrusion.com\/#\/schema\/logo\/image\/\"}}]}<\/script>\n<!-- \/ Yoast SEO Premium plugin. -->","yoast_head_json":{"title":"Logistic Partner Registration: Complete Guide -","description":"Explore the benefits of becoming a logistic partner. Join us for potential cooperation based on trust and reliability.","robots":{"index":"index","follow":"follow","max-snippet":"max-snippet:-1","max-image-preview":"max-image-preview:large","max-video-preview":"max-video-preview:-1"},"canonical":"https:\/\/stp-extrusion.com\/sk\/thank-you-for-registering-as-a-logistics-partner\/","og_locale":"sk_SK","og_type":"article","og_title":"Thank You for Registering as a Logistics Partner","og_description":"Explore the benefits of becoming a logistic partner. Join us for potential cooperation based on trust and reliability.","og_url":"https:\/\/stp-extrusion.com\/sk\/thank-you-for-registering-as-a-logistics-partner\/","article_modified_time":"2025-07-10T05:18:08+00:00","twitter_card":"summary_large_image","twitter_misc":{"Predpokladan\u00fd \u010das \u010d\u00edtania":"1 min\u00fata"},"schema":{"@context":"https:\/\/schema.org","@graph":[{"@type":"WebPage","@id":"https:\/\/stp-extrusion.com\/thank-you-for-registering-as-a-logistics-partner\/","url":"https:\/\/stp-extrusion.com\/thank-you-for-registering-as-a-logistics-partner\/","name":"Logistic Partner Registration: Complete Guide -","isPartOf":{"@id":"https:\/\/stp-extrusion.com\/#website"},"datePublished":"2025-05-24T11:56:58+00:00","dateModified":"2025-07-10T05:18:08+00:00","description":"Explore the benefits of becoming a logistic partner. Join us for potential cooperation based on trust and reliability.","breadcrumb":{"@id":"https:\/\/stp-extrusion.com\/thank-you-for-registering-as-a-logistics-partner\/#breadcrumb"},"inLanguage":"sk-SK","potentialAction":[{"@type":"ReadAction","target":["https:\/\/stp-extrusion.com\/thank-you-for-registering-as-a-logistics-partner\/"]}]},{"@type":"BreadcrumbList","@id":"https:\/\/stp-extrusion.com\/thank-you-for-registering-as-a-logistics-partner\/#breadcrumb","itemListElement":[{"@type":"ListItem","position":1,"name":"Home","item":"https:\/\/stp-extrusion.com\/"},{"@type":"ListItem","position":2,"name":"Thank You for Registering as a Logistics Partner"}]},{"@type":"WebSite","@id":"https:\/\/stp-extrusion.com\/#website","url":"https:\/\/stp-extrusion.com\/","name":"STP-extrusion.com","description":"","publisher":{"@id":"https:\/\/stp-extrusion.com\/#organization"},"potentialAction":[{"@type":"SearchAction","target":{"@type":"EntryPoint","urlTemplate":"https:\/\/stp-extrusion.com\/?s={search_term_string}"},"query-input":{"@type":"PropertyValueSpecification","valueRequired":true,"valueName":"search_term_string"}}],"inLanguage":"sk-SK"},{"@type":"Organization","@id":"https:\/\/stp-extrusion.com\/#organization","name":"ST Plastics","url":"https:\/\/stp-extrusion.com\/","logo":{"@type":"ImageObject","inLanguage":"sk-SK","@id":"https:\/\/stp-extrusion.com\/#\/schema\/logo\/image\/","url":"","contentUrl":"","caption":"ST Plastics"},"image":{"@id":"https:\/\/stp-extrusion.com\/#\/schema\/logo\/image\/"}}]}},"_links":{"self":[{"href":"https:\/\/stp-extrusion.com\/sk\/wp-json\/wp\/v2\/pages\/2583","targetHints":{"allow":["GET"]}}],"collection":[{"href":"https:\/\/stp-extrusion.com\/sk\/wp-json\/wp\/v2\/pages"}],"about":[{"href":"https:\/\/stp-extrusion.com\/sk\/wp-json\/wp\/v2\/types\/page"}],"author":[{"embeddable":true,"href":"https:\/\/stp-extrusion.com\/sk\/wp-json\/wp\/v2\/users\/2"}],"replies":[{"embeddable":true,"href":"https:\/\/stp-extrusion.com\/sk\/wp-json\/wp\/v2\/comments?post=2583"}],"version-history":[{"count":13,"href":"https:\/\/stp-extrusion.com\/sk\/wp-json\/wp\/v2\/pages\/2583\/revisions"}],"predecessor-version":[{"id":2823,"href":"https:\/\/stp-extrusion.com\/sk\/wp-json\/wp\/v2\/pages\/2583\/revisions\/2823"}],"wp:attachment":[{"href":"https:\/\/stp-extrusion.com\/sk\/wp-json\/wp\/v2\/media?parent=2583"}],"curies":[{"name":"wp","href":"https:\/\/api.w.org\/{rel}","templated":true}]}}