{"id":2261,"date":"2025-01-07T09:09:30","date_gmt":"2025-01-07T08:09:30","guid":{"rendered":"https:\/\/stp-extrusion.com\/?page_id=2261"},"modified":"2025-09-18T16:27:36","modified_gmt":"2025-09-18T14:27:36","slug":"blog","status":"publish","type":"page","link":"https:\/\/stp-extrusion.com\/sk\/blog\/","title":{"rendered":"Blog"},"content":{"rendered":"<div data-elementor-type=\"wp-page\" data-elementor-id=\"2261\" class=\"elementor elementor-2261\">\n\t\t\t\t<div class=\"elementor-element elementor-element-2da7e4c e-flex e-con-boxed e-con e-parent\" data-id=\"2da7e4c\" data-element_type=\"container\">\n\t\t\t\t\t<div class=\"e-con-inner\">\n\t\t\t\t<div class=\"elementor-element elementor-element-90bd063 elementor-widget elementor-widget-text-editor\" data-id=\"90bd063\" data-element_type=\"widget\" data-widget_type=\"text-editor.default\">\n\t\t\t\t<div class=\"elementor-widget-container\">\n\t\t\t\t\t\t\t\t\t<p data-start=\"112\" data-end=\"338\"><strong data-start=\"112\" data-end=\"160\">\u010eakujeme v\u00e1m za n\u00e1v\u0161tevu blogu ST Plastics!<\/strong><br data-start=\"160\" data-end=\"163\" \/>Tu sa podel\u00edme o postrehy, inov\u00e1cie a u\u017eito\u010dn\u00e9 novinky t\u00fdkaj\u00face sa <strong data-start=\"230\" data-end=\"278\">plastov\u00e9 profily, r\u00farky, izola\u010dn\u00e9 prvky<\/strong>a <strong data-start=\"284\" data-end=\"314\">v\u00fdrobn\u00e9 technol\u00f3gie<\/strong> s ktor\u00fdmi pracujeme ka\u017ed\u00fd de\u0148.<\/p><p data-start=\"340\" data-end=\"544\">\u010ci u\u017e ste v <strong data-start=\"358\" data-end=\"425\">stavebn\u00edctvo, elektronika, doprava alebo n\u00e1morn\u00fd priemysel<\/strong>, n\u00e1\u0161 blog je ur\u010den\u00fd na podporu profesion\u00e1lov, ktor\u00ed h\u013eadaj\u00fa spo\u013eahliv\u00e9 materi\u00e1lov\u00e9 rie\u0161enia, v\u00fdrobn\u00e9 tipy alebo nov\u00e9 n\u00e1pady.<\/p><p data-start=\"546\" data-end=\"739\">Zistite, ako vyr\u00e1bame <strong data-start=\"574\" data-end=\"605\">plastov\u00e9 profily na mieru<\/strong>, ponuka <strong data-start=\"613\" data-end=\"636\">mo\u017enosti koextr\u00fazie<\/strong>a pou\u017ei\u0165 <strong data-start=\"648\" data-end=\"683\">lepidl\u00e1 alebo povrchov\u00e9 \u00fapravy<\/strong> na uspokojenie potrieb malej aj ve\u013ekej v\u00fdroby.<\/p><p data-start=\"741\" data-end=\"835\">Z\u00edskajte inform\u00e1cie, in\u0161pirujte sa a objavujte svet <strong data-start=\"795\" data-end=\"826\">presn\u00e9 vytl\u00e1\u010danie plastov<\/strong> s nami.<\/p>\t\t\t\t\t\t\t\t<\/div>\n\t\t\t\t<\/div>\n\t\t\t\t\t<\/div>\n\t\t\t\t<\/div>\n\t\t<div class=\"elementor-element elementor-element-63e37e1 e-flex e-con-boxed e-con e-parent\" data-id=\"63e37e1\" data-element_type=\"container\">\n\t\t\t\t\t<div class=\"e-con-inner\">\n\t\t\t\t<div class=\"elementor-element elementor-element-2a5b4ce elementor-widget elementor-widget-spacer\" data-id=\"2a5b4ce\" data-element_type=\"widget\" data-widget_type=\"spacer.default\">\n\t\t\t\t<div class=\"elementor-widget-container\">\n\t\t\t\t\t\t\t<div class=\"elementor-spacer\">\n\t\t\t<div class=\"elementor-spacer-inner\"><\/div>\n\t\t<\/div>\n\t\t\t\t\t\t<\/div>\n\t\t\t\t<\/div>\n\t\t\t\t\t<\/div>\n\t\t\t\t<\/div>\n\t\t<div class=\"elementor-element elementor-element-5f4ee64 e-flex e-con-boxed e-con e-parent\" data-id=\"5f4ee64\" data-element_type=\"container\">\n\t\t\t\t\t<div class=\"e-con-inner\">\n\t\t\t\t\t<\/div>\n\t\t\t\t<\/div>\n\t\t\t\t<\/div>","protected":false},"excerpt":{"rendered":"<p>Thank you for visiting the ST Plastics Blog!Here, we share insights, innovations, and useful updates about the plastic profiles, tubes, insulating elements, and manufacturing technologies we work with every day. Whether you&#8217;re in construction, electronics, transportation, or marine industries, our blog is designed to support professionals looking for reliable material solutions, production tips, or new [&hellip;]<\/p>\n","protected":false},"author":1,"featured_media":0,"parent":0,"menu_order":0,"comment_status":"closed","ping_status":"closed","template":"","meta":{"footnotes":""},"class_list":["post-2261","page","type-page","status-publish","hentry"],"blocksy_meta":[],"yoast_head":"<!-- This site is optimized with the Yoast SEO Premium plugin v26.4 (Yoast SEO v26.4) - https:\/\/yoast.com\/wordpress\/plugins\/seo\/ -->\n<title>Extrusion Profile Tubes Technologie Explained -<\/title>\n<meta name=\"description\" content=\"Learn about extrusion profile tubes technologie and discover how we create customized plastic profiles and coextrusion options.\" \/>\n<meta name=\"robots\" content=\"index, follow, max-snippet:-1, max-image-preview:large, max-video-preview:-1\" \/>\n<link rel=\"canonical\" href=\"https:\/\/stp-extrusion.com\/sk\/blog\/\" \/>\n<meta property=\"og:locale\" content=\"sk_SK\" \/>\n<meta property=\"og:type\" content=\"article\" \/>\n<meta property=\"og:title\" content=\"Blog\" \/>\n<meta property=\"og:description\" content=\"Learn about extrusion profile tubes technologie and discover how we create customized plastic profiles and coextrusion options.\" \/>\n<meta property=\"og:url\" content=\"https:\/\/stp-extrusion.com\/sk\/blog\/\" \/>\n<meta property=\"article:modified_time\" content=\"2025-09-18T14:27:36+00:00\" \/>\n<meta name=\"twitter:card\" content=\"summary_large_image\" \/>\n<meta name=\"twitter:label1\" content=\"Predpokladan\u00fd \u010das \u010d\u00edtania\" \/>\n\t<meta name=\"twitter:data1\" content=\"1 min\u00fata\" \/>\n<script type=\"application\/ld+json\" class=\"yoast-schema-graph\">{\"@context\":\"https:\/\/schema.org\",\"@graph\":[{\"@type\":\"WebPage\",\"@id\":\"https:\/\/stp-extrusion.com\/blog\/\",\"url\":\"https:\/\/stp-extrusion.com\/blog\/\",\"name\":\"Extrusion Profile Tubes Technologie Explained -\",\"isPartOf\":{\"@id\":\"https:\/\/stp-extrusion.com\/#website\"},\"datePublished\":\"2025-01-07T08:09:30+00:00\",\"dateModified\":\"2025-09-18T14:27:36+00:00\",\"description\":\"Learn about extrusion profile tubes technologie and discover how we create customized plastic profiles and coextrusion options.\",\"breadcrumb\":{\"@id\":\"https:\/\/stp-extrusion.com\/blog\/#breadcrumb\"},\"inLanguage\":\"sk-SK\",\"potentialAction\":[{\"@type\":\"ReadAction\",\"target\":[\"https:\/\/stp-extrusion.com\/blog\/\"]}]},{\"@type\":\"BreadcrumbList\",\"@id\":\"https:\/\/stp-extrusion.com\/blog\/#breadcrumb\",\"itemListElement\":[{\"@type\":\"ListItem\",\"position\":1,\"name\":\"Home\",\"item\":\"https:\/\/stp-extrusion.com\/\"},{\"@type\":\"ListItem\",\"position\":2,\"name\":\"Blog\"}]},{\"@type\":\"WebSite\",\"@id\":\"https:\/\/stp-extrusion.com\/#website\",\"url\":\"https:\/\/stp-extrusion.com\/\",\"name\":\"STP-extrusion.com\",\"description\":\"\",\"publisher\":{\"@id\":\"https:\/\/stp-extrusion.com\/#organization\"},\"potentialAction\":[{\"@type\":\"SearchAction\",\"target\":{\"@type\":\"EntryPoint\",\"urlTemplate\":\"https:\/\/stp-extrusion.com\/?s={search_term_string}\"},\"query-input\":{\"@type\":\"PropertyValueSpecification\",\"valueRequired\":true,\"valueName\":\"search_term_string\"}}],\"inLanguage\":\"sk-SK\"},{\"@type\":\"Organization\",\"@id\":\"https:\/\/stp-extrusion.com\/#organization\",\"name\":\"ST Plastics\",\"url\":\"https:\/\/stp-extrusion.com\/\",\"logo\":{\"@type\":\"ImageObject\",\"inLanguage\":\"sk-SK\",\"@id\":\"https:\/\/stp-extrusion.com\/#\/schema\/logo\/image\/\",\"url\":\"\",\"contentUrl\":\"\",\"caption\":\"ST Plastics\"},\"image\":{\"@id\":\"https:\/\/stp-extrusion.com\/#\/schema\/logo\/image\/\"}}]}<\/script>\n<!-- \/ Yoast SEO Premium plugin. -->","yoast_head_json":{"title":"Technol\u00f3gia vytl\u00e1\u010dania profilov\u00fdch r\u00farok -","description":"Zistite viac o technol\u00f3gii vytl\u00e1\u010dania profilov\u00fdch r\u00far a zistite, ako vytv\u00e1rame plastov\u00e9 profily na mieru a mo\u017enosti koextr\u00fazie.","robots":{"index":"index","follow":"follow","max-snippet":"max-snippet:-1","max-image-preview":"max-image-preview:large","max-video-preview":"max-video-preview:-1"},"canonical":"https:\/\/stp-extrusion.com\/sk\/blog\/","og_locale":"sk_SK","og_type":"article","og_title":"Blog","og_description":"Learn about extrusion profile tubes technologie and discover how we create customized plastic profiles and coextrusion options.","og_url":"https:\/\/stp-extrusion.com\/sk\/blog\/","article_modified_time":"2025-09-18T14:27:36+00:00","twitter_card":"summary_large_image","twitter_misc":{"Predpokladan\u00fd \u010das \u010d\u00edtania":"1 min\u00fata"},"schema":{"@context":"https:\/\/schema.org","@graph":[{"@type":"WebPage","@id":"https:\/\/stp-extrusion.com\/blog\/","url":"https:\/\/stp-extrusion.com\/blog\/","name":"Technol\u00f3gia vytl\u00e1\u010dania profilov\u00fdch r\u00farok -","isPartOf":{"@id":"https:\/\/stp-extrusion.com\/#website"},"datePublished":"2025-01-07T08:09:30+00:00","dateModified":"2025-09-18T14:27:36+00:00","description":"Zistite viac o technol\u00f3gii vytl\u00e1\u010dania profilov\u00fdch r\u00far a zistite, ako vytv\u00e1rame plastov\u00e9 profily na mieru a mo\u017enosti koextr\u00fazie.","breadcrumb":{"@id":"https:\/\/stp-extrusion.com\/blog\/#breadcrumb"},"inLanguage":"sk-SK","potentialAction":[{"@type":"ReadAction","target":["https:\/\/stp-extrusion.com\/blog\/"]}]},{"@type":"BreadcrumbList","@id":"https:\/\/stp-extrusion.com\/blog\/#breadcrumb","itemListElement":[{"@type":"ListItem","position":1,"name":"Home","item":"https:\/\/stp-extrusion.com\/"},{"@type":"ListItem","position":2,"name":"Blog"}]},{"@type":"WebSite","@id":"https:\/\/stp-extrusion.com\/#website","url":"https:\/\/stp-extrusion.com\/","name":"STP-extrusion.com","description":"","publisher":{"@id":"https:\/\/stp-extrusion.com\/#organization"},"potentialAction":[{"@type":"SearchAction","target":{"@type":"EntryPoint","urlTemplate":"https:\/\/stp-extrusion.com\/?s={search_term_string}"},"query-input":{"@type":"PropertyValueSpecification","valueRequired":true,"valueName":"search_term_string"}}],"inLanguage":"sk-SK"},{"@type":"Organization","@id":"https:\/\/stp-extrusion.com\/#organization","name":"ST Plastics","url":"https:\/\/stp-extrusion.com\/","logo":{"@type":"ImageObject","inLanguage":"sk-SK","@id":"https:\/\/stp-extrusion.com\/#\/schema\/logo\/image\/","url":"","contentUrl":"","caption":"ST Plastics"},"image":{"@id":"https:\/\/stp-extrusion.com\/#\/schema\/logo\/image\/"}}]}},"_links":{"self":[{"href":"https:\/\/stp-extrusion.com\/sk\/wp-json\/wp\/v2\/pages\/2261","targetHints":{"allow":["GET"]}}],"collection":[{"href":"https:\/\/stp-extrusion.com\/sk\/wp-json\/wp\/v2\/pages"}],"about":[{"href":"https:\/\/stp-extrusion.com\/sk\/wp-json\/wp\/v2\/types\/page"}],"author":[{"embeddable":true,"href":"https:\/\/stp-extrusion.com\/sk\/wp-json\/wp\/v2\/users\/1"}],"replies":[{"embeddable":true,"href":"https:\/\/stp-extrusion.com\/sk\/wp-json\/wp\/v2\/comments?post=2261"}],"version-history":[{"count":28,"href":"https:\/\/stp-extrusion.com\/sk\/wp-json\/wp\/v2\/pages\/2261\/revisions"}],"predecessor-version":[{"id":3166,"href":"https:\/\/stp-extrusion.com\/sk\/wp-json\/wp\/v2\/pages\/2261\/revisions\/3166"}],"wp:attachment":[{"href":"https:\/\/stp-extrusion.com\/sk\/wp-json\/wp\/v2\/media?parent=2261"}],"curies":[{"name":"wp","href":"https:\/\/api.w.org\/{rel}","templated":true}]}}