{"id":3193,"date":"2025-10-03T07:17:58","date_gmt":"2025-10-03T05:17:58","guid":{"rendered":"https:\/\/stp-extrusion.com\/?page_id=3193"},"modified":"2025-10-03T07:40:53","modified_gmt":"2025-10-03T05:40:53","slug":"thank-you-for-interest","status":"publish","type":"page","link":"https:\/\/stp-extrusion.com\/hu\/thank-you-for-interest\/","title":{"rendered":"K\u00f6sz\u00f6nj\u00fck \u00e9rdekl\u0151d\u00e9s\u00e9t!"},"content":{"rendered":"<div data-elementor-type=\"wp-page\" data-elementor-id=\"3193\" class=\"elementor elementor-3193\">\n\t\t\t\t<div class=\"elementor-element elementor-element-70d0318 e-flex e-con-boxed e-con e-parent\" data-id=\"70d0318\" data-element_type=\"container\">\n\t\t\t\t\t<div class=\"e-con-inner\">\n\t\t\t\t<div class=\"elementor-element elementor-element-1279668 elementor-widget elementor-widget-text-editor\" data-id=\"1279668\" data-element_type=\"widget\" data-widget_type=\"text-editor.default\">\n\t\t\t\t<div class=\"elementor-widget-container\">\n\t\t\t\t\t\t\t\t\t<p data-start=\"73\" data-end=\"177\">Megkaptuk az \u00fczenet\u00e9t - koll\u00e9g\u00e1nk hamarosan felveszi \u00d6nnel a kapcsolatot.<\/p><p data-start=\"179\" data-end=\"196\"><strong data-start=\"179\" data-end=\"194\">K\u00f6vetkez\u0151 l\u00e9p\u00e9sek:<\/strong><\/p><ul><li data-start=\"220\" data-end=\"302\">Ha van egy <strong data-start=\"234\" data-end=\"277\">m\u0171szaki rajz \/ DXF \/ specifik\u00e1ci\u00f3<\/strong>, k\u00e9rem, v\u00e1laszoljon.<\/li><li data-start=\"305\" data-end=\"380\">Ossza meg a <strong data-start=\"316\" data-end=\"350\">v\u00e1rhat\u00f3 mennyis\u00e9g \u00e9s anyag<\/strong> (pl. PVC, PE, PC, PS, ABS, TPE).<\/li><li data-start=\"383\" data-end=\"465\">Tartalmazza az \u00d6n <strong data-start=\"396\" data-end=\"422\">\u00e9ves mennyis\u00e9gi el\u0151rejelz\u00e9s<\/strong> hogy seg\u00edtsen optimaliz\u00e1lni az \u00e1rk\u00e9pz\u00e9st \u00e9s a szersz\u00e1moz\u00e1st.<\/li><li data-start=\"468\" data-end=\"560\">Tudassa vel\u00fcnk b\u00e1rmilyen <strong data-start=\"484\" data-end=\"510\">csomagol\u00e1si k\u00f6vetelm\u00e9nyek<\/strong> (pl. k\u00f6tegek, l\u00e1d\u00e1k, c\u00edmk\u00e9z\u00e9s, raklap t\u00edpusa).<\/li><li data-start=\"563\" data-end=\"715\">R\u00f6viden \u00edrja le a <strong data-start=\"584\" data-end=\"612\">rendeltet\u00e9sszer\u0171 haszn\u00e1lat \u00e9s c\u00e9l<\/strong> a term\u00e9k (alkalmaz\u00e1s, k\u00f6rnyezet, \u00e9lettartam), \u00edgy a legjobb anyagot \u00e9s kialak\u00edt\u00e1st tudjuk javasolni.<\/li><li data-start=\"405\" data-end=\"484\">S\u00fcrg\u0151s k\u00e9r\u00e9s? \u00cdrjon e-mailt a sales (at) stp-extrusion.com c\u00edmre.<\/li><\/ul><p data-start=\"486\" data-end=\"648\"><strong data-start=\"486\" data-end=\"513\">Mire sz\u00e1m\u00edthat t\u0151l\u00fcnk:<\/strong><br data-start=\"513\" data-end=\"516\" \/>A <strong data-start=\"518\" data-end=\"543\">szem\u00e9lyre szabott \u00e1raj\u00e1nlat<\/strong> \u00e9s sz\u00fcks\u00e9g eset\u00e9n egy <strong data-start=\"562\" data-end=\"588\">m\u0171szaki konzult\u00e1ci\u00f3<\/strong> hogy a profil\/cs\u0151 t\u00f6k\u00e9letesen illeszkedjen az \u00d6n alkalmaz\u00e1s\u00e1hoz.<\/p><p data-start=\"650\" data-end=\"672\"><strong data-start=\"650\" data-end=\"670\">Addig is:<\/strong><\/p><ul data-start=\"673\" data-end=\"787\"><li data-start=\"673\" data-end=\"738\"><p data-start=\"675\" data-end=\"738\">T\u00f6ltse le r\u00f6vid \u00e1ttekint\u00e9s\u00fcnket: <em data-start=\"704\" data-end=\"736\">K\u00e9pess\u00e9gek \u00e9s anyagok (PDF)<\/em><\/p><\/li><li data-start=\"739\" data-end=\"787\"><p data-start=\"741\" data-end=\"787\">Fedezze fel referenci\u00e1inkat \u00e9s ipari megold\u00e1sainkat.<\/p><\/li><\/ul><p data-start=\"758\" data-end=\"794\">V\u00e1rjuk a k\u00f6z\u00f6s munk\u00e1t!<\/p><p data-start=\"796\" data-end=\"818\">- Az ST Plastics csapataPVC,\u00a0<\/p>\t\t\t\t\t\t\t\t<\/div>\n\t\t\t\t<\/div>\n\t\t\t\t\t<\/div>\n\t\t\t\t<\/div>\n\t\t<div class=\"elementor-element elementor-element-589d75c e-flex e-con-boxed e-con e-parent\" data-id=\"589d75c\" data-element_type=\"container\">\n\t\t\t\t\t<div class=\"e-con-inner\">\n\t\t\t\t<div class=\"elementor-element elementor-element-798209d elementor-align-center elementor-widget elementor-widget-button\" data-id=\"798209d\" data-element_type=\"widget\" data-widget_type=\"button.default\">\n\t\t\t\t<div class=\"elementor-widget-container\">\n\t\t\t\t\t\t\t\t\t<div class=\"elementor-button-wrapper\">\n\t\t\t\t\t<a class=\"elementor-button elementor-button-link elementor-size-sm\" href=\"https:\/\/stp-extrusion.com\/hu\/profile-and-tubes-catalogue\/\">\n\t\t\t\t\t\t<span class=\"elementor-button-content-wrapper\">\n\t\t\t\t\t\t\t\t\t<span class=\"elementor-button-text\">Tov\u00e1bb az ST Plastics katal\u00f3gushoz <\/span>\n\t\t\t\t\t<\/span>\n\t\t\t\t\t<\/a>\n\t\t\t\t<\/div>\n\t\t\t\t\t\t\t\t<\/div>\n\t\t\t\t<\/div>\n\t\t\t\t\t<\/div>\n\t\t\t\t<\/div>\n\t\t<div class=\"elementor-element elementor-element-CQ5CmiX e-flex e-con-boxed e-con e-parent\" data-id=\"CQ5CmiX\" data-element_type=\"container\">\n\t\t\t\t\t<div class=\"e-con-inner\">\n\t\t\t\t<div class=\"elementor-element elementor-element-QehcIz4 elementor-widget elementor-widget-heading\" data-id=\"QehcIz4\" data-element_type=\"widget\" data-widget_type=\"heading.default\">\n\t\t\t\t<div class=\"elementor-widget-container\">\n\t\t\t\t\t<h2 class=\"elementor-heading-title elementor-size-default\">Fedezze fel kollekci\u00f3nkat m\u00e9g ma!<\/h2>\t\t\t\t<\/div>\n\t\t\t\t<\/div>\n\t\t<div class=\"elementor-element elementor-element-7eCTdGf e-con-full e-flex e-con e-child\" data-id=\"7eCTdGf\" data-element_type=\"container\">\n\t\t\t\t<\/div>\n\t\t\t\t<div class=\"elementor-element elementor-element-UwJaOHK elementor-widget__width-auto elementor-widget elementor-widget-button\" data-id=\"UwJaOHK\" data-element_type=\"widget\" data-widget_type=\"button.default\">\n\t\t\t\t<div class=\"elementor-widget-container\">\n\t\t\t\t\t\t\t\t\t<div class=\"elementor-button-wrapper\">\n\t\t\t\t\t<a class=\"elementor-button elementor-button-link elementor-size-sm\" href=\"https:\/\/stp-extrusion.com\/hu\/extruded-tubes-profiles\/\">\n\t\t\t\t\t\t<span class=\"elementor-button-content-wrapper\">\n\t\t\t\t\t\t\t\t\t<span class=\"elementor-button-text\">L\u00e1sd term\u00e9keinket<\/span>\n\t\t\t\t\t<\/span>\n\t\t\t\t\t<\/a>\n\t\t\t\t<\/div>\n\t\t\t\t\t\t\t\t<\/div>\n\t\t\t\t<\/div>\n\t\t\t\t\t<\/div>\n\t\t\t\t<\/div>\n\t\t\t\t<\/div>","protected":false},"excerpt":{"rendered":"<p>We have received your message\u2014our colleague will contact you shortly. Next steps: If you have a technical drawing \/ DXF \/ specification, please reply with it. Share your expected quantity and material (e.g., PVC, PE, PC, PS, ABS, TPE). Include your annual volume forecast to help us optimize pricing and tooling. Let us know any [&hellip;]<\/p>\n","protected":false},"author":2,"featured_media":0,"parent":0,"menu_order":0,"comment_status":"closed","ping_status":"closed","template":"","meta":{"footnotes":""},"class_list":["post-3193","page","type-page","status-publish","hentry"],"blocksy_meta":[],"yoast_head":"<!-- This site is optimized with the Yoast SEO Premium plugin v26.4 (Yoast SEO v26.4) - https:\/\/yoast.com\/wordpress\/plugins\/seo\/ -->\n<title>Thanks \u2013 We\u2019re Preparing Your Quote -<\/title>\n<meta name=\"description\" content=\"Thanks for your request. For a precise quote, please share DXF\/drawings, material, annual volume, packaging needs, and intended use.\" \/>\n<meta name=\"robots\" content=\"index, follow, max-snippet:-1, max-image-preview:large, max-video-preview:-1\" \/>\n<link rel=\"canonical\" href=\"https:\/\/stp-extrusion.com\/hu\/thank-you-for-interest\/\" \/>\n<meta property=\"og:locale\" content=\"hu_HU\" \/>\n<meta property=\"og:type\" content=\"article\" \/>\n<meta property=\"og:title\" content=\"Thank You for Your Interest!\" \/>\n<meta property=\"og:description\" content=\"Thanks for your request. For a precise quote, please share DXF\/drawings, material, annual volume, packaging needs, and intended use.\" \/>\n<meta property=\"og:url\" content=\"https:\/\/stp-extrusion.com\/hu\/thank-you-for-interest\/\" \/>\n<meta property=\"article:modified_time\" content=\"2025-10-03T05:40:53+00:00\" \/>\n<meta name=\"twitter:card\" content=\"summary_large_image\" \/>\n<meta name=\"twitter:label1\" content=\"Becs\u00fclt olvas\u00e1si id\u0151\" \/>\n\t<meta name=\"twitter:data1\" content=\"2 perc\" \/>\n<script type=\"application\/ld+json\" class=\"yoast-schema-graph\">{\"@context\":\"https:\/\/schema.org\",\"@graph\":[{\"@type\":\"WebPage\",\"@id\":\"https:\/\/stp-extrusion.com\/thank-you-for-interest\/\",\"url\":\"https:\/\/stp-extrusion.com\/thank-you-for-interest\/\",\"name\":\"Thanks \u2013 We\u2019re Preparing Your Quote -\",\"isPartOf\":{\"@id\":\"https:\/\/stp-extrusion.com\/#website\"},\"datePublished\":\"2025-10-03T05:17:58+00:00\",\"dateModified\":\"2025-10-03T05:40:53+00:00\",\"description\":\"Thanks for your request. For a precise quote, please share DXF\/drawings, material, annual volume, packaging needs, and intended use.\",\"breadcrumb\":{\"@id\":\"https:\/\/stp-extrusion.com\/thank-you-for-interest\/#breadcrumb\"},\"inLanguage\":\"hu\",\"potentialAction\":[{\"@type\":\"ReadAction\",\"target\":[\"https:\/\/stp-extrusion.com\/thank-you-for-interest\/\"]}]},{\"@type\":\"BreadcrumbList\",\"@id\":\"https:\/\/stp-extrusion.com\/thank-you-for-interest\/#breadcrumb\",\"itemListElement\":[{\"@type\":\"ListItem\",\"position\":1,\"name\":\"Home\",\"item\":\"https:\/\/stp-extrusion.com\/\"},{\"@type\":\"ListItem\",\"position\":2,\"name\":\"Thank You for Your Interest!\"}]},{\"@type\":\"WebSite\",\"@id\":\"https:\/\/stp-extrusion.com\/#website\",\"url\":\"https:\/\/stp-extrusion.com\/\",\"name\":\"STP-extrusion.com\",\"description\":\"\",\"publisher\":{\"@id\":\"https:\/\/stp-extrusion.com\/#organization\"},\"potentialAction\":[{\"@type\":\"SearchAction\",\"target\":{\"@type\":\"EntryPoint\",\"urlTemplate\":\"https:\/\/stp-extrusion.com\/?s={search_term_string}\"},\"query-input\":{\"@type\":\"PropertyValueSpecification\",\"valueRequired\":true,\"valueName\":\"search_term_string\"}}],\"inLanguage\":\"hu\"},{\"@type\":\"Organization\",\"@id\":\"https:\/\/stp-extrusion.com\/#organization\",\"name\":\"ST Plastics\",\"url\":\"https:\/\/stp-extrusion.com\/\",\"logo\":{\"@type\":\"ImageObject\",\"inLanguage\":\"hu\",\"@id\":\"https:\/\/stp-extrusion.com\/#\/schema\/logo\/image\/\",\"url\":\"\",\"contentUrl\":\"\",\"caption\":\"ST Plastics\"},\"image\":{\"@id\":\"https:\/\/stp-extrusion.com\/#\/schema\/logo\/image\/\"}}]}<\/script>\n<!-- \/ Yoast SEO Premium plugin. -->","yoast_head_json":{"title":"Thanks \u2013 We\u2019re Preparing Your Quote -","description":"Thanks for your request. For a precise quote, please share DXF\/drawings, material, annual volume, packaging needs, and intended use.","robots":{"index":"index","follow":"follow","max-snippet":"max-snippet:-1","max-image-preview":"max-image-preview:large","max-video-preview":"max-video-preview:-1"},"canonical":"https:\/\/stp-extrusion.com\/hu\/thank-you-for-interest\/","og_locale":"hu_HU","og_type":"article","og_title":"Thank You for Your Interest!","og_description":"Thanks for your request. For a precise quote, please share DXF\/drawings, material, annual volume, packaging needs, and intended use.","og_url":"https:\/\/stp-extrusion.com\/hu\/thank-you-for-interest\/","article_modified_time":"2025-10-03T05:40:53+00:00","twitter_card":"summary_large_image","twitter_misc":{"Becs\u00fclt olvas\u00e1si id\u0151":"2 perc"},"schema":{"@context":"https:\/\/schema.org","@graph":[{"@type":"WebPage","@id":"https:\/\/stp-extrusion.com\/thank-you-for-interest\/","url":"https:\/\/stp-extrusion.com\/thank-you-for-interest\/","name":"Thanks \u2013 We\u2019re Preparing Your Quote -","isPartOf":{"@id":"https:\/\/stp-extrusion.com\/#website"},"datePublished":"2025-10-03T05:17:58+00:00","dateModified":"2025-10-03T05:40:53+00:00","description":"Thanks for your request. For a precise quote, please share DXF\/drawings, material, annual volume, packaging needs, and intended use.","breadcrumb":{"@id":"https:\/\/stp-extrusion.com\/thank-you-for-interest\/#breadcrumb"},"inLanguage":"hu","potentialAction":[{"@type":"ReadAction","target":["https:\/\/stp-extrusion.com\/thank-you-for-interest\/"]}]},{"@type":"BreadcrumbList","@id":"https:\/\/stp-extrusion.com\/thank-you-for-interest\/#breadcrumb","itemListElement":[{"@type":"ListItem","position":1,"name":"Home","item":"https:\/\/stp-extrusion.com\/"},{"@type":"ListItem","position":2,"name":"Thank You for Your Interest!"}]},{"@type":"WebSite","@id":"https:\/\/stp-extrusion.com\/#website","url":"https:\/\/stp-extrusion.com\/","name":"STP-extrusion.com","description":"","publisher":{"@id":"https:\/\/stp-extrusion.com\/#organization"},"potentialAction":[{"@type":"SearchAction","target":{"@type":"EntryPoint","urlTemplate":"https:\/\/stp-extrusion.com\/?s={search_term_string}"},"query-input":{"@type":"PropertyValueSpecification","valueRequired":true,"valueName":"search_term_string"}}],"inLanguage":"hu"},{"@type":"Organization","@id":"https:\/\/stp-extrusion.com\/#organization","name":"ST Plastics","url":"https:\/\/stp-extrusion.com\/","logo":{"@type":"ImageObject","inLanguage":"hu","@id":"https:\/\/stp-extrusion.com\/#\/schema\/logo\/image\/","url":"","contentUrl":"","caption":"ST Plastics"},"image":{"@id":"https:\/\/stp-extrusion.com\/#\/schema\/logo\/image\/"}}]}},"_links":{"self":[{"href":"https:\/\/stp-extrusion.com\/hu\/wp-json\/wp\/v2\/pages\/3193","targetHints":{"allow":["GET"]}}],"collection":[{"href":"https:\/\/stp-extrusion.com\/hu\/wp-json\/wp\/v2\/pages"}],"about":[{"href":"https:\/\/stp-extrusion.com\/hu\/wp-json\/wp\/v2\/types\/page"}],"author":[{"embeddable":true,"href":"https:\/\/stp-extrusion.com\/hu\/wp-json\/wp\/v2\/users\/2"}],"replies":[{"embeddable":true,"href":"https:\/\/stp-extrusion.com\/hu\/wp-json\/wp\/v2\/comments?post=3193"}],"version-history":[{"count":16,"href":"https:\/\/stp-extrusion.com\/hu\/wp-json\/wp\/v2\/pages\/3193\/revisions"}],"predecessor-version":[{"id":3211,"href":"https:\/\/stp-extrusion.com\/hu\/wp-json\/wp\/v2\/pages\/3193\/revisions\/3211"}],"wp:attachment":[{"href":"https:\/\/stp-extrusion.com\/hu\/wp-json\/wp\/v2\/media?parent=3193"}],"curies":[{"name":"wp","href":"https:\/\/api.w.org\/{rel}","templated":true}]}}