{"id":2583,"date":"2025-05-24T13:56:58","date_gmt":"2025-05-24T11:56:58","guid":{"rendered":"https:\/\/stp-extrusion.com\/?page_id=2583"},"modified":"2025-07-10T07:18:08","modified_gmt":"2025-07-10T05:18:08","slug":"thank-you-for-registering-as-a-logistics-partner","status":"publish","type":"page","link":"https:\/\/stp-extrusion.com\/hu\/thank-you-for-registering-as-a-logistics-partner\/","title":{"rendered":"K\u00f6sz\u00f6nj\u00fck, hogy logisztikai partnerk\u00e9nt regisztr\u00e1lt"},"content":{"rendered":"<div data-elementor-type=\"wp-page\" data-elementor-id=\"2583\" class=\"elementor elementor-2583\">\n\t\t\t\t<div class=\"elementor-element elementor-element-46f965e e-flex e-con-boxed e-con e-parent\" data-id=\"46f965e\" data-element_type=\"container\">\n\t\t\t\t\t<div class=\"e-con-inner\">\n\t\t\t\t<div class=\"elementor-element elementor-element-217ba29 elementor-widget elementor-widget-text-editor\" data-id=\"217ba29\" data-element_type=\"widget\" data-widget_type=\"text-editor.default\">\n\t\t\t\t<div class=\"elementor-widget-container\">\n\t\t\t\t\t\t\t\t\t<p data-start=\"206\" data-end=\"296\"><strong data-start=\"206\" data-end=\"296\">K\u00f6sz\u00f6nj\u00fck, hogy \u00e9rdekl\u0151dik c\u00e9g\u00fcnk logisztikai vagy sz\u00e1ll\u00edtm\u00e1nyoz\u00e1si partnere k\u00edv\u00e1n lenni.<\/strong><\/p><p data-start=\"298\" data-end=\"563\">\u0150szint\u00e9n \u00e9rt\u00e9kelj\u00fck, hogy id\u0151t \u00e9s energi\u00e1t ford\u00edtott arra, hogy elk\u00fcldje v\u00e1llalata adatait, \u00e9s kifejezze egy\u00fcttm\u0171k\u00f6d\u00e9si sz\u00e1nd\u00e9k\u00e1t vel\u00fcnk. Regisztr\u00e1ci\u00f3j\u00e1t sikeresen megkaptuk, \u00e9s logisztikai \u00e9s beszerz\u00e9si oszt\u00e1lyaink gondosan \u00e9rt\u00e9kelni fogj\u00e1k.<\/p>\t\t\t\t\t\t\t\t<\/div>\n\t\t\t\t<\/div>\n\t\t\t\t\t<\/div>\n\t\t\t\t<\/div>\n\t\t<div class=\"elementor-element elementor-element-d607c45 e-flex e-con-boxed e-con e-parent\" data-id=\"d607c45\" data-element_type=\"container\">\n\t\t\t\t\t<div class=\"e-con-inner\">\n\t\t\t\t<div class=\"elementor-element elementor-element-89d603d elementor-widget elementor-widget-text-editor\" data-id=\"89d603d\" data-element_type=\"widget\" data-widget_type=\"text-editor.default\">\n\t\t\t\t<div class=\"elementor-widget-container\">\n\t\t\t\t\t\t\t\t\t<p data-start=\"565\" data-end=\"945\">Mivel folyamatosan t\u00f6reksz\u00fcnk a sz\u00e1ll\u00edt\u00e1si h\u00e1l\u00f3zatunk b\u0151v\u00edt\u00e9s\u00e9re \u00e9s jav\u00edt\u00e1s\u00e1ra, mindig megb\u00edzhat\u00f3, rugalmas \u00e9s professzion\u00e1lis logisztikai partnereket keres\u00fcnk, akik t\u00e1mogatnak minket az \u00e1ruk biztons\u00e1gos, hat\u00e9kony \u00e9s id\u0151ben t\u00f6rt\u00e9n\u0151 sz\u00e1ll\u00edt\u00e1s\u00e1ban. Ha az \u00d6n szolg\u00e1ltat\u00e1sai megfelelnek jelenlegi vagy j\u00f6v\u0151beli sz\u00e1ll\u00edt\u00e1si ig\u00e9nyeinknek, akkor k\u00f6zvetlen\u00fcl \u00d6nnel vessz\u00fck fel a kapcsolatot a vonatkoz\u00f3 fuvark\u00e9rd\u00e9sekkel vagy \u00e1raj\u00e1nlatk\u00e9r\u00e9sekkel kapcsolatban.<\/p><p data-start=\"947\" data-end=\"1165\">Felh\u00edvjuk figyelm\u00e9t, hogy az \u00e1tl\u00e1that\u00f3s\u00e1gon, pontoss\u00e1gon \u00e9s k\u00f6lcs\u00f6n\u00f6s bizalmon alapul\u00f3 hossz\u00fa t\u00e1v\u00fa egy\u00fcttm\u0171k\u00f6d\u00e9st tartjuk els\u0151dlegesnek. M\u00e9g ha nincs is azonnali lehet\u0151s\u00e9g, az \u00d6n adatai megmaradnak a besz\u00e1ll\u00edt\u00f3i adatb\u00e1zisunkban a j\u00f6v\u0151beni referenciak\u00e9nt.<\/p><p data-start=\"1167\" data-end=\"1265\">V\u00e1rjuk a k\u00f6z\u00f6s munka lehet\u0151s\u00e9g\u00e9t \u00e9s egy er\u0151s, tart\u00f3s partners\u00e9g kialak\u00edt\u00e1s\u00e1t.<\/p>\t\t\t\t\t\t\t\t<\/div>\n\t\t\t\t<\/div>\n\t\t\t\t\t<\/div>\n\t\t\t\t<\/div>\n\t\t<div class=\"elementor-element elementor-element-0daceca e-flex e-con-boxed e-con e-parent\" data-id=\"0daceca\" data-element_type=\"container\">\n\t\t\t\t\t<div class=\"e-con-inner\">\n\t\t\t\t<div class=\"elementor-element elementor-element-c9647e0 elementor-widget elementor-widget-button\" data-id=\"c9647e0\" data-element_type=\"widget\" data-widget_type=\"button.default\">\n\t\t\t\t<div class=\"elementor-widget-container\">\n\t\t\t\t\t\t\t\t\t<div class=\"elementor-button-wrapper\">\n\t\t\t\t\t<a class=\"elementor-button elementor-button-link elementor-size-sm\" href=\"https:\/\/stp-extrusion.com\/hu\/\">\n\t\t\t\t\t\t<span class=\"elementor-button-content-wrapper\">\n\t\t\t\t\t\t\t\t\t<span class=\"elementor-button-text\">Vissza a f\u0151oldalra<\/span>\n\t\t\t\t\t<\/span>\n\t\t\t\t\t<\/a>\n\t\t\t\t<\/div>\n\t\t\t\t\t\t\t\t<\/div>\n\t\t\t\t<\/div>\n\t\t\t\t\t<\/div>\n\t\t\t\t<\/div>\n\t\t\t\t<\/div>","protected":false},"excerpt":{"rendered":"<p>Thank you for your interest in becoming a logistics or freight partner of our company. We sincerely appreciate the time and effort you took to submit your company information and express your willingness to cooperate with us. Your registration has been successfully received and will be carefully evaluated by our logistics and procurement departments. As [&hellip;]<\/p>\n","protected":false},"author":2,"featured_media":0,"parent":0,"menu_order":0,"comment_status":"closed","ping_status":"closed","template":"","meta":{"footnotes":""},"class_list":["post-2583","page","type-page","status-publish","hentry"],"blocksy_meta":[],"yoast_head":"<!-- This site is optimized with the Yoast SEO Premium plugin v26.4 (Yoast SEO v26.4) - https:\/\/yoast.com\/wordpress\/plugins\/seo\/ -->\n<title>Logistic Partner Registration: Complete Guide -<\/title>\n<meta name=\"description\" content=\"Explore the benefits of becoming a logistic partner. Join us for potential cooperation based on trust and reliability.\" \/>\n<meta name=\"robots\" content=\"index, follow, max-snippet:-1, max-image-preview:large, max-video-preview:-1\" \/>\n<link rel=\"canonical\" href=\"https:\/\/stp-extrusion.com\/hu\/thank-you-for-registering-as-a-logistics-partner\/\" \/>\n<meta property=\"og:locale\" content=\"hu_HU\" \/>\n<meta property=\"og:type\" content=\"article\" \/>\n<meta property=\"og:title\" content=\"Thank You for Registering as a Logistics Partner\" \/>\n<meta property=\"og:description\" content=\"Explore the benefits of becoming a logistic partner. Join us for potential cooperation based on trust and reliability.\" \/>\n<meta property=\"og:url\" content=\"https:\/\/stp-extrusion.com\/hu\/thank-you-for-registering-as-a-logistics-partner\/\" \/>\n<meta property=\"article:modified_time\" content=\"2025-07-10T05:18:08+00:00\" \/>\n<meta name=\"twitter:card\" content=\"summary_large_image\" \/>\n<meta name=\"twitter:label1\" content=\"Becs\u00fclt olvas\u00e1si id\u0151\" \/>\n\t<meta name=\"twitter:data1\" content=\"1 perc\" \/>\n<script type=\"application\/ld+json\" class=\"yoast-schema-graph\">{\"@context\":\"https:\/\/schema.org\",\"@graph\":[{\"@type\":\"WebPage\",\"@id\":\"https:\/\/stp-extrusion.com\/thank-you-for-registering-as-a-logistics-partner\/\",\"url\":\"https:\/\/stp-extrusion.com\/thank-you-for-registering-as-a-logistics-partner\/\",\"name\":\"Logistic Partner Registration: Complete Guide -\",\"isPartOf\":{\"@id\":\"https:\/\/stp-extrusion.com\/#website\"},\"datePublished\":\"2025-05-24T11:56:58+00:00\",\"dateModified\":\"2025-07-10T05:18:08+00:00\",\"description\":\"Explore the benefits of becoming a logistic partner. Join us for potential cooperation based on trust and reliability.\",\"breadcrumb\":{\"@id\":\"https:\/\/stp-extrusion.com\/thank-you-for-registering-as-a-logistics-partner\/#breadcrumb\"},\"inLanguage\":\"hu\",\"potentialAction\":[{\"@type\":\"ReadAction\",\"target\":[\"https:\/\/stp-extrusion.com\/thank-you-for-registering-as-a-logistics-partner\/\"]}]},{\"@type\":\"BreadcrumbList\",\"@id\":\"https:\/\/stp-extrusion.com\/thank-you-for-registering-as-a-logistics-partner\/#breadcrumb\",\"itemListElement\":[{\"@type\":\"ListItem\",\"position\":1,\"name\":\"Home\",\"item\":\"https:\/\/stp-extrusion.com\/\"},{\"@type\":\"ListItem\",\"position\":2,\"name\":\"Thank You for Registering as a Logistics Partner\"}]},{\"@type\":\"WebSite\",\"@id\":\"https:\/\/stp-extrusion.com\/#website\",\"url\":\"https:\/\/stp-extrusion.com\/\",\"name\":\"STP-extrusion.com\",\"description\":\"\",\"publisher\":{\"@id\":\"https:\/\/stp-extrusion.com\/#organization\"},\"potentialAction\":[{\"@type\":\"SearchAction\",\"target\":{\"@type\":\"EntryPoint\",\"urlTemplate\":\"https:\/\/stp-extrusion.com\/?s={search_term_string}\"},\"query-input\":{\"@type\":\"PropertyValueSpecification\",\"valueRequired\":true,\"valueName\":\"search_term_string\"}}],\"inLanguage\":\"hu\"},{\"@type\":\"Organization\",\"@id\":\"https:\/\/stp-extrusion.com\/#organization\",\"name\":\"ST Plastics\",\"url\":\"https:\/\/stp-extrusion.com\/\",\"logo\":{\"@type\":\"ImageObject\",\"inLanguage\":\"hu\",\"@id\":\"https:\/\/stp-extrusion.com\/#\/schema\/logo\/image\/\",\"url\":\"\",\"contentUrl\":\"\",\"caption\":\"ST Plastics\"},\"image\":{\"@id\":\"https:\/\/stp-extrusion.com\/#\/schema\/logo\/image\/\"}}]}<\/script>\n<!-- \/ Yoast SEO Premium plugin. -->","yoast_head_json":{"title":"Logistic Partner Registration: Complete Guide -","description":"Explore the benefits of becoming a logistic partner. Join us for potential cooperation based on trust and reliability.","robots":{"index":"index","follow":"follow","max-snippet":"max-snippet:-1","max-image-preview":"max-image-preview:large","max-video-preview":"max-video-preview:-1"},"canonical":"https:\/\/stp-extrusion.com\/hu\/thank-you-for-registering-as-a-logistics-partner\/","og_locale":"hu_HU","og_type":"article","og_title":"Thank You for Registering as a Logistics Partner","og_description":"Explore the benefits of becoming a logistic partner. Join us for potential cooperation based on trust and reliability.","og_url":"https:\/\/stp-extrusion.com\/hu\/thank-you-for-registering-as-a-logistics-partner\/","article_modified_time":"2025-07-10T05:18:08+00:00","twitter_card":"summary_large_image","twitter_misc":{"Becs\u00fclt olvas\u00e1si id\u0151":"1 perc"},"schema":{"@context":"https:\/\/schema.org","@graph":[{"@type":"WebPage","@id":"https:\/\/stp-extrusion.com\/thank-you-for-registering-as-a-logistics-partner\/","url":"https:\/\/stp-extrusion.com\/thank-you-for-registering-as-a-logistics-partner\/","name":"Logistic Partner Registration: Complete Guide -","isPartOf":{"@id":"https:\/\/stp-extrusion.com\/#website"},"datePublished":"2025-05-24T11:56:58+00:00","dateModified":"2025-07-10T05:18:08+00:00","description":"Explore the benefits of becoming a logistic partner. Join us for potential cooperation based on trust and reliability.","breadcrumb":{"@id":"https:\/\/stp-extrusion.com\/thank-you-for-registering-as-a-logistics-partner\/#breadcrumb"},"inLanguage":"hu","potentialAction":[{"@type":"ReadAction","target":["https:\/\/stp-extrusion.com\/thank-you-for-registering-as-a-logistics-partner\/"]}]},{"@type":"BreadcrumbList","@id":"https:\/\/stp-extrusion.com\/thank-you-for-registering-as-a-logistics-partner\/#breadcrumb","itemListElement":[{"@type":"ListItem","position":1,"name":"Home","item":"https:\/\/stp-extrusion.com\/"},{"@type":"ListItem","position":2,"name":"Thank You for Registering as a Logistics Partner"}]},{"@type":"WebSite","@id":"https:\/\/stp-extrusion.com\/#website","url":"https:\/\/stp-extrusion.com\/","name":"STP-extrusion.com","description":"","publisher":{"@id":"https:\/\/stp-extrusion.com\/#organization"},"potentialAction":[{"@type":"SearchAction","target":{"@type":"EntryPoint","urlTemplate":"https:\/\/stp-extrusion.com\/?s={search_term_string}"},"query-input":{"@type":"PropertyValueSpecification","valueRequired":true,"valueName":"search_term_string"}}],"inLanguage":"hu"},{"@type":"Organization","@id":"https:\/\/stp-extrusion.com\/#organization","name":"ST Plastics","url":"https:\/\/stp-extrusion.com\/","logo":{"@type":"ImageObject","inLanguage":"hu","@id":"https:\/\/stp-extrusion.com\/#\/schema\/logo\/image\/","url":"","contentUrl":"","caption":"ST Plastics"},"image":{"@id":"https:\/\/stp-extrusion.com\/#\/schema\/logo\/image\/"}}]}},"_links":{"self":[{"href":"https:\/\/stp-extrusion.com\/hu\/wp-json\/wp\/v2\/pages\/2583","targetHints":{"allow":["GET"]}}],"collection":[{"href":"https:\/\/stp-extrusion.com\/hu\/wp-json\/wp\/v2\/pages"}],"about":[{"href":"https:\/\/stp-extrusion.com\/hu\/wp-json\/wp\/v2\/types\/page"}],"author":[{"embeddable":true,"href":"https:\/\/stp-extrusion.com\/hu\/wp-json\/wp\/v2\/users\/2"}],"replies":[{"embeddable":true,"href":"https:\/\/stp-extrusion.com\/hu\/wp-json\/wp\/v2\/comments?post=2583"}],"version-history":[{"count":13,"href":"https:\/\/stp-extrusion.com\/hu\/wp-json\/wp\/v2\/pages\/2583\/revisions"}],"predecessor-version":[{"id":2823,"href":"https:\/\/stp-extrusion.com\/hu\/wp-json\/wp\/v2\/pages\/2583\/revisions\/2823"}],"wp:attachment":[{"href":"https:\/\/stp-extrusion.com\/hu\/wp-json\/wp\/v2\/media?parent=2583"}],"curies":[{"name":"wp","href":"https:\/\/api.w.org\/{rel}","templated":true}]}}