{"id":2382,"date":"2025-02-22T22:19:12","date_gmt":"2025-02-22T21:19:12","guid":{"rendered":"https:\/\/stp-extrusion.com\/?page_id=2382"},"modified":"2025-08-08T18:31:14","modified_gmt":"2025-08-08T16:31:14","slug":"profile","status":"publish","type":"page","link":"https:\/\/stp-extrusion.com\/hu\/profile\/","title":{"rendered":"Profil"},"content":{"rendered":"<div data-elementor-type=\"wp-page\" data-elementor-id=\"2382\" class=\"elementor elementor-2382\">\n\t\t\t\t<div class=\"elementor-element elementor-element-930aeff e-grid e-con-boxed e-con e-parent\" data-id=\"930aeff\" data-element_type=\"container\">\n\t\t\t\t\t<div class=\"e-con-inner\">\n\t\t\t\t\t<\/div>\n\t\t\t\t<\/div>\n\t\t<div class=\"elementor-element elementor-element-337a228 e-flex e-con-boxed e-con e-parent\" data-id=\"337a228\" data-element_type=\"container\">\n\t\t\t\t\t<div class=\"e-con-inner\">\n\t\t\t\t<div class=\"elementor-element elementor-element-1b0534e elementor-widget elementor-widget-text-editor\" data-id=\"1b0534e\" data-element_type=\"widget\" data-widget_type=\"text-editor.default\">\n\t\t\t\t<div class=\"elementor-widget-container\">\n\t\t\t\t\t\t\t\t\t<p>Megb\u00edzhat\u00f3 gy\u00e1rt\u00f3ja vagyunk a merev \u00e9s rugalmas anyagokb\u00f3l k\u00e9sz\u00fclt m\u0171anyag profiloknak, \u00e9s olyan ipar\u00e1gakat szolg\u00e1lunk ki, mint az \u00e9p\u00edt\u0151ipar, a g\u00e9pipar, a h\u00e1ztart\u00e1si g\u00e9pek, az elektronika \u00e9s az aut\u00f3ipar. A  weboldalr\u00f3l <strong data-start=\"383\" data-end=\"418\">kis sorozatban a t\u00f6meggy\u00e1rt\u00e1sig<\/strong>, sz\u00e1ll\u00edtunk <strong data-start=\"431\" data-end=\"466\">egyedi v\u00e1gott \u00e9s lyukasztott profilok<\/strong> az \u00d6n ig\u00e9nyeihez igaz\u00edtva. Ak\u00e1r teljesen egyedi megold\u00e1sra van sz\u00fcks\u00e9ge, ak\u00e1r a megfelel\u0151 anyag kiv\u00e1laszt\u00e1s\u00e1ban van sz\u00fcks\u00e9ge, m\u00e9rn\u00f6ki csapatunk k\u00e9szs\u00e9ggel \u00e1ll rendelkez\u00e9s\u00e9re. Tov\u00e1bb\u00e1 k\u00edn\u00e1lunk <strong data-start=\"629\" data-end=\"645\">koextrud\u00e1l\u00e1s<\/strong> \u00e9s <strong data-start=\"650\" data-end=\"679\">ragaszt\u00f3szalag alkalmaz\u00e1sa<\/strong> a gyors \u00e9s hat\u00e9kony telep\u00edt\u00e9shez.<\/p>\t\t\t\t\t\t\t\t<\/div>\n\t\t\t\t<\/div>\n\t\t\t\t\t<\/div>\n\t\t\t\t<\/div>\n\t\t<div class=\"elementor-element elementor-element-d5722ad e-flex e-con-boxed e-con e-parent\" data-id=\"d5722ad\" data-element_type=\"container\">\n\t\t\t\t\t<div class=\"e-con-inner\">\n\t\t\t\t\t<\/div>\n\t\t\t\t<\/div>\n\t\t\t\t<\/div>","protected":false},"excerpt":{"rendered":"<p>Hard Profile Hard PVC Profile Hard Profile Hard PVC Profile Hard Profile Hard PVC Profile Hard Profile Hard PVC or PP Profile Hard Profile Hard PVC Closed Profile Size L Hard Profile Hard PVC closed profile size S Hard Profile Hard PVC closed profile size XS Hard Profile Hard PVC closed section profile Soft frofile [&hellip;]<\/p>\n","protected":false},"author":2,"featured_media":0,"parent":0,"menu_order":0,"comment_status":"closed","ping_status":"closed","template":"","meta":{"footnotes":""},"class_list":["post-2382","page","type-page","status-publish","hentry"],"blocksy_meta":[],"yoast_head":"<!-- This site is optimized with the Yoast SEO Premium plugin v26.4 (Yoast SEO v26.4) - https:\/\/yoast.com\/wordpress\/plugins\/seo\/ -->\n<title>Plastic Profile Custom Made for Every Industry -<\/title>\n<meta name=\"description\" content=\"We manufacture custom plastic profiles tailored to your specific needs \u2013 from technical extrusion solutions to design-oriented applications.\" \/>\n<meta name=\"robots\" content=\"index, follow, max-snippet:-1, max-image-preview:large, max-video-preview:-1\" \/>\n<link rel=\"canonical\" href=\"https:\/\/stp-extrusion.com\/hu\/profile\/\" \/>\n<meta property=\"og:locale\" content=\"hu_HU\" \/>\n<meta property=\"og:type\" content=\"article\" \/>\n<meta property=\"og:title\" content=\"Profile\" \/>\n<meta property=\"og:description\" content=\"We manufacture custom plastic profiles tailored to your specific needs \u2013 from technical extrusion solutions to design-oriented applications.\" \/>\n<meta property=\"og:url\" content=\"https:\/\/stp-extrusion.com\/hu\/profile\/\" \/>\n<meta property=\"article:modified_time\" content=\"2025-08-08T16:31:14+00:00\" \/>\n<meta property=\"og:image\" content=\"https:\/\/stp-extrusion.com\/wp-content\/uploads\/2025\/07\/Kepernyofoto-2024-03-07-16.23.37.png\" \/>\n<meta name=\"twitter:card\" content=\"summary_large_image\" \/>\n<meta name=\"twitter:label1\" content=\"Becs\u00fclt olvas\u00e1si id\u0151\" \/>\n\t<meta name=\"twitter:data1\" content=\"22 perc\" \/>\n<script type=\"application\/ld+json\" class=\"yoast-schema-graph\">{\"@context\":\"https:\/\/schema.org\",\"@graph\":[{\"@type\":\"WebPage\",\"@id\":\"https:\/\/stp-extrusion.com\/profile\/\",\"url\":\"https:\/\/stp-extrusion.com\/profile\/\",\"name\":\"Plastic Profile Custom Made for Every Industry -\",\"isPartOf\":{\"@id\":\"https:\/\/stp-extrusion.com\/#website\"},\"primaryImageOfPage\":{\"@id\":\"https:\/\/stp-extrusion.com\/profile\/#primaryimage\"},\"image\":{\"@id\":\"https:\/\/stp-extrusion.com\/profile\/#primaryimage\"},\"thumbnailUrl\":\"https:\/\/stp-extrusion.com\/wp-content\/uploads\/2025\/07\/Kepernyofoto-2024-03-07-16.23.37.png\",\"datePublished\":\"2025-02-22T21:19:12+00:00\",\"dateModified\":\"2025-08-08T16:31:14+00:00\",\"description\":\"We manufacture custom plastic profiles tailored to your specific needs \u2013 from technical extrusion solutions to design-oriented applications.\",\"breadcrumb\":{\"@id\":\"https:\/\/stp-extrusion.com\/profile\/#breadcrumb\"},\"inLanguage\":\"hu\",\"potentialAction\":[{\"@type\":\"ReadAction\",\"target\":[\"https:\/\/stp-extrusion.com\/profile\/\"]}]},{\"@type\":\"ImageObject\",\"inLanguage\":\"hu\",\"@id\":\"https:\/\/stp-extrusion.com\/profile\/#primaryimage\",\"url\":\"https:\/\/stp-extrusion.com\/wp-content\/uploads\/2025\/07\/Kepernyofoto-2024-03-07-16.23.37.png\",\"contentUrl\":\"https:\/\/stp-extrusion.com\/wp-content\/uploads\/2025\/07\/Kepernyofoto-2024-03-07-16.23.37.png\"},{\"@type\":\"BreadcrumbList\",\"@id\":\"https:\/\/stp-extrusion.com\/profile\/#breadcrumb\",\"itemListElement\":[{\"@type\":\"ListItem\",\"position\":1,\"name\":\"Home\",\"item\":\"https:\/\/stp-extrusion.com\/\"},{\"@type\":\"ListItem\",\"position\":2,\"name\":\"Profile\"}]},{\"@type\":\"WebSite\",\"@id\":\"https:\/\/stp-extrusion.com\/#website\",\"url\":\"https:\/\/stp-extrusion.com\/\",\"name\":\"STP-extrusion.com\",\"description\":\"\",\"publisher\":{\"@id\":\"https:\/\/stp-extrusion.com\/#organization\"},\"potentialAction\":[{\"@type\":\"SearchAction\",\"target\":{\"@type\":\"EntryPoint\",\"urlTemplate\":\"https:\/\/stp-extrusion.com\/?s={search_term_string}\"},\"query-input\":{\"@type\":\"PropertyValueSpecification\",\"valueRequired\":true,\"valueName\":\"search_term_string\"}}],\"inLanguage\":\"hu\"},{\"@type\":\"Organization\",\"@id\":\"https:\/\/stp-extrusion.com\/#organization\",\"name\":\"ST Plastics\",\"url\":\"https:\/\/stp-extrusion.com\/\",\"logo\":{\"@type\":\"ImageObject\",\"inLanguage\":\"hu\",\"@id\":\"https:\/\/stp-extrusion.com\/#\/schema\/logo\/image\/\",\"url\":\"\",\"contentUrl\":\"\",\"caption\":\"ST Plastics\"},\"image\":{\"@id\":\"https:\/\/stp-extrusion.com\/#\/schema\/logo\/image\/\"}}]}<\/script>\n<!-- \/ Yoast SEO Premium plugin. -->","yoast_head_json":{"title":"Plastic Profile Custom Made for Every Industry -","description":"We manufacture custom plastic profiles tailored to your specific needs \u2013 from technical extrusion solutions to design-oriented applications.","robots":{"index":"index","follow":"follow","max-snippet":"max-snippet:-1","max-image-preview":"max-image-preview:large","max-video-preview":"max-video-preview:-1"},"canonical":"https:\/\/stp-extrusion.com\/hu\/profile\/","og_locale":"hu_HU","og_type":"article","og_title":"Profile","og_description":"We manufacture custom plastic profiles tailored to your specific needs \u2013 from technical extrusion solutions to design-oriented applications.","og_url":"https:\/\/stp-extrusion.com\/hu\/profile\/","article_modified_time":"2025-08-08T16:31:14+00:00","og_image":[{"url":"https:\/\/stp-extrusion.com\/wp-content\/uploads\/2025\/07\/Kepernyofoto-2024-03-07-16.23.37.png","type":"","width":"","height":""}],"twitter_card":"summary_large_image","twitter_misc":{"Becs\u00fclt olvas\u00e1si id\u0151":"22 perc"},"schema":{"@context":"https:\/\/schema.org","@graph":[{"@type":"WebPage","@id":"https:\/\/stp-extrusion.com\/profile\/","url":"https:\/\/stp-extrusion.com\/profile\/","name":"Plastic Profile Custom Made for Every Industry -","isPartOf":{"@id":"https:\/\/stp-extrusion.com\/#website"},"primaryImageOfPage":{"@id":"https:\/\/stp-extrusion.com\/profile\/#primaryimage"},"image":{"@id":"https:\/\/stp-extrusion.com\/profile\/#primaryimage"},"thumbnailUrl":"https:\/\/stp-extrusion.com\/wp-content\/uploads\/2025\/07\/Kepernyofoto-2024-03-07-16.23.37.png","datePublished":"2025-02-22T21:19:12+00:00","dateModified":"2025-08-08T16:31:14+00:00","description":"We manufacture custom plastic profiles tailored to your specific needs \u2013 from technical extrusion solutions to design-oriented applications.","breadcrumb":{"@id":"https:\/\/stp-extrusion.com\/profile\/#breadcrumb"},"inLanguage":"hu","potentialAction":[{"@type":"ReadAction","target":["https:\/\/stp-extrusion.com\/profile\/"]}]},{"@type":"ImageObject","inLanguage":"hu","@id":"https:\/\/stp-extrusion.com\/profile\/#primaryimage","url":"https:\/\/stp-extrusion.com\/wp-content\/uploads\/2025\/07\/Kepernyofoto-2024-03-07-16.23.37.png","contentUrl":"https:\/\/stp-extrusion.com\/wp-content\/uploads\/2025\/07\/Kepernyofoto-2024-03-07-16.23.37.png"},{"@type":"BreadcrumbList","@id":"https:\/\/stp-extrusion.com\/profile\/#breadcrumb","itemListElement":[{"@type":"ListItem","position":1,"name":"Home","item":"https:\/\/stp-extrusion.com\/"},{"@type":"ListItem","position":2,"name":"Profile"}]},{"@type":"WebSite","@id":"https:\/\/stp-extrusion.com\/#website","url":"https:\/\/stp-extrusion.com\/","name":"STP-extrusion.com","description":"","publisher":{"@id":"https:\/\/stp-extrusion.com\/#organization"},"potentialAction":[{"@type":"SearchAction","target":{"@type":"EntryPoint","urlTemplate":"https:\/\/stp-extrusion.com\/?s={search_term_string}"},"query-input":{"@type":"PropertyValueSpecification","valueRequired":true,"valueName":"search_term_string"}}],"inLanguage":"hu"},{"@type":"Organization","@id":"https:\/\/stp-extrusion.com\/#organization","name":"ST Plastics","url":"https:\/\/stp-extrusion.com\/","logo":{"@type":"ImageObject","inLanguage":"hu","@id":"https:\/\/stp-extrusion.com\/#\/schema\/logo\/image\/","url":"","contentUrl":"","caption":"ST Plastics"},"image":{"@id":"https:\/\/stp-extrusion.com\/#\/schema\/logo\/image\/"}}]}},"_links":{"self":[{"href":"https:\/\/stp-extrusion.com\/hu\/wp-json\/wp\/v2\/pages\/2382","targetHints":{"allow":["GET"]}}],"collection":[{"href":"https:\/\/stp-extrusion.com\/hu\/wp-json\/wp\/v2\/pages"}],"about":[{"href":"https:\/\/stp-extrusion.com\/hu\/wp-json\/wp\/v2\/types\/page"}],"author":[{"embeddable":true,"href":"https:\/\/stp-extrusion.com\/hu\/wp-json\/wp\/v2\/users\/2"}],"replies":[{"embeddable":true,"href":"https:\/\/stp-extrusion.com\/hu\/wp-json\/wp\/v2\/comments?post=2382"}],"version-history":[{"count":89,"href":"https:\/\/stp-extrusion.com\/hu\/wp-json\/wp\/v2\/pages\/2382\/revisions"}],"predecessor-version":[{"id":3105,"href":"https:\/\/stp-extrusion.com\/hu\/wp-json\/wp\/v2\/pages\/2382\/revisions\/3105"}],"wp:attachment":[{"href":"https:\/\/stp-extrusion.com\/hu\/wp-json\/wp\/v2\/media?parent=2382"}],"curies":[{"name":"wp","href":"https:\/\/api.w.org\/{rel}","templated":true}]}}