{"id":2261,"date":"2025-01-07T09:09:30","date_gmt":"2025-01-07T08:09:30","guid":{"rendered":"https:\/\/stp-extrusion.com\/?page_id=2261"},"modified":"2025-09-18T16:27:36","modified_gmt":"2025-09-18T14:27:36","slug":"blog","status":"publish","type":"page","link":"https:\/\/stp-extrusion.com\/hu\/blog\/","title":{"rendered":"Blog"},"content":{"rendered":"<div data-elementor-type=\"wp-page\" data-elementor-id=\"2261\" class=\"elementor elementor-2261\">\n\t\t\t\t<div class=\"elementor-element elementor-element-2da7e4c e-flex e-con-boxed e-con e-parent\" data-id=\"2da7e4c\" data-element_type=\"container\">\n\t\t\t\t\t<div class=\"e-con-inner\">\n\t\t\t\t<div class=\"elementor-element elementor-element-90bd063 elementor-widget elementor-widget-text-editor\" data-id=\"90bd063\" data-element_type=\"widget\" data-widget_type=\"text-editor.default\">\n\t\t\t\t<div class=\"elementor-widget-container\">\n\t\t\t\t\t\t\t\t\t<p data-start=\"112\" data-end=\"338\"><strong data-start=\"112\" data-end=\"160\">K\u00f6sz\u00f6nj\u00fck, hogy ell\u00e1togatott az ST Plastics Blogra!<\/strong><br data-start=\"160\" data-end=\"163\" \/>Itt megismerhetj\u00fck az \u00fajdons\u00e1gokat, innov\u00e1ci\u00f3kat \u00e9s hasznos h\u00edreket osztunk meg a <strong data-start=\"230\" data-end=\"278\">m\u0171anyag profilok, cs\u00f6vek, szigetel\u0151elemek<\/strong>, \u00e9s <strong data-start=\"284\" data-end=\"314\">gy\u00e1rt\u00e1si technol\u00f3gi\u00e1k<\/strong> akikkel nap mint nap egy\u00fctt dolgozunk.<\/p><p data-start=\"340\" data-end=\"544\">Ak\u00e1r a <strong data-start=\"358\" data-end=\"425\">\u00e9p\u00edt\u0151ipar, elektronika, sz\u00e1ll\u00edt\u00e1s vagy haj\u00f3z\u00e1s<\/strong>, blogunk c\u00e9lja, hogy t\u00e1mogassuk a megb\u00edzhat\u00f3 anyagmegold\u00e1sokat, gy\u00e1rt\u00e1si tippeket vagy \u00faj \u00f6tleteket keres\u0151 szakembereket.<\/p><p data-start=\"546\" data-end=\"739\">Fedezze fel, hogyan gy\u00e1rtunk <strong data-start=\"574\" data-end=\"605\">egyedi m\u0171anyag profilok<\/strong>, aj\u00e1nlat <strong data-start=\"613\" data-end=\"636\">koextrud\u00e1l\u00e1si lehet\u0151s\u00e9gek<\/strong>, \u00e9s alkalmazza <strong data-start=\"648\" data-end=\"683\">ragaszt\u00f3k vagy fel\u00fcletkezel\u00e9sek<\/strong> kis- \u00e9s nagy\u00fczemi termel\u00e9si ig\u00e9nyek kiel\u00e9g\u00edt\u00e9s\u00e9re egyar\u00e1nt.<\/p><p data-start=\"741\" data-end=\"835\">Maradjon t\u00e1j\u00e9kozott, inspir\u00e1l\u00f3djon, \u00e9s fedezze fel a vil\u00e1got <strong data-start=\"795\" data-end=\"826\">prec\u00edzi\u00f3s m\u0171anyag extrud\u00e1l\u00e1s<\/strong> vel\u00fcnk.<\/p>\t\t\t\t\t\t\t\t<\/div>\n\t\t\t\t<\/div>\n\t\t\t\t\t<\/div>\n\t\t\t\t<\/div>\n\t\t<div class=\"elementor-element elementor-element-63e37e1 e-flex e-con-boxed e-con e-parent\" data-id=\"63e37e1\" data-element_type=\"container\">\n\t\t\t\t\t<div class=\"e-con-inner\">\n\t\t\t\t<div class=\"elementor-element elementor-element-2a5b4ce elementor-widget elementor-widget-spacer\" data-id=\"2a5b4ce\" data-element_type=\"widget\" data-widget_type=\"spacer.default\">\n\t\t\t\t<div class=\"elementor-widget-container\">\n\t\t\t\t\t\t\t<div class=\"elementor-spacer\">\n\t\t\t<div class=\"elementor-spacer-inner\"><\/div>\n\t\t<\/div>\n\t\t\t\t\t\t<\/div>\n\t\t\t\t<\/div>\n\t\t\t\t\t<\/div>\n\t\t\t\t<\/div>\n\t\t<div class=\"elementor-element elementor-element-5f4ee64 e-flex e-con-boxed e-con e-parent\" data-id=\"5f4ee64\" data-element_type=\"container\">\n\t\t\t\t\t<div class=\"e-con-inner\">\n\t\t\t\t\t<\/div>\n\t\t\t\t<\/div>\n\t\t\t\t<\/div>","protected":false},"excerpt":{"rendered":"<p>Thank you for visiting the ST Plastics Blog!Here, we share insights, innovations, and useful updates about the plastic profiles, tubes, insulating elements, and manufacturing technologies we work with every day. Whether you&#8217;re in construction, electronics, transportation, or marine industries, our blog is designed to support professionals looking for reliable material solutions, production tips, or new [&hellip;]<\/p>\n","protected":false},"author":1,"featured_media":0,"parent":0,"menu_order":0,"comment_status":"closed","ping_status":"closed","template":"","meta":{"footnotes":""},"class_list":["post-2261","page","type-page","status-publish","hentry"],"blocksy_meta":[],"yoast_head":"<!-- This site is optimized with the Yoast SEO Premium plugin v26.4 (Yoast SEO v26.4) - https:\/\/yoast.com\/wordpress\/plugins\/seo\/ -->\n<title>Extrusion Profile Tubes Technologie Explained -<\/title>\n<meta name=\"description\" content=\"Learn about extrusion profile tubes technologie and discover how we create customized plastic profiles and coextrusion options.\" \/>\n<meta name=\"robots\" content=\"index, follow, max-snippet:-1, max-image-preview:large, max-video-preview:-1\" \/>\n<link rel=\"canonical\" href=\"https:\/\/stp-extrusion.com\/hu\/blog\/\" \/>\n<meta property=\"og:locale\" content=\"hu_HU\" \/>\n<meta property=\"og:type\" content=\"article\" \/>\n<meta property=\"og:title\" content=\"Blog\" \/>\n<meta property=\"og:description\" content=\"Learn about extrusion profile tubes technologie and discover how we create customized plastic profiles and coextrusion options.\" \/>\n<meta property=\"og:url\" content=\"https:\/\/stp-extrusion.com\/hu\/blog\/\" \/>\n<meta property=\"article:modified_time\" content=\"2025-09-18T14:27:36+00:00\" \/>\n<meta name=\"twitter:card\" content=\"summary_large_image\" \/>\n<meta name=\"twitter:label1\" content=\"Becs\u00fclt olvas\u00e1si id\u0151\" \/>\n\t<meta name=\"twitter:data1\" content=\"1 perc\" \/>\n<script type=\"application\/ld+json\" class=\"yoast-schema-graph\">{\"@context\":\"https:\/\/schema.org\",\"@graph\":[{\"@type\":\"WebPage\",\"@id\":\"https:\/\/stp-extrusion.com\/blog\/\",\"url\":\"https:\/\/stp-extrusion.com\/blog\/\",\"name\":\"Extrusion Profile Tubes Technologie Explained -\",\"isPartOf\":{\"@id\":\"https:\/\/stp-extrusion.com\/#website\"},\"datePublished\":\"2025-01-07T08:09:30+00:00\",\"dateModified\":\"2025-09-18T14:27:36+00:00\",\"description\":\"Learn about extrusion profile tubes technologie and discover how we create customized plastic profiles and coextrusion options.\",\"breadcrumb\":{\"@id\":\"https:\/\/stp-extrusion.com\/blog\/#breadcrumb\"},\"inLanguage\":\"hu\",\"potentialAction\":[{\"@type\":\"ReadAction\",\"target\":[\"https:\/\/stp-extrusion.com\/blog\/\"]}]},{\"@type\":\"BreadcrumbList\",\"@id\":\"https:\/\/stp-extrusion.com\/blog\/#breadcrumb\",\"itemListElement\":[{\"@type\":\"ListItem\",\"position\":1,\"name\":\"Home\",\"item\":\"https:\/\/stp-extrusion.com\/\"},{\"@type\":\"ListItem\",\"position\":2,\"name\":\"Blog\"}]},{\"@type\":\"WebSite\",\"@id\":\"https:\/\/stp-extrusion.com\/#website\",\"url\":\"https:\/\/stp-extrusion.com\/\",\"name\":\"STP-extrusion.com\",\"description\":\"\",\"publisher\":{\"@id\":\"https:\/\/stp-extrusion.com\/#organization\"},\"potentialAction\":[{\"@type\":\"SearchAction\",\"target\":{\"@type\":\"EntryPoint\",\"urlTemplate\":\"https:\/\/stp-extrusion.com\/?s={search_term_string}\"},\"query-input\":{\"@type\":\"PropertyValueSpecification\",\"valueRequired\":true,\"valueName\":\"search_term_string\"}}],\"inLanguage\":\"hu\"},{\"@type\":\"Organization\",\"@id\":\"https:\/\/stp-extrusion.com\/#organization\",\"name\":\"ST Plastics\",\"url\":\"https:\/\/stp-extrusion.com\/\",\"logo\":{\"@type\":\"ImageObject\",\"inLanguage\":\"hu\",\"@id\":\"https:\/\/stp-extrusion.com\/#\/schema\/logo\/image\/\",\"url\":\"\",\"contentUrl\":\"\",\"caption\":\"ST Plastics\"},\"image\":{\"@id\":\"https:\/\/stp-extrusion.com\/#\/schema\/logo\/image\/\"}}]}<\/script>\n<!-- \/ Yoast SEO Premium plugin. -->","yoast_head_json":{"title":"Extrusion Profile Tubes Technologie Explained -","description":"Learn about extrusion profile tubes technologie and discover how we create customized plastic profiles and coextrusion options.","robots":{"index":"index","follow":"follow","max-snippet":"max-snippet:-1","max-image-preview":"max-image-preview:large","max-video-preview":"max-video-preview:-1"},"canonical":"https:\/\/stp-extrusion.com\/hu\/blog\/","og_locale":"hu_HU","og_type":"article","og_title":"Blog","og_description":"Learn about extrusion profile tubes technologie and discover how we create customized plastic profiles and coextrusion options.","og_url":"https:\/\/stp-extrusion.com\/hu\/blog\/","article_modified_time":"2025-09-18T14:27:36+00:00","twitter_card":"summary_large_image","twitter_misc":{"Becs\u00fclt olvas\u00e1si id\u0151":"1 perc"},"schema":{"@context":"https:\/\/schema.org","@graph":[{"@type":"WebPage","@id":"https:\/\/stp-extrusion.com\/blog\/","url":"https:\/\/stp-extrusion.com\/blog\/","name":"Extrusion Profile Tubes Technologie Explained -","isPartOf":{"@id":"https:\/\/stp-extrusion.com\/#website"},"datePublished":"2025-01-07T08:09:30+00:00","dateModified":"2025-09-18T14:27:36+00:00","description":"Learn about extrusion profile tubes technologie and discover how we create customized plastic profiles and coextrusion options.","breadcrumb":{"@id":"https:\/\/stp-extrusion.com\/blog\/#breadcrumb"},"inLanguage":"hu","potentialAction":[{"@type":"ReadAction","target":["https:\/\/stp-extrusion.com\/blog\/"]}]},{"@type":"BreadcrumbList","@id":"https:\/\/stp-extrusion.com\/blog\/#breadcrumb","itemListElement":[{"@type":"ListItem","position":1,"name":"Home","item":"https:\/\/stp-extrusion.com\/"},{"@type":"ListItem","position":2,"name":"Blog"}]},{"@type":"WebSite","@id":"https:\/\/stp-extrusion.com\/#website","url":"https:\/\/stp-extrusion.com\/","name":"STP-extrusion.com","description":"","publisher":{"@id":"https:\/\/stp-extrusion.com\/#organization"},"potentialAction":[{"@type":"SearchAction","target":{"@type":"EntryPoint","urlTemplate":"https:\/\/stp-extrusion.com\/?s={search_term_string}"},"query-input":{"@type":"PropertyValueSpecification","valueRequired":true,"valueName":"search_term_string"}}],"inLanguage":"hu"},{"@type":"Organization","@id":"https:\/\/stp-extrusion.com\/#organization","name":"ST Plastics","url":"https:\/\/stp-extrusion.com\/","logo":{"@type":"ImageObject","inLanguage":"hu","@id":"https:\/\/stp-extrusion.com\/#\/schema\/logo\/image\/","url":"","contentUrl":"","caption":"ST Plastics"},"image":{"@id":"https:\/\/stp-extrusion.com\/#\/schema\/logo\/image\/"}}]}},"_links":{"self":[{"href":"https:\/\/stp-extrusion.com\/hu\/wp-json\/wp\/v2\/pages\/2261","targetHints":{"allow":["GET"]}}],"collection":[{"href":"https:\/\/stp-extrusion.com\/hu\/wp-json\/wp\/v2\/pages"}],"about":[{"href":"https:\/\/stp-extrusion.com\/hu\/wp-json\/wp\/v2\/types\/page"}],"author":[{"embeddable":true,"href":"https:\/\/stp-extrusion.com\/hu\/wp-json\/wp\/v2\/users\/1"}],"replies":[{"embeddable":true,"href":"https:\/\/stp-extrusion.com\/hu\/wp-json\/wp\/v2\/comments?post=2261"}],"version-history":[{"count":28,"href":"https:\/\/stp-extrusion.com\/hu\/wp-json\/wp\/v2\/pages\/2261\/revisions"}],"predecessor-version":[{"id":3166,"href":"https:\/\/stp-extrusion.com\/hu\/wp-json\/wp\/v2\/pages\/2261\/revisions\/3166"}],"wp:attachment":[{"href":"https:\/\/stp-extrusion.com\/hu\/wp-json\/wp\/v2\/media?parent=2261"}],"curies":[{"name":"wp","href":"https:\/\/api.w.org\/{rel}","templated":true}]}}