{"id":2583,"date":"2025-05-24T13:56:58","date_gmt":"2025-05-24T11:56:58","guid":{"rendered":"https:\/\/stp-extrusion.com\/?page_id=2583"},"modified":"2025-07-10T07:18:08","modified_gmt":"2025-07-10T05:18:08","slug":"thank-you-for-registering-as-a-logistics-partner","status":"publish","type":"page","link":"https:\/\/stp-extrusion.com\/hr\/thank-you-for-registering-as-a-logistics-partner\/","title":{"rendered":"Hvala vam \u0161to ste se registrirali kao logisti\u010dki partner"},"content":{"rendered":"<div data-elementor-type=\"wp-page\" data-elementor-id=\"2583\" class=\"elementor elementor-2583\">\n\t\t\t\t<div class=\"elementor-element elementor-element-46f965e e-flex e-con-boxed e-con e-parent\" data-id=\"46f965e\" data-element_type=\"container\">\n\t\t\t\t\t<div class=\"e-con-inner\">\n\t\t\t\t<div class=\"elementor-element elementor-element-217ba29 elementor-widget elementor-widget-text-editor\" data-id=\"217ba29\" data-element_type=\"widget\" data-widget_type=\"text-editor.default\">\n\t\t\t\t<div class=\"elementor-widget-container\">\n\t\t\t\t\t\t\t\t\t<p data-start=\"206\" data-end=\"296\"><strong data-start=\"206\" data-end=\"296\">Zahvaljujemo na Va\u0161em interesu da postanete logisti\u010dki ili teretni partner na\u0161e tvrtke.<\/strong><\/p><p data-start=\"298\" data-end=\"563\">Iskreno cijenimo vrijeme i trud koji ste ulo\u017eili u slanje podataka o va\u0161oj tvrtki te izra\u017eavamo spremnost za suradnju s nama. Va\u0161a je registracija uspje\u0161no primljena i na\u0161i \u0107e je odjeli za logistiku i nabavu pa\u017eljivo procijeniti.<\/p>\t\t\t\t\t\t\t\t<\/div>\n\t\t\t\t<\/div>\n\t\t\t\t\t<\/div>\n\t\t\t\t<\/div>\n\t\t<div class=\"elementor-element elementor-element-d607c45 e-flex e-con-boxed e-con e-parent\" data-id=\"d607c45\" data-element_type=\"container\">\n\t\t\t\t\t<div class=\"e-con-inner\">\n\t\t\t\t<div class=\"elementor-element elementor-element-89d603d elementor-widget elementor-widget-text-editor\" data-id=\"89d603d\" data-element_type=\"widget\" data-widget_type=\"text-editor.default\">\n\t\t\t\t<div class=\"elementor-widget-container\">\n\t\t\t\t\t\t\t\t\t<p data-start=\"565\" data-end=\"945\">Kako kontinuirano te\u017eimo pro\u0161irenju i pobolj\u0161anju na\u0161e transportne mre\u017ee, uvijek tra\u017eimo pouzdane, fleksibilne i profesionalne logisti\u010dke partnere koji nam mogu pomo\u0107i u sigurnoj, u\u010dinkovitoj i pravovremenoj isporuci robe. Ako va\u0161e usluge odgovaraju na\u0161im trenutnim ili budu\u0107im transportnim potrebama, izravno \u0107emo vas kontaktirati s relevantnim upitima o prijevozu tereta ili zahtjevima za ponudu.<\/p><p data-start=\"947\" data-end=\"1165\">Imajte na umu da nam je prioritet dugoro\u010dna suradnja temeljena na transparentnosti, to\u010dnosti i me\u0111usobnom povjerenju. \u010cak i ako ne postoji neposredna prilika, va\u0161i \u0107e podaci ostati u na\u0161oj bazi podataka dobavlja\u010da za budu\u0107u upotrebu.<\/p><p data-start=\"1167\" data-end=\"1265\">Veselimo se mogu\u0107nosti suradnje i izgradnje sna\u017enog i trajnog partnerstva.<\/p>\t\t\t\t\t\t\t\t<\/div>\n\t\t\t\t<\/div>\n\t\t\t\t\t<\/div>\n\t\t\t\t<\/div>\n\t\t<div class=\"elementor-element elementor-element-0daceca e-flex e-con-boxed e-con e-parent\" data-id=\"0daceca\" data-element_type=\"container\">\n\t\t\t\t\t<div class=\"e-con-inner\">\n\t\t\t\t<div class=\"elementor-element elementor-element-c9647e0 elementor-widget elementor-widget-button\" data-id=\"c9647e0\" data-element_type=\"widget\" data-widget_type=\"button.default\">\n\t\t\t\t<div class=\"elementor-widget-container\">\n\t\t\t\t\t\t\t\t\t<div class=\"elementor-button-wrapper\">\n\t\t\t\t\t<a class=\"elementor-button elementor-button-link elementor-size-sm\" href=\"https:\/\/stp-extrusion.com\/hr\/\">\n\t\t\t\t\t\t<span class=\"elementor-button-content-wrapper\">\n\t\t\t\t\t\t\t\t\t<span class=\"elementor-button-text\">Natrag na glavnu stranicu<\/span>\n\t\t\t\t\t<\/span>\n\t\t\t\t\t<\/a>\n\t\t\t\t<\/div>\n\t\t\t\t\t\t\t\t<\/div>\n\t\t\t\t<\/div>\n\t\t\t\t\t<\/div>\n\t\t\t\t<\/div>\n\t\t\t\t<\/div>","protected":false},"excerpt":{"rendered":"<p>Thank you for your interest in becoming a logistics or freight partner of our company. We sincerely appreciate the time and effort you took to submit your company information and express your willingness to cooperate with us. Your registration has been successfully received and will be carefully evaluated by our logistics and procurement departments. As [&hellip;]<\/p>\n","protected":false},"author":2,"featured_media":0,"parent":0,"menu_order":0,"comment_status":"closed","ping_status":"closed","template":"","meta":{"footnotes":""},"class_list":["post-2583","page","type-page","status-publish","hentry"],"blocksy_meta":[],"yoast_head":"<!-- This site is optimized with the Yoast SEO Premium plugin v26.4 (Yoast SEO v26.4) - https:\/\/yoast.com\/wordpress\/plugins\/seo\/ -->\n<title>Logistic Partner Registration: Complete Guide -<\/title>\n<meta name=\"description\" content=\"Explore the benefits of becoming a logistic partner. Join us for potential cooperation based on trust and reliability.\" \/>\n<meta name=\"robots\" content=\"index, follow, max-snippet:-1, max-image-preview:large, max-video-preview:-1\" \/>\n<link rel=\"canonical\" href=\"https:\/\/stp-extrusion.com\/hr\/thank-you-for-registering-as-a-logistics-partner\/\" \/>\n<meta property=\"og:locale\" content=\"hr_HR\" \/>\n<meta property=\"og:type\" content=\"article\" \/>\n<meta property=\"og:title\" content=\"Thank You for Registering as a Logistics Partner\" \/>\n<meta property=\"og:description\" content=\"Explore the benefits of becoming a logistic partner. Join us for potential cooperation based on trust and reliability.\" \/>\n<meta property=\"og:url\" content=\"https:\/\/stp-extrusion.com\/hr\/thank-you-for-registering-as-a-logistics-partner\/\" \/>\n<meta property=\"article:modified_time\" content=\"2025-07-10T05:18:08+00:00\" \/>\n<meta name=\"twitter:card\" content=\"summary_large_image\" \/>\n<meta name=\"twitter:label1\" content=\"Procijenjeno vrijeme \u010ditanja\" \/>\n\t<meta name=\"twitter:data1\" content=\"1 minuta\" \/>\n<script type=\"application\/ld+json\" class=\"yoast-schema-graph\">{\"@context\":\"https:\/\/schema.org\",\"@graph\":[{\"@type\":\"WebPage\",\"@id\":\"https:\/\/stp-extrusion.com\/thank-you-for-registering-as-a-logistics-partner\/\",\"url\":\"https:\/\/stp-extrusion.com\/thank-you-for-registering-as-a-logistics-partner\/\",\"name\":\"Logistic Partner Registration: Complete Guide -\",\"isPartOf\":{\"@id\":\"https:\/\/stp-extrusion.com\/#website\"},\"datePublished\":\"2025-05-24T11:56:58+00:00\",\"dateModified\":\"2025-07-10T05:18:08+00:00\",\"description\":\"Explore the benefits of becoming a logistic partner. Join us for potential cooperation based on trust and reliability.\",\"breadcrumb\":{\"@id\":\"https:\/\/stp-extrusion.com\/thank-you-for-registering-as-a-logistics-partner\/#breadcrumb\"},\"inLanguage\":\"hr\",\"potentialAction\":[{\"@type\":\"ReadAction\",\"target\":[\"https:\/\/stp-extrusion.com\/thank-you-for-registering-as-a-logistics-partner\/\"]}]},{\"@type\":\"BreadcrumbList\",\"@id\":\"https:\/\/stp-extrusion.com\/thank-you-for-registering-as-a-logistics-partner\/#breadcrumb\",\"itemListElement\":[{\"@type\":\"ListItem\",\"position\":1,\"name\":\"Home\",\"item\":\"https:\/\/stp-extrusion.com\/\"},{\"@type\":\"ListItem\",\"position\":2,\"name\":\"Thank You for Registering as a Logistics Partner\"}]},{\"@type\":\"WebSite\",\"@id\":\"https:\/\/stp-extrusion.com\/#website\",\"url\":\"https:\/\/stp-extrusion.com\/\",\"name\":\"STP-extrusion.com\",\"description\":\"\",\"publisher\":{\"@id\":\"https:\/\/stp-extrusion.com\/#organization\"},\"potentialAction\":[{\"@type\":\"SearchAction\",\"target\":{\"@type\":\"EntryPoint\",\"urlTemplate\":\"https:\/\/stp-extrusion.com\/?s={search_term_string}\"},\"query-input\":{\"@type\":\"PropertyValueSpecification\",\"valueRequired\":true,\"valueName\":\"search_term_string\"}}],\"inLanguage\":\"hr\"},{\"@type\":\"Organization\",\"@id\":\"https:\/\/stp-extrusion.com\/#organization\",\"name\":\"ST Plastics\",\"url\":\"https:\/\/stp-extrusion.com\/\",\"logo\":{\"@type\":\"ImageObject\",\"inLanguage\":\"hr\",\"@id\":\"https:\/\/stp-extrusion.com\/#\/schema\/logo\/image\/\",\"url\":\"\",\"contentUrl\":\"\",\"caption\":\"ST Plastics\"},\"image\":{\"@id\":\"https:\/\/stp-extrusion.com\/#\/schema\/logo\/image\/\"}}]}<\/script>\n<!-- \/ Yoast SEO Premium plugin. -->","yoast_head_json":{"title":"Logistic Partner Registration: Complete Guide -","description":"Explore the benefits of becoming a logistic partner. Join us for potential cooperation based on trust and reliability.","robots":{"index":"index","follow":"follow","max-snippet":"max-snippet:-1","max-image-preview":"max-image-preview:large","max-video-preview":"max-video-preview:-1"},"canonical":"https:\/\/stp-extrusion.com\/hr\/thank-you-for-registering-as-a-logistics-partner\/","og_locale":"hr_HR","og_type":"article","og_title":"Thank You for Registering as a Logistics Partner","og_description":"Explore the benefits of becoming a logistic partner. Join us for potential cooperation based on trust and reliability.","og_url":"https:\/\/stp-extrusion.com\/hr\/thank-you-for-registering-as-a-logistics-partner\/","article_modified_time":"2025-07-10T05:18:08+00:00","twitter_card":"summary_large_image","twitter_misc":{"Procijenjeno vrijeme \u010ditanja":"1 minuta"},"schema":{"@context":"https:\/\/schema.org","@graph":[{"@type":"WebPage","@id":"https:\/\/stp-extrusion.com\/thank-you-for-registering-as-a-logistics-partner\/","url":"https:\/\/stp-extrusion.com\/thank-you-for-registering-as-a-logistics-partner\/","name":"Logistic Partner Registration: Complete Guide -","isPartOf":{"@id":"https:\/\/stp-extrusion.com\/#website"},"datePublished":"2025-05-24T11:56:58+00:00","dateModified":"2025-07-10T05:18:08+00:00","description":"Explore the benefits of becoming a logistic partner. Join us for potential cooperation based on trust and reliability.","breadcrumb":{"@id":"https:\/\/stp-extrusion.com\/thank-you-for-registering-as-a-logistics-partner\/#breadcrumb"},"inLanguage":"hr","potentialAction":[{"@type":"ReadAction","target":["https:\/\/stp-extrusion.com\/thank-you-for-registering-as-a-logistics-partner\/"]}]},{"@type":"BreadcrumbList","@id":"https:\/\/stp-extrusion.com\/thank-you-for-registering-as-a-logistics-partner\/#breadcrumb","itemListElement":[{"@type":"ListItem","position":1,"name":"Home","item":"https:\/\/stp-extrusion.com\/"},{"@type":"ListItem","position":2,"name":"Thank You for Registering as a Logistics Partner"}]},{"@type":"WebSite","@id":"https:\/\/stp-extrusion.com\/#website","url":"https:\/\/stp-extrusion.com\/","name":"STP-extrusion.com","description":"","publisher":{"@id":"https:\/\/stp-extrusion.com\/#organization"},"potentialAction":[{"@type":"SearchAction","target":{"@type":"EntryPoint","urlTemplate":"https:\/\/stp-extrusion.com\/?s={search_term_string}"},"query-input":{"@type":"PropertyValueSpecification","valueRequired":true,"valueName":"search_term_string"}}],"inLanguage":"hr"},{"@type":"Organization","@id":"https:\/\/stp-extrusion.com\/#organization","name":"ST Plastika","url":"https:\/\/stp-extrusion.com\/","logo":{"@type":"ImageObject","inLanguage":"hr","@id":"https:\/\/stp-extrusion.com\/#\/schema\/logo\/image\/","url":"","contentUrl":"","caption":"ST Plastics"},"image":{"@id":"https:\/\/stp-extrusion.com\/#\/schema\/logo\/image\/"}}]}},"_links":{"self":[{"href":"https:\/\/stp-extrusion.com\/hr\/wp-json\/wp\/v2\/pages\/2583","targetHints":{"allow":["GET"]}}],"collection":[{"href":"https:\/\/stp-extrusion.com\/hr\/wp-json\/wp\/v2\/pages"}],"about":[{"href":"https:\/\/stp-extrusion.com\/hr\/wp-json\/wp\/v2\/types\/page"}],"author":[{"embeddable":true,"href":"https:\/\/stp-extrusion.com\/hr\/wp-json\/wp\/v2\/users\/2"}],"replies":[{"embeddable":true,"href":"https:\/\/stp-extrusion.com\/hr\/wp-json\/wp\/v2\/comments?post=2583"}],"version-history":[{"count":13,"href":"https:\/\/stp-extrusion.com\/hr\/wp-json\/wp\/v2\/pages\/2583\/revisions"}],"predecessor-version":[{"id":2823,"href":"https:\/\/stp-extrusion.com\/hr\/wp-json\/wp\/v2\/pages\/2583\/revisions\/2823"}],"wp:attachment":[{"href":"https:\/\/stp-extrusion.com\/hr\/wp-json\/wp\/v2\/media?parent=2583"}],"curies":[{"name":"radni list","href":"https:\/\/api.w.org\/{rel}","templated":true}]}}