{"id":2526,"date":"2025-05-24T10:54:40","date_gmt":"2025-05-24T08:54:40","guid":{"rendered":"https:\/\/stp-extrusion.com\/?page_id=2526"},"modified":"2025-07-10T07:39:04","modified_gmt":"2025-07-10T05:39:04","slug":"supplier-portal","status":"publish","type":"page","link":"https:\/\/stp-extrusion.com\/hr\/supplier-portal\/","title":{"rendered":"Portal za dobavlja\u010de"},"content":{"rendered":"<div data-elementor-type=\"wp-page\" data-elementor-id=\"2526\" class=\"elementor elementor-2526\">\n\t\t\t\t<div class=\"elementor-element elementor-element-06beada e-flex e-con-boxed e-con e-parent\" data-id=\"06beada\" data-element_type=\"container\">\n\t\t\t\t\t<div class=\"e-con-inner\">\n\t\t\t\t<div class=\"elementor-element elementor-element-0b5fdd7 elementor-widget elementor-widget-heading\" data-id=\"0b5fdd7\" data-element_type=\"widget\" data-widget_type=\"heading.default\">\n\t\t\t\t<div class=\"elementor-widget-container\">\n\t\t\t\t\t<h2 class=\"elementor-heading-title elementor-size-default\">Dobrodo\u0161li na na\u0161 portal za dobavlja\u010de<\/h2>\t\t\t\t<\/div>\n\t\t\t\t<\/div>\n\t\t\t\t\t<\/div>\n\t\t\t\t<\/div>\n\t\t<div class=\"elementor-element elementor-element-63e18c8 e-flex e-con-boxed e-con e-parent\" data-id=\"63e18c8\" data-element_type=\"container\">\n\t\t\t\t\t<div class=\"e-con-inner\">\n\t\t\t\t<div class=\"elementor-element elementor-element-0283e8e elementor-widget elementor-widget-text-editor\" data-id=\"0283e8e\" data-element_type=\"widget\" data-widget_type=\"text-editor.default\">\n\t\t\t\t<div class=\"elementor-widget-container\">\n\t\t\t\t\t\t\t\t\t<p class=\"\" data-start=\"207\" data-end=\"370\">Hvala vam na interesu za suradnju s nama.<br class=\"\" data-start=\"257\" data-end=\"260\" \/>Kako bismo mogli u\u010dinkovito usmjeriti va\u0161u registraciju, odaberite vrstu dobavlja\u010da iz padaju\u0107eg izbornika u nastavku:<\/p>\t\t\t\t\t\t\t\t<\/div>\n\t\t\t\t<\/div>\n\t\t\t\t\t<\/div>\n\t\t\t\t<\/div>\n\t\t<div class=\"elementor-element elementor-element-adae60b e-flex e-con-boxed e-con e-parent\" data-id=\"adae60b\" data-element_type=\"container\">\n\t\t\t\t\t<div class=\"e-con-inner\">\n\t\t\t\t<div class=\"elementor-element elementor-element-582afb9 elementor-widget__width-initial elementor-widget elementor-widget-html\" data-id=\"582afb9\" data-element_type=\"widget\" data-widget_type=\"html.default\">\n\t\t\t\t<div class=\"elementor-widget-container\">\n\t\t\t\t\t<select onchange=\"if (this.value) window.location.href=this.value;\">\n  <option value=\"\">Odaberite s popisa<\/option>\n  <option value=\"\/supplier-information-raw-material-suppliers\">Dobavlja\u010d sirovina<\/option>\n  <option value=\"\/supplier-information-logistics-freight-partners\">Logisti\u010dki \/ \u0160pediterski partner<\/option>\n  <option value=\"\/supplier-information-goods-service-providers\">Pru\u017eatelj opreme, ureda i usluga<\/option>\n<\/select>\t\t\t\t<\/div>\n\t\t\t\t<\/div>\n\t\t\t\t\t<\/div>\n\t\t\t\t<\/div>\n\t\t<div class=\"elementor-element elementor-element-1a0e756 e-flex e-con-boxed e-con e-parent\" data-id=\"1a0e756\" data-element_type=\"container\">\n\t\t\t\t\t<div class=\"e-con-inner\">\n\t\t\t\t<div class=\"elementor-element elementor-element-d157369 elementor-widget elementor-widget-text-editor\" data-id=\"d157369\" data-element_type=\"widget\" data-widget_type=\"text-editor.default\">\n\t\t\t\t<div class=\"elementor-widget-container\">\n\t\t\t\t\t\t\t\t\t<p>To \u0107e osigurati da va\u0161a prijava stigne do odgovaraju\u0107eg tima.<\/p>\t\t\t\t\t\t\t\t<\/div>\n\t\t\t\t<\/div>\n\t\t\t\t\t<\/div>\n\t\t\t\t<\/div>\n\t\t<div class=\"elementor-element elementor-element-df87b86 e-flex e-con-boxed e-con e-parent\" data-id=\"df87b86\" data-element_type=\"container\">\n\t\t\t\t\t<div class=\"e-con-inner\">\n\t\t\t\t<div class=\"elementor-element elementor-element-bdc7535 elementor-widget elementor-widget-text-editor\" data-id=\"bdc7535\" data-element_type=\"widget\" data-widget_type=\"text-editor.default\">\n\t\t\t\t<div class=\"elementor-widget-container\">\n\t\t\t\t\t\t\t\t\t<p data-start=\"241\" data-end=\"339\"><strong data-start=\"241\" data-end=\"339\">Optimizacija kvalitete proizvoda i suradnje s dobavlja\u010dima putem portala za dobavlja\u010de ST Plastics<\/strong><\/p><p data-start=\"341\" data-end=\"678\">U ST Plasticsu, na\u0161a predanost kontinuiranom pobolj\u0161anju prote\u017ee se izvan na\u0161ih proizvodnih linija - dose\u017ee svaki kutak na\u0161eg lanca opskrbe. Kako bismo podr\u017eali ovu viziju, razvili smo namjenski <strong data-start=\"541\" data-end=\"560\">portal dobavlja\u010da<\/strong>, osmi\u0161ljen kako bi oja\u010dao suradnju, pobolj\u0161ao transparentnost i osigurao najvi\u0161e standarde <strong data-start=\"658\" data-end=\"677\">kvaliteta proizvoda<\/strong>.<\/p><p data-start=\"680\" data-end=\"1205\">Primarni cilj na\u0161eg portala za dobavlja\u010de je pru\u017eiti na\u0161im partnerima intuitivnu i u\u010dinkovitu platformu za kontinuiranu komunikaciju i suradnju. Pojednostavljenjem procesa uvo\u0111enja u posao i <strong data-start=\"863\" data-end=\"905\">proces uvo\u0111enja novih dobavlja\u010da<\/strong>, cilj nam je stvoriti smislenija, dugoro\u010dnija partnerstva temeljena na povjerenju i me\u0111usobnom rastu. Portal pru\u017ea dobavlja\u010dima priliku da predstave svoje sposobnosti, certifikate i inovacije na strukturiran i pristupa\u010dan na\u010din - omogu\u0107uju\u0107i na\u0161em nabavnom timu da donosi bolje i br\u017ee odluke.<\/p><p data-start=\"1207\" data-end=\"1573\">Putem ove platforme tako\u0111er pobolj\u0161avamo na\u0161u sposobnost da <strong data-start=\"1267\" data-end=\"1289\">podaci o kvaliteti traga<\/strong>, <strong data-start=\"1291\" data-end=\"1324\">dijeljenje tehni\u010dke dokumentacije<\/strong>i uspostaviti jasna o\u010dekivanja u vezi sa standardima materijala i rokovima isporuke. Ovi napori ne samo da pobolj\u0161avaju <strong data-start=\"1453\" data-end=\"1490\">konzistentnost ulaznih materijala<\/strong>, ali i izravno doprinose\u0107i <strong data-start=\"1530\" data-end=\"1572\">pouzdanost cijelog na\u0161eg lanca opskrbe<\/strong>.<\/p><p data-start=\"1575\" data-end=\"1909\">\u0160tovi\u0161e, centralizacijom evaluacija dobavlja\u010da, povratnih informacija o u\u010dinku i evidencije o uskla\u0111enosti mo\u017eemo prepoznati prilike za pobolj\u0161anje i br\u017ee reagirati na bilo kakve probleme s kvalitetom ili logistikom. To stvara otporniju i agilniju mre\u017eu opskrbe koja je uskla\u0111ena s ciljevima STP Plasticsa u pogledu inovacija i zadovoljstva kupaca.<\/p><p data-start=\"1911\" data-end=\"2176\">Na\u0161 portal za dobavlja\u010de vi\u0161e je od pukog alata - to je predanost zajedni\u010dkoj izgradnji boljih proizvoda. Kako nastavljamo rasti, pozivamo na\u0161e dobavlja\u010de da budu dio zajedni\u010dkog putovanja prema operativnoj izvrsnosti, transparentnoj komunikaciji i odr\u017eivom uspjehu.\u00a0<\/p><p data-start=\"1911\" data-end=\"2176\">\u00a0<\/p><p data-start=\"1911\" data-end=\"2176\">ST tim za plastiku<\/p>\t\t\t\t\t\t\t\t<\/div>\n\t\t\t\t<\/div>\n\t\t\t\t\t<\/div>\n\t\t\t\t<\/div>\n\t\t\t\t<\/div>","protected":false},"excerpt":{"rendered":"<p>Welcome to Our Supplier Portal Thank you for your interest in partnering with us.To help us route your registration efficiently, please select your supplier type from the dropdown menu below: Choose from the listRaw Material SupplierLogistics \/ Freight PartnerEquipment, Office &#038; Service Provider This will ensure your application reaches the appropriate team. Optimizing Product Quality [&hellip;]<\/p>\n","protected":false},"author":2,"featured_media":0,"parent":0,"menu_order":0,"comment_status":"closed","ping_status":"closed","template":"","meta":{"footnotes":""},"class_list":["post-2526","page","type-page","status-publish","hentry"],"blocksy_meta":[],"yoast_head":"<!-- This site is optimized with the Yoast SEO Premium plugin v26.4 (Yoast SEO v26.4) - https:\/\/yoast.com\/wordpress\/plugins\/seo\/ -->\n<title>Supplier Registration Thank You for Your Interest -<\/title>\n<meta name=\"description\" content=\"We appreciate your interest in joining our supply network. We\u2019ve received your submission and will review it shortly.\" \/>\n<meta name=\"robots\" content=\"index, follow, max-snippet:-1, max-image-preview:large, max-video-preview:-1\" \/>\n<link rel=\"canonical\" href=\"https:\/\/stp-extrusion.com\/hr\/supplier-portal\/\" \/>\n<meta property=\"og:locale\" content=\"hr_HR\" \/>\n<meta property=\"og:type\" content=\"article\" \/>\n<meta property=\"og:title\" content=\"Supplier Portal\" \/>\n<meta property=\"og:description\" content=\"We appreciate your interest in joining our supply network. We\u2019ve received your submission and will review it shortly.\" \/>\n<meta property=\"og:url\" content=\"https:\/\/stp-extrusion.com\/hr\/supplier-portal\/\" \/>\n<meta property=\"article:modified_time\" content=\"2025-07-10T05:39:04+00:00\" \/>\n<meta name=\"twitter:card\" content=\"summary_large_image\" \/>\n<meta name=\"twitter:label1\" content=\"Procijenjeno vrijeme \u010ditanja\" \/>\n\t<meta name=\"twitter:data1\" content=\"2 minute\" \/>\n<script type=\"application\/ld+json\" class=\"yoast-schema-graph\">{\"@context\":\"https:\/\/schema.org\",\"@graph\":[{\"@type\":\"WebPage\",\"@id\":\"https:\/\/stp-extrusion.com\/supplier-portal\/\",\"url\":\"https:\/\/stp-extrusion.com\/supplier-portal\/\",\"name\":\"Supplier Registration Thank You for Your Interest -\",\"isPartOf\":{\"@id\":\"https:\/\/stp-extrusion.com\/#website\"},\"datePublished\":\"2025-05-24T08:54:40+00:00\",\"dateModified\":\"2025-07-10T05:39:04+00:00\",\"description\":\"We appreciate your interest in joining our supply network. We\u2019ve received your submission and will review it shortly.\",\"breadcrumb\":{\"@id\":\"https:\/\/stp-extrusion.com\/supplier-portal\/#breadcrumb\"},\"inLanguage\":\"hr\",\"potentialAction\":[{\"@type\":\"ReadAction\",\"target\":[\"https:\/\/stp-extrusion.com\/supplier-portal\/\"]}]},{\"@type\":\"BreadcrumbList\",\"@id\":\"https:\/\/stp-extrusion.com\/supplier-portal\/#breadcrumb\",\"itemListElement\":[{\"@type\":\"ListItem\",\"position\":1,\"name\":\"Home\",\"item\":\"https:\/\/stp-extrusion.com\/\"},{\"@type\":\"ListItem\",\"position\":2,\"name\":\"Supplier Portal\"}]},{\"@type\":\"WebSite\",\"@id\":\"https:\/\/stp-extrusion.com\/#website\",\"url\":\"https:\/\/stp-extrusion.com\/\",\"name\":\"STP-extrusion.com\",\"description\":\"\",\"publisher\":{\"@id\":\"https:\/\/stp-extrusion.com\/#organization\"},\"potentialAction\":[{\"@type\":\"SearchAction\",\"target\":{\"@type\":\"EntryPoint\",\"urlTemplate\":\"https:\/\/stp-extrusion.com\/?s={search_term_string}\"},\"query-input\":{\"@type\":\"PropertyValueSpecification\",\"valueRequired\":true,\"valueName\":\"search_term_string\"}}],\"inLanguage\":\"hr\"},{\"@type\":\"Organization\",\"@id\":\"https:\/\/stp-extrusion.com\/#organization\",\"name\":\"ST Plastics\",\"url\":\"https:\/\/stp-extrusion.com\/\",\"logo\":{\"@type\":\"ImageObject\",\"inLanguage\":\"hr\",\"@id\":\"https:\/\/stp-extrusion.com\/#\/schema\/logo\/image\/\",\"url\":\"\",\"contentUrl\":\"\",\"caption\":\"ST Plastics\"},\"image\":{\"@id\":\"https:\/\/stp-extrusion.com\/#\/schema\/logo\/image\/\"}}]}<\/script>\n<!-- \/ Yoast SEO Premium plugin. -->","yoast_head_json":{"title":"Supplier Registration Thank You for Your Interest -","description":"We appreciate your interest in joining our supply network. We\u2019ve received your submission and will review it shortly.","robots":{"index":"index","follow":"follow","max-snippet":"max-snippet:-1","max-image-preview":"max-image-preview:large","max-video-preview":"max-video-preview:-1"},"canonical":"https:\/\/stp-extrusion.com\/hr\/supplier-portal\/","og_locale":"hr_HR","og_type":"article","og_title":"Supplier Portal","og_description":"We appreciate your interest in joining our supply network. We\u2019ve received your submission and will review it shortly.","og_url":"https:\/\/stp-extrusion.com\/hr\/supplier-portal\/","article_modified_time":"2025-07-10T05:39:04+00:00","twitter_card":"summary_large_image","twitter_misc":{"Procijenjeno vrijeme \u010ditanja":"2 minute"},"schema":{"@context":"https:\/\/schema.org","@graph":[{"@type":"WebPage","@id":"https:\/\/stp-extrusion.com\/supplier-portal\/","url":"https:\/\/stp-extrusion.com\/supplier-portal\/","name":"Supplier Registration Thank You for Your Interest -","isPartOf":{"@id":"https:\/\/stp-extrusion.com\/#website"},"datePublished":"2025-05-24T08:54:40+00:00","dateModified":"2025-07-10T05:39:04+00:00","description":"We appreciate your interest in joining our supply network. We\u2019ve received your submission and will review it shortly.","breadcrumb":{"@id":"https:\/\/stp-extrusion.com\/supplier-portal\/#breadcrumb"},"inLanguage":"hr","potentialAction":[{"@type":"ReadAction","target":["https:\/\/stp-extrusion.com\/supplier-portal\/"]}]},{"@type":"BreadcrumbList","@id":"https:\/\/stp-extrusion.com\/supplier-portal\/#breadcrumb","itemListElement":[{"@type":"ListItem","position":1,"name":"Home","item":"https:\/\/stp-extrusion.com\/"},{"@type":"ListItem","position":2,"name":"Supplier Portal"}]},{"@type":"WebSite","@id":"https:\/\/stp-extrusion.com\/#website","url":"https:\/\/stp-extrusion.com\/","name":"STP-extrusion.com","description":"","publisher":{"@id":"https:\/\/stp-extrusion.com\/#organization"},"potentialAction":[{"@type":"SearchAction","target":{"@type":"EntryPoint","urlTemplate":"https:\/\/stp-extrusion.com\/?s={search_term_string}"},"query-input":{"@type":"PropertyValueSpecification","valueRequired":true,"valueName":"search_term_string"}}],"inLanguage":"hr"},{"@type":"Organization","@id":"https:\/\/stp-extrusion.com\/#organization","name":"ST Plastika","url":"https:\/\/stp-extrusion.com\/","logo":{"@type":"ImageObject","inLanguage":"hr","@id":"https:\/\/stp-extrusion.com\/#\/schema\/logo\/image\/","url":"","contentUrl":"","caption":"ST Plastics"},"image":{"@id":"https:\/\/stp-extrusion.com\/#\/schema\/logo\/image\/"}}]}},"_links":{"self":[{"href":"https:\/\/stp-extrusion.com\/hr\/wp-json\/wp\/v2\/pages\/2526","targetHints":{"allow":["GET"]}}],"collection":[{"href":"https:\/\/stp-extrusion.com\/hr\/wp-json\/wp\/v2\/pages"}],"about":[{"href":"https:\/\/stp-extrusion.com\/hr\/wp-json\/wp\/v2\/types\/page"}],"author":[{"embeddable":true,"href":"https:\/\/stp-extrusion.com\/hr\/wp-json\/wp\/v2\/users\/2"}],"replies":[{"embeddable":true,"href":"https:\/\/stp-extrusion.com\/hr\/wp-json\/wp\/v2\/comments?post=2526"}],"version-history":[{"count":18,"href":"https:\/\/stp-extrusion.com\/hr\/wp-json\/wp\/v2\/pages\/2526\/revisions"}],"predecessor-version":[{"id":2635,"href":"https:\/\/stp-extrusion.com\/hr\/wp-json\/wp\/v2\/pages\/2526\/revisions\/2635"}],"wp:attachment":[{"href":"https:\/\/stp-extrusion.com\/hr\/wp-json\/wp\/v2\/media?parent=2526"}],"curies":[{"name":"radni list","href":"https:\/\/api.w.org\/{rel}","templated":true}]}}