{"id":3193,"date":"2025-10-03T07:17:58","date_gmt":"2025-10-03T05:17:58","guid":{"rendered":"https:\/\/stp-extrusion.com\/?page_id=3193"},"modified":"2025-10-03T07:40:53","modified_gmt":"2025-10-03T05:40:53","slug":"thank-you-for-interest","status":"publish","type":"page","link":"https:\/\/stp-extrusion.com\/fr\/thank-you-for-interest\/","title":{"rendered":"Merci de votre int\u00e9r\u00eat !"},"content":{"rendered":"<div data-elementor-type=\"wp-page\" data-elementor-id=\"3193\" class=\"elementor elementor-3193\">\n\t\t\t\t<div class=\"elementor-element elementor-element-70d0318 e-flex e-con-boxed e-con e-parent\" data-id=\"70d0318\" data-element_type=\"container\">\n\t\t\t\t\t<div class=\"e-con-inner\">\n\t\t\t\t<div class=\"elementor-element elementor-element-1279668 elementor-widget elementor-widget-text-editor\" data-id=\"1279668\" data-element_type=\"widget\" data-widget_type=\"text-editor.default\">\n\t\t\t\t<div class=\"elementor-widget-container\">\n\t\t\t\t\t\t\t\t\t<p data-start=\"73\" data-end=\"177\">Nous avons bien re\u00e7u votre message - notre coll\u00e8gue vous contactera dans les plus brefs d\u00e9lais.<\/p><p data-start=\"179\" data-end=\"196\"><strong data-start=\"179\" data-end=\"194\">Prochaines \u00e9tapes :<\/strong><\/p><ul><li data-start=\"220\" data-end=\"302\">Si vous avez un <strong data-start=\"234\" data-end=\"277\">dessin technique \/ DXF \/ sp\u00e9cification<\/strong>veuillez r\u00e9pondre en l'indiquant.<\/li><li data-start=\"305\" data-end=\"380\">Partagez votre <strong data-start=\"316\" data-end=\"350\">quantit\u00e9 et mat\u00e9riel pr\u00e9vus<\/strong> (par exemple, PVC, PE, PC, PS, ABS, TPE).<\/li><li data-start=\"383\" data-end=\"465\">Inclure votre <strong data-start=\"396\" data-end=\"422\">pr\u00e9visions annuelles en volume<\/strong> pour nous aider \u00e0 optimiser la tarification et l'outillage.<\/li><li data-start=\"468\" data-end=\"560\">Faites-nous part de vos commentaires <strong data-start=\"484\" data-end=\"510\">exigences en mati\u00e8re d'emballage<\/strong> (par exemple, paquets, caisses, \u00e9tiquetage, type de palette).<\/li><li data-start=\"563\" data-end=\"715\">D\u00e9crivez bri\u00e8vement le <strong data-start=\"584\" data-end=\"612\">l'utilisation et l'objectif pr\u00e9vus<\/strong> du produit (application, environnement, dur\u00e9e de vie), afin que nous puissions proposer le meilleur mat\u00e9riau et la meilleure conception.<\/li><li data-start=\"405\" data-end=\"484\">Demande urgente ? Envoyez un e-mail \u00e0 sales (at) stp-extrusion.com.<\/li><\/ul><p data-start=\"486\" data-end=\"648\"><strong data-start=\"486\" data-end=\"513\">Ce que vous pouvez attendre de nous :<\/strong><br data-start=\"513\" data-end=\"516\" \/>A <strong data-start=\"518\" data-end=\"543\">devis sur mesure<\/strong> et, si n\u00e9cessaire, un <strong data-start=\"562\" data-end=\"588\">consultation technique<\/strong> pour s'assurer que le profil\u00e9\/tube convient parfaitement \u00e0 votre application.<\/p><p data-start=\"650\" data-end=\"672\"><strong data-start=\"650\" data-end=\"670\">En attendant :<\/strong><\/p><ul data-start=\"673\" data-end=\"787\"><li data-start=\"673\" data-end=\"738\"><p data-start=\"675\" data-end=\"738\">T\u00e9l\u00e9chargez notre bref aper\u00e7u : <em data-start=\"704\" data-end=\"736\">Capacit\u00e9s et mat\u00e9riaux (PDF)<\/em><\/p><\/li><li data-start=\"739\" data-end=\"787\"><p data-start=\"741\" data-end=\"787\">D\u00e9couvrez nos r\u00e9f\u00e9rences et nos solutions industrielles.<\/p><\/li><\/ul><p data-start=\"758\" data-end=\"794\">Nous nous r\u00e9jouissons de travailler avec vous !<\/p><p data-start=\"796\" data-end=\"818\">- L'\u00e9quipe ST PlasticsPVC,\u00a0<\/p>\t\t\t\t\t\t\t\t<\/div>\n\t\t\t\t<\/div>\n\t\t\t\t\t<\/div>\n\t\t\t\t<\/div>\n\t\t<div class=\"elementor-element elementor-element-589d75c e-flex e-con-boxed e-con e-parent\" data-id=\"589d75c\" data-element_type=\"container\">\n\t\t\t\t\t<div class=\"e-con-inner\">\n\t\t\t\t<div class=\"elementor-element elementor-element-798209d elementor-align-center elementor-widget elementor-widget-button\" data-id=\"798209d\" data-element_type=\"widget\" data-widget_type=\"button.default\">\n\t\t\t\t<div class=\"elementor-widget-container\">\n\t\t\t\t\t\t\t\t\t<div class=\"elementor-button-wrapper\">\n\t\t\t\t\t<a class=\"elementor-button elementor-button-link elementor-size-sm\" href=\"https:\/\/stp-extrusion.com\/fr\/profile-and-tubes-catalogue\/\">\n\t\t\t\t\t\t<span class=\"elementor-button-content-wrapper\">\n\t\t\t\t\t\t\t\t\t<span class=\"elementor-button-text\">Aller au catalogue ST Plastics <\/span>\n\t\t\t\t\t<\/span>\n\t\t\t\t\t<\/a>\n\t\t\t\t<\/div>\n\t\t\t\t\t\t\t\t<\/div>\n\t\t\t\t<\/div>\n\t\t\t\t\t<\/div>\n\t\t\t\t<\/div>\n\t\t<div class=\"elementor-element elementor-element-CQ5CmiX e-flex e-con-boxed e-con e-parent\" data-id=\"CQ5CmiX\" data-element_type=\"container\">\n\t\t\t\t\t<div class=\"e-con-inner\">\n\t\t\t\t<div class=\"elementor-element elementor-element-QehcIz4 elementor-widget elementor-widget-heading\" data-id=\"QehcIz4\" data-element_type=\"widget\" data-widget_type=\"heading.default\">\n\t\t\t\t<div class=\"elementor-widget-container\">\n\t\t\t\t\t<h2 class=\"elementor-heading-title elementor-size-default\">D\u00e9couvrez notre collection d\u00e8s aujourd'hui !<\/h2>\t\t\t\t<\/div>\n\t\t\t\t<\/div>\n\t\t<div class=\"elementor-element elementor-element-7eCTdGf e-con-full e-flex e-con e-child\" data-id=\"7eCTdGf\" data-element_type=\"container\">\n\t\t\t\t<\/div>\n\t\t\t\t<div class=\"elementor-element elementor-element-UwJaOHK elementor-widget__width-auto elementor-widget elementor-widget-button\" data-id=\"UwJaOHK\" data-element_type=\"widget\" data-widget_type=\"button.default\">\n\t\t\t\t<div class=\"elementor-widget-container\">\n\t\t\t\t\t\t\t\t\t<div class=\"elementor-button-wrapper\">\n\t\t\t\t\t<a class=\"elementor-button elementor-button-link elementor-size-sm\" href=\"https:\/\/stp-extrusion.com\/fr\/extruded-tubes-profiles\/\">\n\t\t\t\t\t\t<span class=\"elementor-button-content-wrapper\">\n\t\t\t\t\t\t\t\t\t<span class=\"elementor-button-text\">Voir nos produits<\/span>\n\t\t\t\t\t<\/span>\n\t\t\t\t\t<\/a>\n\t\t\t\t<\/div>\n\t\t\t\t\t\t\t\t<\/div>\n\t\t\t\t<\/div>\n\t\t\t\t\t<\/div>\n\t\t\t\t<\/div>\n\t\t\t\t<\/div>","protected":false},"excerpt":{"rendered":"<p>We have received your message\u2014our colleague will contact you shortly. Next steps: If you have a technical drawing \/ DXF \/ specification, please reply with it. Share your expected quantity and material (e.g., PVC, PE, PC, PS, ABS, TPE). Include your annual volume forecast to help us optimize pricing and tooling. Let us know any [&hellip;]<\/p>\n","protected":false},"author":2,"featured_media":0,"parent":0,"menu_order":0,"comment_status":"closed","ping_status":"closed","template":"","meta":{"footnotes":""},"class_list":["post-3193","page","type-page","status-publish","hentry"],"blocksy_meta":[],"yoast_head":"<!-- This site is optimized with the Yoast SEO Premium plugin v26.4 (Yoast SEO v26.4) - https:\/\/yoast.com\/wordpress\/plugins\/seo\/ -->\n<title>Thanks \u2013 We\u2019re Preparing Your Quote -<\/title>\n<meta name=\"description\" content=\"Thanks for your request. For a precise quote, please share DXF\/drawings, material, annual volume, packaging needs, and intended use.\" \/>\n<meta name=\"robots\" content=\"index, follow, max-snippet:-1, max-image-preview:large, max-video-preview:-1\" \/>\n<link rel=\"canonical\" href=\"https:\/\/stp-extrusion.com\/fr\/thank-you-for-interest\/\" \/>\n<meta property=\"og:locale\" content=\"fr_FR\" \/>\n<meta property=\"og:type\" content=\"article\" \/>\n<meta property=\"og:title\" content=\"Thank You for Your Interest!\" \/>\n<meta property=\"og:description\" content=\"Thanks for your request. For a precise quote, please share DXF\/drawings, material, annual volume, packaging needs, and intended use.\" \/>\n<meta property=\"og:url\" content=\"https:\/\/stp-extrusion.com\/fr\/thank-you-for-interest\/\" \/>\n<meta property=\"article:modified_time\" content=\"2025-10-03T05:40:53+00:00\" \/>\n<meta name=\"twitter:card\" content=\"summary_large_image\" \/>\n<meta name=\"twitter:label1\" content=\"Dur\u00e9e de lecture estim\u00e9e\" \/>\n\t<meta name=\"twitter:data1\" content=\"2 minutes\" \/>\n<script type=\"application\/ld+json\" class=\"yoast-schema-graph\">{\"@context\":\"https:\/\/schema.org\",\"@graph\":[{\"@type\":\"WebPage\",\"@id\":\"https:\/\/stp-extrusion.com\/thank-you-for-interest\/\",\"url\":\"https:\/\/stp-extrusion.com\/thank-you-for-interest\/\",\"name\":\"Thanks \u2013 We\u2019re Preparing Your Quote -\",\"isPartOf\":{\"@id\":\"https:\/\/stp-extrusion.com\/#website\"},\"datePublished\":\"2025-10-03T05:17:58+00:00\",\"dateModified\":\"2025-10-03T05:40:53+00:00\",\"description\":\"Thanks for your request. For a precise quote, please share DXF\/drawings, material, annual volume, packaging needs, and intended use.\",\"breadcrumb\":{\"@id\":\"https:\/\/stp-extrusion.com\/thank-you-for-interest\/#breadcrumb\"},\"inLanguage\":\"fr-FR\",\"potentialAction\":[{\"@type\":\"ReadAction\",\"target\":[\"https:\/\/stp-extrusion.com\/thank-you-for-interest\/\"]}]},{\"@type\":\"BreadcrumbList\",\"@id\":\"https:\/\/stp-extrusion.com\/thank-you-for-interest\/#breadcrumb\",\"itemListElement\":[{\"@type\":\"ListItem\",\"position\":1,\"name\":\"Home\",\"item\":\"https:\/\/stp-extrusion.com\/\"},{\"@type\":\"ListItem\",\"position\":2,\"name\":\"Thank You for Your Interest!\"}]},{\"@type\":\"WebSite\",\"@id\":\"https:\/\/stp-extrusion.com\/#website\",\"url\":\"https:\/\/stp-extrusion.com\/\",\"name\":\"STP-extrusion.com\",\"description\":\"\",\"publisher\":{\"@id\":\"https:\/\/stp-extrusion.com\/#organization\"},\"potentialAction\":[{\"@type\":\"SearchAction\",\"target\":{\"@type\":\"EntryPoint\",\"urlTemplate\":\"https:\/\/stp-extrusion.com\/?s={search_term_string}\"},\"query-input\":{\"@type\":\"PropertyValueSpecification\",\"valueRequired\":true,\"valueName\":\"search_term_string\"}}],\"inLanguage\":\"fr-FR\"},{\"@type\":\"Organization\",\"@id\":\"https:\/\/stp-extrusion.com\/#organization\",\"name\":\"ST Plastics\",\"url\":\"https:\/\/stp-extrusion.com\/\",\"logo\":{\"@type\":\"ImageObject\",\"inLanguage\":\"fr-FR\",\"@id\":\"https:\/\/stp-extrusion.com\/#\/schema\/logo\/image\/\",\"url\":\"\",\"contentUrl\":\"\",\"caption\":\"ST Plastics\"},\"image\":{\"@id\":\"https:\/\/stp-extrusion.com\/#\/schema\/logo\/image\/\"}}]}<\/script>\n<!-- \/ Yoast SEO Premium plugin. -->","yoast_head_json":{"title":"Thanks \u2013 We\u2019re Preparing Your Quote -","description":"Thanks for your request. For a precise quote, please share DXF\/drawings, material, annual volume, packaging needs, and intended use.","robots":{"index":"index","follow":"follow","max-snippet":"max-snippet:-1","max-image-preview":"max-image-preview:large","max-video-preview":"max-video-preview:-1"},"canonical":"https:\/\/stp-extrusion.com\/fr\/thank-you-for-interest\/","og_locale":"fr_FR","og_type":"article","og_title":"Thank You for Your Interest!","og_description":"Thanks for your request. For a precise quote, please share DXF\/drawings, material, annual volume, packaging needs, and intended use.","og_url":"https:\/\/stp-extrusion.com\/fr\/thank-you-for-interest\/","article_modified_time":"2025-10-03T05:40:53+00:00","twitter_card":"summary_large_image","twitter_misc":{"Dur\u00e9e de lecture estim\u00e9e":"2 minutes"},"schema":{"@context":"https:\/\/schema.org","@graph":[{"@type":"WebPage","@id":"https:\/\/stp-extrusion.com\/thank-you-for-interest\/","url":"https:\/\/stp-extrusion.com\/thank-you-for-interest\/","name":"Thanks \u2013 We\u2019re Preparing Your Quote -","isPartOf":{"@id":"https:\/\/stp-extrusion.com\/#website"},"datePublished":"2025-10-03T05:17:58+00:00","dateModified":"2025-10-03T05:40:53+00:00","description":"Thanks for your request. For a precise quote, please share DXF\/drawings, material, annual volume, packaging needs, and intended use.","breadcrumb":{"@id":"https:\/\/stp-extrusion.com\/thank-you-for-interest\/#breadcrumb"},"inLanguage":"fr-FR","potentialAction":[{"@type":"ReadAction","target":["https:\/\/stp-extrusion.com\/thank-you-for-interest\/"]}]},{"@type":"BreadcrumbList","@id":"https:\/\/stp-extrusion.com\/thank-you-for-interest\/#breadcrumb","itemListElement":[{"@type":"ListItem","position":1,"name":"Home","item":"https:\/\/stp-extrusion.com\/"},{"@type":"ListItem","position":2,"name":"Thank You for Your Interest!"}]},{"@type":"WebSite","@id":"https:\/\/stp-extrusion.com\/#website","url":"https:\/\/stp-extrusion.com\/","name":"STP-extrusion.com","description":"","publisher":{"@id":"https:\/\/stp-extrusion.com\/#organization"},"potentialAction":[{"@type":"SearchAction","target":{"@type":"EntryPoint","urlTemplate":"https:\/\/stp-extrusion.com\/?s={search_term_string}"},"query-input":{"@type":"PropertyValueSpecification","valueRequired":true,"valueName":"search_term_string"}}],"inLanguage":"fr-FR"},{"@type":"Organization","@id":"https:\/\/stp-extrusion.com\/#organization","name":"ST Plastics","url":"https:\/\/stp-extrusion.com\/","logo":{"@type":"ImageObject","inLanguage":"fr-FR","@id":"https:\/\/stp-extrusion.com\/#\/schema\/logo\/image\/","url":"","contentUrl":"","caption":"ST Plastics"},"image":{"@id":"https:\/\/stp-extrusion.com\/#\/schema\/logo\/image\/"}}]}},"_links":{"self":[{"href":"https:\/\/stp-extrusion.com\/fr\/wp-json\/wp\/v2\/pages\/3193","targetHints":{"allow":["GET"]}}],"collection":[{"href":"https:\/\/stp-extrusion.com\/fr\/wp-json\/wp\/v2\/pages"}],"about":[{"href":"https:\/\/stp-extrusion.com\/fr\/wp-json\/wp\/v2\/types\/page"}],"author":[{"embeddable":true,"href":"https:\/\/stp-extrusion.com\/fr\/wp-json\/wp\/v2\/users\/2"}],"replies":[{"embeddable":true,"href":"https:\/\/stp-extrusion.com\/fr\/wp-json\/wp\/v2\/comments?post=3193"}],"version-history":[{"count":16,"href":"https:\/\/stp-extrusion.com\/fr\/wp-json\/wp\/v2\/pages\/3193\/revisions"}],"predecessor-version":[{"id":3211,"href":"https:\/\/stp-extrusion.com\/fr\/wp-json\/wp\/v2\/pages\/3193\/revisions\/3211"}],"wp:attachment":[{"href":"https:\/\/stp-extrusion.com\/fr\/wp-json\/wp\/v2\/media?parent=3193"}],"curies":[{"name":"wp","href":"https:\/\/api.w.org\/{rel}","templated":true}]}}