{"id":2526,"date":"2025-05-24T10:54:40","date_gmt":"2025-05-24T08:54:40","guid":{"rendered":"https:\/\/stp-extrusion.com\/?page_id=2526"},"modified":"2025-07-10T07:39:04","modified_gmt":"2025-07-10T05:39:04","slug":"supplier-portal","status":"publish","type":"page","link":"https:\/\/stp-extrusion.com\/fr\/supplier-portal\/","title":{"rendered":"Portail des fournisseurs"},"content":{"rendered":"<div data-elementor-type=\"wp-page\" data-elementor-id=\"2526\" class=\"elementor elementor-2526\">\n\t\t\t\t<div class=\"elementor-element elementor-element-06beada e-flex e-con-boxed e-con e-parent\" data-id=\"06beada\" data-element_type=\"container\">\n\t\t\t\t\t<div class=\"e-con-inner\">\n\t\t\t\t<div class=\"elementor-element elementor-element-0b5fdd7 elementor-widget elementor-widget-heading\" data-id=\"0b5fdd7\" data-element_type=\"widget\" data-widget_type=\"heading.default\">\n\t\t\t\t<div class=\"elementor-widget-container\">\n\t\t\t\t\t<h2 class=\"elementor-heading-title elementor-size-default\">Bienvenue sur notre portail des fournisseurs<\/h2>\t\t\t\t<\/div>\n\t\t\t\t<\/div>\n\t\t\t\t\t<\/div>\n\t\t\t\t<\/div>\n\t\t<div class=\"elementor-element elementor-element-63e18c8 e-flex e-con-boxed e-con e-parent\" data-id=\"63e18c8\" data-element_type=\"container\">\n\t\t\t\t\t<div class=\"e-con-inner\">\n\t\t\t\t<div class=\"elementor-element elementor-element-0283e8e elementor-widget elementor-widget-text-editor\" data-id=\"0283e8e\" data-element_type=\"widget\" data-widget_type=\"text-editor.default\">\n\t\t\t\t<div class=\"elementor-widget-container\">\n\t\t\t\t\t\t\t\t\t<p class=\"\" data-start=\"207\" data-end=\"370\">Nous vous remercions de l'int\u00e9r\u00eat que vous portez \u00e0 notre partenariat.<br class=\"\" data-start=\"257\" data-end=\"260\" \/>Pour nous aider \u00e0 acheminer efficacement votre inscription, veuillez s\u00e9lectionner votre type de fournisseur dans le menu d\u00e9roulant ci-dessous :<\/p>\t\t\t\t\t\t\t\t<\/div>\n\t\t\t\t<\/div>\n\t\t\t\t\t<\/div>\n\t\t\t\t<\/div>\n\t\t<div class=\"elementor-element elementor-element-adae60b e-flex e-con-boxed e-con e-parent\" data-id=\"adae60b\" data-element_type=\"container\">\n\t\t\t\t\t<div class=\"e-con-inner\">\n\t\t\t\t<div class=\"elementor-element elementor-element-582afb9 elementor-widget__width-initial elementor-widget elementor-widget-html\" data-id=\"582afb9\" data-element_type=\"widget\" data-widget_type=\"html.default\">\n\t\t\t\t<div class=\"elementor-widget-container\">\n\t\t\t\t\t<select onchange=\"if (this.value) window.location.href=this.value;\">\n  <option value=\"\">Choisir dans la liste<\/option>\n  <option value=\"\/supplier-information-raw-material-suppliers\">Fournisseur de mati\u00e8res premi\u00e8res<\/option>\n  <option value=\"\/supplier-information-logistics-freight-partners\">Partenaire logistique \/ fret<\/option>\n  <option value=\"\/supplier-information-goods-service-providers\">Fournisseur d'\u00e9quipements, de bureaux et de services<\/option>\n<\/select>\t\t\t\t<\/div>\n\t\t\t\t<\/div>\n\t\t\t\t\t<\/div>\n\t\t\t\t<\/div>\n\t\t<div class=\"elementor-element elementor-element-1a0e756 e-flex e-con-boxed e-con e-parent\" data-id=\"1a0e756\" data-element_type=\"container\">\n\t\t\t\t\t<div class=\"e-con-inner\">\n\t\t\t\t<div class=\"elementor-element elementor-element-d157369 elementor-widget elementor-widget-text-editor\" data-id=\"d157369\" data-element_type=\"widget\" data-widget_type=\"text-editor.default\">\n\t\t\t\t<div class=\"elementor-widget-container\">\n\t\t\t\t\t\t\t\t\t<p>Cela permettra de s'assurer que votre demande parvienne \u00e0 l'\u00e9quipe appropri\u00e9e.<\/p>\t\t\t\t\t\t\t\t<\/div>\n\t\t\t\t<\/div>\n\t\t\t\t\t<\/div>\n\t\t\t\t<\/div>\n\t\t<div class=\"elementor-element elementor-element-df87b86 e-flex e-con-boxed e-con e-parent\" data-id=\"df87b86\" data-element_type=\"container\">\n\t\t\t\t\t<div class=\"e-con-inner\">\n\t\t\t\t<div class=\"elementor-element elementor-element-bdc7535 elementor-widget elementor-widget-text-editor\" data-id=\"bdc7535\" data-element_type=\"widget\" data-widget_type=\"text-editor.default\">\n\t\t\t\t<div class=\"elementor-widget-container\">\n\t\t\t\t\t\t\t\t\t<p data-start=\"241\" data-end=\"339\"><strong data-start=\"241\" data-end=\"339\">Optimiser la qualit\u00e9 des produits et la collaboration avec les fournisseurs gr\u00e2ce au portail des fournisseurs de ST Plastics<\/strong><\/p><p data-start=\"341\" data-end=\"678\">Chez ST Plastics, notre engagement en faveur de l'am\u00e9lioration continue va au-del\u00e0 de nos lignes de production - il s'\u00e9tend \u00e0 tous les aspects de notre cha\u00eene d'approvisionnement. Pour soutenir cette vision, nous avons mis en place un service d\u00e9di\u00e9 \u00e0 l'am\u00e9lioration continue. <strong data-start=\"541\" data-end=\"560\">portail des fournisseurs<\/strong>L'objectif est de renforcer la collaboration, d'am\u00e9liorer la transparence et de garantir le respect des normes les plus strictes en mati\u00e8re de protection de l'environnement. <strong data-start=\"658\" data-end=\"677\">la qualit\u00e9 des produits<\/strong>.<\/p><p data-start=\"680\" data-end=\"1205\">L'objectif principal de notre portail fournisseurs est de fournir \u00e0 nos partenaires une plateforme intuitive et efficace pour une communication et une coop\u00e9ration continues. En rationalisant les processus d'int\u00e9gration et de <strong data-start=\"863\" data-end=\"905\">processus d'introduction pour les nouveaux fournisseurs<\/strong>Gr\u00e2ce \u00e0 ce portail, nous visons \u00e0 cr\u00e9er des partenariats plus significatifs et \u00e0 long terme, fond\u00e9s sur la confiance et la croissance mutuelle. Le portail donne aux fournisseurs la possibilit\u00e9 de pr\u00e9senter leurs capacit\u00e9s, leurs certifications et leurs innovations de mani\u00e8re structur\u00e9e et accessible, ce qui permet \u00e0 notre \u00e9quipe charg\u00e9e des achats de prendre des d\u00e9cisions plus judicieuses et plus rapides.<\/p><p data-start=\"1207\" data-end=\"1573\">Gr\u00e2ce \u00e0 cette plateforme, nous renfor\u00e7ons \u00e9galement notre capacit\u00e9 \u00e0 <strong data-start=\"1267\" data-end=\"1289\">suivre les donn\u00e9es relatives \u00e0 la qualit\u00e9<\/strong>, <strong data-start=\"1291\" data-end=\"1324\">partager la documentation technique<\/strong>et d'\u00e9tablir des attentes claires concernant les normes des mat\u00e9riaux et les d\u00e9lais de livraison. Ces efforts permettent non seulement d'am\u00e9liorer la <strong data-start=\"1453\" data-end=\"1490\">la coh\u00e9rence des mat\u00e9riaux entrants<\/strong>mais aussi en contribuant directement \u00e0 la <strong data-start=\"1530\" data-end=\"1572\">fiabilit\u00e9 de l'ensemble de notre cha\u00eene d'approvisionnement<\/strong>.<\/p><p data-start=\"1575\" data-end=\"1909\">De plus, en centralisant les \u00e9valuations des fournisseurs, le retour d'information sur les performances et les dossiers de conformit\u00e9, nous pouvons identifier les possibilit\u00e9s d'am\u00e9lioration et r\u00e9pondre plus rapidement \u00e0 tout probl\u00e8me de qualit\u00e9 ou de logistique. Cela cr\u00e9e un r\u00e9seau d'approvisionnement plus r\u00e9silient et plus agile, qui s'aligne sur les objectifs d'innovation et de satisfaction des clients de STP Plastics.<\/p><p data-start=\"1911\" data-end=\"2176\">Notre portail fournisseurs est plus qu'un simple outil - c'est un engagement \u00e0 construire ensemble de meilleurs produits. Au fur et \u00e0 mesure de notre croissance, nous invitons nos fournisseurs \u00e0 prendre part \u00e0 un voyage commun vers l'excellence op\u00e9rationnelle, la communication transparente et le succ\u00e8s durable.\u00a0<\/p><p data-start=\"1911\" data-end=\"2176\">\u00a0<\/p><p data-start=\"1911\" data-end=\"2176\">L'\u00e9quipe de ST Plastics<\/p>\t\t\t\t\t\t\t\t<\/div>\n\t\t\t\t<\/div>\n\t\t\t\t\t<\/div>\n\t\t\t\t<\/div>\n\t\t\t\t<\/div>","protected":false},"excerpt":{"rendered":"<p>Welcome to Our Supplier Portal Thank you for your interest in partnering with us.To help us route your registration efficiently, please select your supplier type from the dropdown menu below: Choose from the listRaw Material SupplierLogistics \/ Freight PartnerEquipment, Office &#038; Service Provider This will ensure your application reaches the appropriate team. Optimizing Product Quality [&hellip;]<\/p>\n","protected":false},"author":2,"featured_media":0,"parent":0,"menu_order":0,"comment_status":"closed","ping_status":"closed","template":"","meta":{"footnotes":""},"class_list":["post-2526","page","type-page","status-publish","hentry"],"blocksy_meta":[],"yoast_head":"<!-- This site is optimized with the Yoast SEO Premium plugin v26.4 (Yoast SEO v26.4) - https:\/\/yoast.com\/wordpress\/plugins\/seo\/ -->\n<title>Supplier Registration Thank You for Your Interest -<\/title>\n<meta name=\"description\" content=\"We appreciate your interest in joining our supply network. We\u2019ve received your submission and will review it shortly.\" \/>\n<meta name=\"robots\" content=\"index, follow, max-snippet:-1, max-image-preview:large, max-video-preview:-1\" \/>\n<link rel=\"canonical\" href=\"https:\/\/stp-extrusion.com\/fr\/supplier-portal\/\" \/>\n<meta property=\"og:locale\" content=\"fr_FR\" \/>\n<meta property=\"og:type\" content=\"article\" \/>\n<meta property=\"og:title\" content=\"Supplier Portal\" \/>\n<meta property=\"og:description\" content=\"We appreciate your interest in joining our supply network. We\u2019ve received your submission and will review it shortly.\" \/>\n<meta property=\"og:url\" content=\"https:\/\/stp-extrusion.com\/fr\/supplier-portal\/\" \/>\n<meta property=\"article:modified_time\" content=\"2025-07-10T05:39:04+00:00\" \/>\n<meta name=\"twitter:card\" content=\"summary_large_image\" \/>\n<meta name=\"twitter:label1\" content=\"Dur\u00e9e de lecture estim\u00e9e\" \/>\n\t<meta name=\"twitter:data1\" content=\"2 minutes\" \/>\n<script type=\"application\/ld+json\" class=\"yoast-schema-graph\">{\"@context\":\"https:\/\/schema.org\",\"@graph\":[{\"@type\":\"WebPage\",\"@id\":\"https:\/\/stp-extrusion.com\/supplier-portal\/\",\"url\":\"https:\/\/stp-extrusion.com\/supplier-portal\/\",\"name\":\"Supplier Registration Thank You for Your Interest -\",\"isPartOf\":{\"@id\":\"https:\/\/stp-extrusion.com\/#website\"},\"datePublished\":\"2025-05-24T08:54:40+00:00\",\"dateModified\":\"2025-07-10T05:39:04+00:00\",\"description\":\"We appreciate your interest in joining our supply network. We\u2019ve received your submission and will review it shortly.\",\"breadcrumb\":{\"@id\":\"https:\/\/stp-extrusion.com\/supplier-portal\/#breadcrumb\"},\"inLanguage\":\"fr-FR\",\"potentialAction\":[{\"@type\":\"ReadAction\",\"target\":[\"https:\/\/stp-extrusion.com\/supplier-portal\/\"]}]},{\"@type\":\"BreadcrumbList\",\"@id\":\"https:\/\/stp-extrusion.com\/supplier-portal\/#breadcrumb\",\"itemListElement\":[{\"@type\":\"ListItem\",\"position\":1,\"name\":\"Home\",\"item\":\"https:\/\/stp-extrusion.com\/\"},{\"@type\":\"ListItem\",\"position\":2,\"name\":\"Supplier Portal\"}]},{\"@type\":\"WebSite\",\"@id\":\"https:\/\/stp-extrusion.com\/#website\",\"url\":\"https:\/\/stp-extrusion.com\/\",\"name\":\"STP-extrusion.com\",\"description\":\"\",\"publisher\":{\"@id\":\"https:\/\/stp-extrusion.com\/#organization\"},\"potentialAction\":[{\"@type\":\"SearchAction\",\"target\":{\"@type\":\"EntryPoint\",\"urlTemplate\":\"https:\/\/stp-extrusion.com\/?s={search_term_string}\"},\"query-input\":{\"@type\":\"PropertyValueSpecification\",\"valueRequired\":true,\"valueName\":\"search_term_string\"}}],\"inLanguage\":\"fr-FR\"},{\"@type\":\"Organization\",\"@id\":\"https:\/\/stp-extrusion.com\/#organization\",\"name\":\"ST Plastics\",\"url\":\"https:\/\/stp-extrusion.com\/\",\"logo\":{\"@type\":\"ImageObject\",\"inLanguage\":\"fr-FR\",\"@id\":\"https:\/\/stp-extrusion.com\/#\/schema\/logo\/image\/\",\"url\":\"\",\"contentUrl\":\"\",\"caption\":\"ST Plastics\"},\"image\":{\"@id\":\"https:\/\/stp-extrusion.com\/#\/schema\/logo\/image\/\"}}]}<\/script>\n<!-- \/ Yoast SEO Premium plugin. -->","yoast_head_json":{"title":"Inscription des fournisseurs Merci de votre int\u00e9r\u00eat -","description":"Nous vous remercions de l'int\u00e9r\u00eat que vous portez \u00e0 notre r\u00e9seau d'approvisionnement. Nous avons re\u00e7u votre demande et l'examinerons sous peu.","robots":{"index":"index","follow":"follow","max-snippet":"max-snippet:-1","max-image-preview":"max-image-preview:large","max-video-preview":"max-video-preview:-1"},"canonical":"https:\/\/stp-extrusion.com\/fr\/supplier-portal\/","og_locale":"fr_FR","og_type":"article","og_title":"Supplier Portal","og_description":"We appreciate your interest in joining our supply network. We\u2019ve received your submission and will review it shortly.","og_url":"https:\/\/stp-extrusion.com\/fr\/supplier-portal\/","article_modified_time":"2025-07-10T05:39:04+00:00","twitter_card":"summary_large_image","twitter_misc":{"Dur\u00e9e de lecture estim\u00e9e":"2 minutes"},"schema":{"@context":"https:\/\/schema.org","@graph":[{"@type":"WebPage","@id":"https:\/\/stp-extrusion.com\/supplier-portal\/","url":"https:\/\/stp-extrusion.com\/supplier-portal\/","name":"Inscription des fournisseurs Merci de votre int\u00e9r\u00eat -","isPartOf":{"@id":"https:\/\/stp-extrusion.com\/#website"},"datePublished":"2025-05-24T08:54:40+00:00","dateModified":"2025-07-10T05:39:04+00:00","description":"Nous vous remercions de l'int\u00e9r\u00eat que vous portez \u00e0 notre r\u00e9seau d'approvisionnement. Nous avons re\u00e7u votre demande et l'examinerons sous peu.","breadcrumb":{"@id":"https:\/\/stp-extrusion.com\/supplier-portal\/#breadcrumb"},"inLanguage":"fr-FR","potentialAction":[{"@type":"ReadAction","target":["https:\/\/stp-extrusion.com\/supplier-portal\/"]}]},{"@type":"BreadcrumbList","@id":"https:\/\/stp-extrusion.com\/supplier-portal\/#breadcrumb","itemListElement":[{"@type":"ListItem","position":1,"name":"Home","item":"https:\/\/stp-extrusion.com\/"},{"@type":"ListItem","position":2,"name":"Supplier Portal"}]},{"@type":"WebSite","@id":"https:\/\/stp-extrusion.com\/#website","url":"https:\/\/stp-extrusion.com\/","name":"STP-extrusion.com","description":"","publisher":{"@id":"https:\/\/stp-extrusion.com\/#organization"},"potentialAction":[{"@type":"SearchAction","target":{"@type":"EntryPoint","urlTemplate":"https:\/\/stp-extrusion.com\/?s={search_term_string}"},"query-input":{"@type":"PropertyValueSpecification","valueRequired":true,"valueName":"search_term_string"}}],"inLanguage":"fr-FR"},{"@type":"Organization","@id":"https:\/\/stp-extrusion.com\/#organization","name":"ST Plastics","url":"https:\/\/stp-extrusion.com\/","logo":{"@type":"ImageObject","inLanguage":"fr-FR","@id":"https:\/\/stp-extrusion.com\/#\/schema\/logo\/image\/","url":"","contentUrl":"","caption":"ST Plastics"},"image":{"@id":"https:\/\/stp-extrusion.com\/#\/schema\/logo\/image\/"}}]}},"_links":{"self":[{"href":"https:\/\/stp-extrusion.com\/fr\/wp-json\/wp\/v2\/pages\/2526","targetHints":{"allow":["GET"]}}],"collection":[{"href":"https:\/\/stp-extrusion.com\/fr\/wp-json\/wp\/v2\/pages"}],"about":[{"href":"https:\/\/stp-extrusion.com\/fr\/wp-json\/wp\/v2\/types\/page"}],"author":[{"embeddable":true,"href":"https:\/\/stp-extrusion.com\/fr\/wp-json\/wp\/v2\/users\/2"}],"replies":[{"embeddable":true,"href":"https:\/\/stp-extrusion.com\/fr\/wp-json\/wp\/v2\/comments?post=2526"}],"version-history":[{"count":18,"href":"https:\/\/stp-extrusion.com\/fr\/wp-json\/wp\/v2\/pages\/2526\/revisions"}],"predecessor-version":[{"id":2635,"href":"https:\/\/stp-extrusion.com\/fr\/wp-json\/wp\/v2\/pages\/2526\/revisions\/2635"}],"wp:attachment":[{"href":"https:\/\/stp-extrusion.com\/fr\/wp-json\/wp\/v2\/media?parent=2526"}],"curies":[{"name":"wp","href":"https:\/\/api.w.org\/{rel}","templated":true}]}}