{"id":2526,"date":"2025-05-24T10:54:40","date_gmt":"2025-05-24T08:54:40","guid":{"rendered":"https:\/\/stp-extrusion.com\/?page_id=2526"},"modified":"2025-07-10T07:39:04","modified_gmt":"2025-07-10T05:39:04","slug":"supplier-portal","status":"publish","type":"page","link":"https:\/\/stp-extrusion.com\/de\/supplier-portal\/","title":{"rendered":"Lieferanten-Portal"},"content":{"rendered":"<div data-elementor-type=\"wp-page\" data-elementor-id=\"2526\" class=\"elementor elementor-2526\">\n\t\t\t\t<div class=\"elementor-element elementor-element-06beada e-flex e-con-boxed e-con e-parent\" data-id=\"06beada\" data-element_type=\"container\">\n\t\t\t\t\t<div class=\"e-con-inner\">\n\t\t\t\t<div class=\"elementor-element elementor-element-0b5fdd7 elementor-widget elementor-widget-heading\" data-id=\"0b5fdd7\" data-element_type=\"widget\" data-widget_type=\"heading.default\">\n\t\t\t\t<div class=\"elementor-widget-container\">\n\t\t\t\t\t<h2 class=\"elementor-heading-title elementor-size-default\">Willkommen in unserem Lieferantenportal<\/h2>\t\t\t\t<\/div>\n\t\t\t\t<\/div>\n\t\t\t\t\t<\/div>\n\t\t\t\t<\/div>\n\t\t<div class=\"elementor-element elementor-element-63e18c8 e-flex e-con-boxed e-con e-parent\" data-id=\"63e18c8\" data-element_type=\"container\">\n\t\t\t\t\t<div class=\"e-con-inner\">\n\t\t\t\t<div class=\"elementor-element elementor-element-0283e8e elementor-widget elementor-widget-text-editor\" data-id=\"0283e8e\" data-element_type=\"widget\" data-widget_type=\"text-editor.default\">\n\t\t\t\t<div class=\"elementor-widget-container\">\n\t\t\t\t\t\t\t\t\t<p class=\"\" data-start=\"207\" data-end=\"370\">Vielen Dank f\u00fcr Ihr Interesse an einer Partnerschaft mit uns.<br class=\"\" data-start=\"257\" data-end=\"260\" \/>Damit wir Ihre Anmeldung effizient weiterleiten k\u00f6nnen, w\u00e4hlen Sie bitte Ihren Lieferantentyp aus dem Dropdown-Men\u00fc unten aus:<\/p>\t\t\t\t\t\t\t\t<\/div>\n\t\t\t\t<\/div>\n\t\t\t\t\t<\/div>\n\t\t\t\t<\/div>\n\t\t<div class=\"elementor-element elementor-element-adae60b e-flex e-con-boxed e-con e-parent\" data-id=\"adae60b\" data-element_type=\"container\">\n\t\t\t\t\t<div class=\"e-con-inner\">\n\t\t\t\t<div class=\"elementor-element elementor-element-582afb9 elementor-widget__width-initial elementor-widget elementor-widget-html\" data-id=\"582afb9\" data-element_type=\"widget\" data-widget_type=\"html.default\">\n\t\t\t\t<div class=\"elementor-widget-container\">\n\t\t\t\t\t<select onchange=\"if (this.value) window.location.href=this.value;\">\n  <option value=\"\">W\u00e4hlen Sie aus der Liste<\/option>\n  <option value=\"\/supplier-information-raw-material-suppliers\">Lieferant von Rohstoffen<\/option>\n  <option value=\"\/supplier-information-logistics-freight-partners\">Logistik \/ Frachtpartner<\/option>\n  <option value=\"\/supplier-information-goods-service-providers\">Ausr\u00fcstung, B\u00fcro &amp; Dienstleister<\/option>\n<\/select>\t\t\t\t<\/div>\n\t\t\t\t<\/div>\n\t\t\t\t\t<\/div>\n\t\t\t\t<\/div>\n\t\t<div class=\"elementor-element elementor-element-1a0e756 e-flex e-con-boxed e-con e-parent\" data-id=\"1a0e756\" data-element_type=\"container\">\n\t\t\t\t\t<div class=\"e-con-inner\">\n\t\t\t\t<div class=\"elementor-element elementor-element-d157369 elementor-widget elementor-widget-text-editor\" data-id=\"d157369\" data-element_type=\"widget\" data-widget_type=\"text-editor.default\">\n\t\t\t\t<div class=\"elementor-widget-container\">\n\t\t\t\t\t\t\t\t\t<p>So wird sichergestellt, dass Ihre Bewerbung das zust\u00e4ndige Team erreicht.<\/p>\t\t\t\t\t\t\t\t<\/div>\n\t\t\t\t<\/div>\n\t\t\t\t\t<\/div>\n\t\t\t\t<\/div>\n\t\t<div class=\"elementor-element elementor-element-df87b86 e-flex e-con-boxed e-con e-parent\" data-id=\"df87b86\" data-element_type=\"container\">\n\t\t\t\t\t<div class=\"e-con-inner\">\n\t\t\t\t<div class=\"elementor-element elementor-element-bdc7535 elementor-widget elementor-widget-text-editor\" data-id=\"bdc7535\" data-element_type=\"widget\" data-widget_type=\"text-editor.default\">\n\t\t\t\t<div class=\"elementor-widget-container\">\n\t\t\t\t\t\t\t\t\t<p data-start=\"241\" data-end=\"339\"><strong data-start=\"241\" data-end=\"339\">Optimierung der Produktqualit\u00e4t und der Zusammenarbeit mit Lieferanten durch das ST Plastics Supplier Portal<\/strong><\/p><p data-start=\"341\" data-end=\"678\">Bei ST Plastics geht unsere Verpflichtung zur kontinuierlichen Verbesserung \u00fcber unsere Produktionslinien hinaus - sie reicht bis in jeden Winkel unserer Lieferkette. Um diese Vision zu unterst\u00fctzen, haben wir ein spezielles <strong data-start=\"541\" data-end=\"560\">Lieferantenportal<\/strong>die darauf abzielen, die Zusammenarbeit zu verst\u00e4rken, die Transparenz zu verbessern und die h\u00f6chsten Standards zu gew\u00e4hrleisten. <strong data-start=\"658\" data-end=\"677\">Produktqualit\u00e4t<\/strong>.<\/p><p data-start=\"680\" data-end=\"1205\">Das Hauptziel unseres Lieferantenportals ist es, unseren Partnern eine intuitive, effiziente Plattform f\u00fcr die laufende Kommunikation und Zusammenarbeit zu bieten. Durch die Vereinfachung des Onboarding und <strong data-start=\"863\" data-end=\"905\">Einf\u00fchrungsprozess f\u00fcr neue Lieferanten<\/strong>wollen wir sinnvollere, langfristige Partnerschaften schaffen, die auf Vertrauen und gegenseitigem Wachstum basieren. Das Portal bietet Lieferanten die M\u00f6glichkeit, ihre F\u00e4higkeiten, Zertifizierungen und Innovationen auf strukturierte und zug\u00e4ngliche Weise zu pr\u00e4sentieren, damit unser Beschaffungsteam bessere und schnellere Entscheidungen treffen kann.<\/p><p data-start=\"1207\" data-end=\"1573\">Durch diese Plattform verbessern wir auch unsere M\u00f6glichkeiten, die <strong data-start=\"1267\" data-end=\"1289\">Qualit\u00e4tsdaten verfolgen<\/strong>, <strong data-start=\"1291\" data-end=\"1324\">technische Unterlagen gemeinsam nutzen<\/strong>und klare Erwartungen in Bezug auf Materialstandards und Lieferfristen zu schaffen. Diese Bem\u00fchungen verbessern nicht nur die <strong data-start=\"1453\" data-end=\"1490\">Konsistenz der eingehenden Materialien<\/strong>sondern auch einen direkten Beitrag zur <strong data-start=\"1530\" data-end=\"1572\">Zuverl\u00e4ssigkeit unserer gesamten Lieferkette<\/strong>.<\/p><p data-start=\"1575\" data-end=\"1909\">Durch die Zentralisierung von Lieferantenbewertungen, Leistungsfeedback und Compliance-Aufzeichnungen k\u00f6nnen wir au\u00dferdem Verbesserungsm\u00f6glichkeiten erkennen und schneller auf Qualit\u00e4ts- oder Logistikprobleme reagieren. So entsteht ein belastbareres, flexibleres Liefernetzwerk, das mit den Zielen von STP Plastics - Innovation und Kundenzufriedenheit - im Einklang steht.<\/p><p data-start=\"1911\" data-end=\"2176\">Unser Lieferantenportal ist mehr als nur ein Werkzeug - es ist eine Verpflichtung, gemeinsam bessere Produkte zu entwickeln. W\u00e4hrend wir weiter wachsen, laden wir unsere Zulieferer ein, Teil unserer gemeinsamen Reise zu operativen Spitzenleistungen, transparenter Kommunikation und nachhaltigem Erfolg zu sein.\u00a0<\/p><p data-start=\"1911\" data-end=\"2176\">\u00a0<\/p><p data-start=\"1911\" data-end=\"2176\">ST-Kunststoffe Team<\/p>\t\t\t\t\t\t\t\t<\/div>\n\t\t\t\t<\/div>\n\t\t\t\t\t<\/div>\n\t\t\t\t<\/div>\n\t\t\t\t<\/div>","protected":false},"excerpt":{"rendered":"<p>Welcome to Our Supplier Portal Thank you for your interest in partnering with us.To help us route your registration efficiently, please select your supplier type from the dropdown menu below: Choose from the listRaw Material SupplierLogistics \/ Freight PartnerEquipment, Office &#038; Service Provider This will ensure your application reaches the appropriate team. Optimizing Product Quality [&hellip;]<\/p>\n","protected":false},"author":2,"featured_media":0,"parent":0,"menu_order":0,"comment_status":"closed","ping_status":"closed","template":"","meta":{"footnotes":""},"class_list":["post-2526","page","type-page","status-publish","hentry"],"blocksy_meta":[],"yoast_head":"<!-- This site is optimized with the Yoast SEO Premium plugin v26.4 (Yoast SEO v26.4) - https:\/\/yoast.com\/wordpress\/plugins\/seo\/ -->\n<title>Supplier Registration Thank You for Your Interest -<\/title>\n<meta name=\"description\" content=\"We appreciate your interest in joining our supply network. We\u2019ve received your submission and will review it shortly.\" \/>\n<meta name=\"robots\" content=\"index, follow, max-snippet:-1, max-image-preview:large, max-video-preview:-1\" \/>\n<link rel=\"canonical\" href=\"https:\/\/stp-extrusion.com\/de\/supplier-portal\/\" \/>\n<meta property=\"og:locale\" content=\"de_DE\" \/>\n<meta property=\"og:type\" content=\"article\" \/>\n<meta property=\"og:title\" content=\"Supplier Portal\" \/>\n<meta property=\"og:description\" content=\"We appreciate your interest in joining our supply network. We\u2019ve received your submission and will review it shortly.\" \/>\n<meta property=\"og:url\" content=\"https:\/\/stp-extrusion.com\/de\/supplier-portal\/\" \/>\n<meta property=\"article:modified_time\" content=\"2025-07-10T05:39:04+00:00\" \/>\n<meta name=\"twitter:card\" content=\"summary_large_image\" \/>\n<meta name=\"twitter:label1\" content=\"Gesch\u00e4tzte Lesezeit\" \/>\n\t<meta name=\"twitter:data1\" content=\"2\u00a0Minuten\" \/>\n<script type=\"application\/ld+json\" class=\"yoast-schema-graph\">{\"@context\":\"https:\/\/schema.org\",\"@graph\":[{\"@type\":\"WebPage\",\"@id\":\"https:\/\/stp-extrusion.com\/supplier-portal\/\",\"url\":\"https:\/\/stp-extrusion.com\/supplier-portal\/\",\"name\":\"Supplier Registration Thank You for Your Interest -\",\"isPartOf\":{\"@id\":\"https:\/\/stp-extrusion.com\/#website\"},\"datePublished\":\"2025-05-24T08:54:40+00:00\",\"dateModified\":\"2025-07-10T05:39:04+00:00\",\"description\":\"We appreciate your interest in joining our supply network. We\u2019ve received your submission and will review it shortly.\",\"breadcrumb\":{\"@id\":\"https:\/\/stp-extrusion.com\/supplier-portal\/#breadcrumb\"},\"inLanguage\":\"de\",\"potentialAction\":[{\"@type\":\"ReadAction\",\"target\":[\"https:\/\/stp-extrusion.com\/supplier-portal\/\"]}]},{\"@type\":\"BreadcrumbList\",\"@id\":\"https:\/\/stp-extrusion.com\/supplier-portal\/#breadcrumb\",\"itemListElement\":[{\"@type\":\"ListItem\",\"position\":1,\"name\":\"Home\",\"item\":\"https:\/\/stp-extrusion.com\/\"},{\"@type\":\"ListItem\",\"position\":2,\"name\":\"Supplier Portal\"}]},{\"@type\":\"WebSite\",\"@id\":\"https:\/\/stp-extrusion.com\/#website\",\"url\":\"https:\/\/stp-extrusion.com\/\",\"name\":\"STP-extrusion.com\",\"description\":\"\",\"publisher\":{\"@id\":\"https:\/\/stp-extrusion.com\/#organization\"},\"potentialAction\":[{\"@type\":\"SearchAction\",\"target\":{\"@type\":\"EntryPoint\",\"urlTemplate\":\"https:\/\/stp-extrusion.com\/?s={search_term_string}\"},\"query-input\":{\"@type\":\"PropertyValueSpecification\",\"valueRequired\":true,\"valueName\":\"search_term_string\"}}],\"inLanguage\":\"de\"},{\"@type\":\"Organization\",\"@id\":\"https:\/\/stp-extrusion.com\/#organization\",\"name\":\"ST Plastics\",\"url\":\"https:\/\/stp-extrusion.com\/\",\"logo\":{\"@type\":\"ImageObject\",\"inLanguage\":\"de\",\"@id\":\"https:\/\/stp-extrusion.com\/#\/schema\/logo\/image\/\",\"url\":\"\",\"contentUrl\":\"\",\"caption\":\"ST Plastics\"},\"image\":{\"@id\":\"https:\/\/stp-extrusion.com\/#\/schema\/logo\/image\/\"}}]}<\/script>\n<!-- \/ Yoast SEO Premium plugin. -->","yoast_head_json":{"title":"Supplier Registration Thank You for Your Interest -","description":"We appreciate your interest in joining our supply network. We\u2019ve received your submission and will review it shortly.","robots":{"index":"index","follow":"follow","max-snippet":"max-snippet:-1","max-image-preview":"max-image-preview:large","max-video-preview":"max-video-preview:-1"},"canonical":"https:\/\/stp-extrusion.com\/de\/supplier-portal\/","og_locale":"de_DE","og_type":"article","og_title":"Supplier Portal","og_description":"We appreciate your interest in joining our supply network. We\u2019ve received your submission and will review it shortly.","og_url":"https:\/\/stp-extrusion.com\/de\/supplier-portal\/","article_modified_time":"2025-07-10T05:39:04+00:00","twitter_card":"summary_large_image","twitter_misc":{"Gesch\u00e4tzte Lesezeit":"2\u00a0Minuten"},"schema":{"@context":"https:\/\/schema.org","@graph":[{"@type":"WebPage","@id":"https:\/\/stp-extrusion.com\/supplier-portal\/","url":"https:\/\/stp-extrusion.com\/supplier-portal\/","name":"Supplier Registration Thank You for Your Interest -","isPartOf":{"@id":"https:\/\/stp-extrusion.com\/#website"},"datePublished":"2025-05-24T08:54:40+00:00","dateModified":"2025-07-10T05:39:04+00:00","description":"We appreciate your interest in joining our supply network. We\u2019ve received your submission and will review it shortly.","breadcrumb":{"@id":"https:\/\/stp-extrusion.com\/supplier-portal\/#breadcrumb"},"inLanguage":"de","potentialAction":[{"@type":"ReadAction","target":["https:\/\/stp-extrusion.com\/supplier-portal\/"]}]},{"@type":"BreadcrumbList","@id":"https:\/\/stp-extrusion.com\/supplier-portal\/#breadcrumb","itemListElement":[{"@type":"ListItem","position":1,"name":"Home","item":"https:\/\/stp-extrusion.com\/"},{"@type":"ListItem","position":2,"name":"Supplier Portal"}]},{"@type":"WebSite","@id":"https:\/\/stp-extrusion.com\/#website","url":"https:\/\/stp-extrusion.com\/","name":"STP-extrusion.com","description":"","publisher":{"@id":"https:\/\/stp-extrusion.com\/#organization"},"potentialAction":[{"@type":"SearchAction","target":{"@type":"EntryPoint","urlTemplate":"https:\/\/stp-extrusion.com\/?s={search_term_string}"},"query-input":{"@type":"PropertyValueSpecification","valueRequired":true,"valueName":"search_term_string"}}],"inLanguage":"de"},{"@type":"Organization","@id":"https:\/\/stp-extrusion.com\/#organization","name":"ST-Kunststoffe","url":"https:\/\/stp-extrusion.com\/","logo":{"@type":"ImageObject","inLanguage":"de","@id":"https:\/\/stp-extrusion.com\/#\/schema\/logo\/image\/","url":"","contentUrl":"","caption":"ST Plastics"},"image":{"@id":"https:\/\/stp-extrusion.com\/#\/schema\/logo\/image\/"}}]}},"_links":{"self":[{"href":"https:\/\/stp-extrusion.com\/de\/wp-json\/wp\/v2\/pages\/2526","targetHints":{"allow":["GET"]}}],"collection":[{"href":"https:\/\/stp-extrusion.com\/de\/wp-json\/wp\/v2\/pages"}],"about":[{"href":"https:\/\/stp-extrusion.com\/de\/wp-json\/wp\/v2\/types\/page"}],"author":[{"embeddable":true,"href":"https:\/\/stp-extrusion.com\/de\/wp-json\/wp\/v2\/users\/2"}],"replies":[{"embeddable":true,"href":"https:\/\/stp-extrusion.com\/de\/wp-json\/wp\/v2\/comments?post=2526"}],"version-history":[{"count":18,"href":"https:\/\/stp-extrusion.com\/de\/wp-json\/wp\/v2\/pages\/2526\/revisions"}],"predecessor-version":[{"id":2635,"href":"https:\/\/stp-extrusion.com\/de\/wp-json\/wp\/v2\/pages\/2526\/revisions\/2635"}],"wp:attachment":[{"href":"https:\/\/stp-extrusion.com\/de\/wp-json\/wp\/v2\/media?parent=2526"}],"curies":[{"name":"wp","href":"https:\/\/api.w.org\/{rel}","templated":true}]}}