{"id":2382,"date":"2025-02-22T22:19:12","date_gmt":"2025-02-22T21:19:12","guid":{"rendered":"https:\/\/stp-extrusion.com\/?page_id=2382"},"modified":"2025-08-08T18:31:14","modified_gmt":"2025-08-08T16:31:14","slug":"profile","status":"publish","type":"page","link":"https:\/\/stp-extrusion.com\/de\/profile\/","title":{"rendered":"Profil"},"content":{"rendered":"<div data-elementor-type=\"wp-page\" data-elementor-id=\"2382\" class=\"elementor elementor-2382\">\n\t\t\t\t<div class=\"elementor-element elementor-element-930aeff e-grid e-con-boxed e-con e-parent\" data-id=\"930aeff\" data-element_type=\"container\">\n\t\t\t\t\t<div class=\"e-con-inner\">\n\t\t\t\t\t<\/div>\n\t\t\t\t<\/div>\n\t\t<div class=\"elementor-element elementor-element-337a228 e-flex e-con-boxed e-con e-parent\" data-id=\"337a228\" data-element_type=\"container\">\n\t\t\t\t\t<div class=\"e-con-inner\">\n\t\t\t\t<div class=\"elementor-element elementor-element-1b0534e elementor-widget elementor-widget-text-editor\" data-id=\"1b0534e\" data-element_type=\"widget\" data-widget_type=\"text-editor.default\">\n\t\t\t\t<div class=\"elementor-widget-container\">\n\t\t\t\t\t\t\t\t\t<p>Wir sind ein zuverl\u00e4ssiger Hersteller von Kunststoffprofilen aus starren und flexiblen Materialien und beliefern Branchen wie das Baugewerbe, den Maschinenbau, die Haushaltsger\u00e4teindustrie, die Elektronik und die Automobilindustrie. Von <strong data-start=\"383\" data-end=\"418\">Kleinserien bis zur Massenproduktion<\/strong>liefern wir <strong data-start=\"431\" data-end=\"466\">zugeschnittene und gestanzte Profile<\/strong> zugeschnitten auf Ihre Bed\u00fcrfnisse. Ganz gleich, ob Sie eine vollst\u00e4ndig ma\u00dfgeschneiderte L\u00f6sung oder Hilfe bei der Auswahl des richtigen Materials ben\u00f6tigen, unser Ingenieurteam ist f\u00fcr Sie da. Wir bieten auch <strong data-start=\"629\" data-end=\"645\">Co-Extrusion<\/strong> und <strong data-start=\"650\" data-end=\"679\">Anwendung von Klebeband<\/strong> f\u00fcr eine schnelle, effiziente Installation.<\/p>\t\t\t\t\t\t\t\t<\/div>\n\t\t\t\t<\/div>\n\t\t\t\t\t<\/div>\n\t\t\t\t<\/div>\n\t\t<div class=\"elementor-element elementor-element-d5722ad e-flex e-con-boxed e-con e-parent\" data-id=\"d5722ad\" data-element_type=\"container\">\n\t\t\t\t\t<div class=\"e-con-inner\">\n\t\t\t\t\t<\/div>\n\t\t\t\t<\/div>\n\t\t\t\t<\/div>","protected":false},"excerpt":{"rendered":"<p>Hard Profile Hard PVC Profile Hard Profile Hard PVC Profile Hard Profile Hard PVC Profile Hard Profile Hard PVC or PP Profile Hard Profile Hard PVC Closed Profile Size L Hard Profile Hard PVC closed profile size S Hard Profile Hard PVC closed profile size XS Hard Profile Hard PVC closed section profile Soft frofile [&hellip;]<\/p>\n","protected":false},"author":2,"featured_media":0,"parent":0,"menu_order":0,"comment_status":"closed","ping_status":"closed","template":"","meta":{"footnotes":""},"class_list":["post-2382","page","type-page","status-publish","hentry"],"blocksy_meta":[],"yoast_head":"<!-- This site is optimized with the Yoast SEO Premium plugin v26.4 (Yoast SEO v26.4) - https:\/\/yoast.com\/wordpress\/plugins\/seo\/ -->\n<title>Plastic Profile Custom Made for Every Industry -<\/title>\n<meta name=\"description\" content=\"We manufacture custom plastic profiles tailored to your specific needs \u2013 from technical extrusion solutions to design-oriented applications.\" \/>\n<meta name=\"robots\" content=\"index, follow, max-snippet:-1, max-image-preview:large, max-video-preview:-1\" \/>\n<link rel=\"canonical\" href=\"https:\/\/stp-extrusion.com\/de\/profile\/\" \/>\n<meta property=\"og:locale\" content=\"de_DE\" \/>\n<meta property=\"og:type\" content=\"article\" \/>\n<meta property=\"og:title\" content=\"Profile\" \/>\n<meta property=\"og:description\" content=\"We manufacture custom plastic profiles tailored to your specific needs \u2013 from technical extrusion solutions to design-oriented applications.\" \/>\n<meta property=\"og:url\" content=\"https:\/\/stp-extrusion.com\/de\/profile\/\" \/>\n<meta property=\"article:modified_time\" content=\"2025-08-08T16:31:14+00:00\" \/>\n<meta property=\"og:image\" content=\"https:\/\/stp-extrusion.com\/wp-content\/uploads\/2025\/07\/Kepernyofoto-2024-03-07-16.23.37.png\" \/>\n<meta name=\"twitter:card\" content=\"summary_large_image\" \/>\n<meta name=\"twitter:label1\" content=\"Gesch\u00e4tzte Lesezeit\" \/>\n\t<meta name=\"twitter:data1\" content=\"22\u00a0Minuten\" \/>\n<script type=\"application\/ld+json\" class=\"yoast-schema-graph\">{\"@context\":\"https:\/\/schema.org\",\"@graph\":[{\"@type\":\"WebPage\",\"@id\":\"https:\/\/stp-extrusion.com\/profile\/\",\"url\":\"https:\/\/stp-extrusion.com\/profile\/\",\"name\":\"Plastic Profile Custom Made for Every Industry -\",\"isPartOf\":{\"@id\":\"https:\/\/stp-extrusion.com\/#website\"},\"primaryImageOfPage\":{\"@id\":\"https:\/\/stp-extrusion.com\/profile\/#primaryimage\"},\"image\":{\"@id\":\"https:\/\/stp-extrusion.com\/profile\/#primaryimage\"},\"thumbnailUrl\":\"https:\/\/stp-extrusion.com\/wp-content\/uploads\/2025\/07\/Kepernyofoto-2024-03-07-16.23.37.png\",\"datePublished\":\"2025-02-22T21:19:12+00:00\",\"dateModified\":\"2025-08-08T16:31:14+00:00\",\"description\":\"We manufacture custom plastic profiles tailored to your specific needs \u2013 from technical extrusion solutions to design-oriented applications.\",\"breadcrumb\":{\"@id\":\"https:\/\/stp-extrusion.com\/profile\/#breadcrumb\"},\"inLanguage\":\"de\",\"potentialAction\":[{\"@type\":\"ReadAction\",\"target\":[\"https:\/\/stp-extrusion.com\/profile\/\"]}]},{\"@type\":\"ImageObject\",\"inLanguage\":\"de\",\"@id\":\"https:\/\/stp-extrusion.com\/profile\/#primaryimage\",\"url\":\"https:\/\/stp-extrusion.com\/wp-content\/uploads\/2025\/07\/Kepernyofoto-2024-03-07-16.23.37.png\",\"contentUrl\":\"https:\/\/stp-extrusion.com\/wp-content\/uploads\/2025\/07\/Kepernyofoto-2024-03-07-16.23.37.png\"},{\"@type\":\"BreadcrumbList\",\"@id\":\"https:\/\/stp-extrusion.com\/profile\/#breadcrumb\",\"itemListElement\":[{\"@type\":\"ListItem\",\"position\":1,\"name\":\"Home\",\"item\":\"https:\/\/stp-extrusion.com\/\"},{\"@type\":\"ListItem\",\"position\":2,\"name\":\"Profile\"}]},{\"@type\":\"WebSite\",\"@id\":\"https:\/\/stp-extrusion.com\/#website\",\"url\":\"https:\/\/stp-extrusion.com\/\",\"name\":\"STP-extrusion.com\",\"description\":\"\",\"publisher\":{\"@id\":\"https:\/\/stp-extrusion.com\/#organization\"},\"potentialAction\":[{\"@type\":\"SearchAction\",\"target\":{\"@type\":\"EntryPoint\",\"urlTemplate\":\"https:\/\/stp-extrusion.com\/?s={search_term_string}\"},\"query-input\":{\"@type\":\"PropertyValueSpecification\",\"valueRequired\":true,\"valueName\":\"search_term_string\"}}],\"inLanguage\":\"de\"},{\"@type\":\"Organization\",\"@id\":\"https:\/\/stp-extrusion.com\/#organization\",\"name\":\"ST Plastics\",\"url\":\"https:\/\/stp-extrusion.com\/\",\"logo\":{\"@type\":\"ImageObject\",\"inLanguage\":\"de\",\"@id\":\"https:\/\/stp-extrusion.com\/#\/schema\/logo\/image\/\",\"url\":\"\",\"contentUrl\":\"\",\"caption\":\"ST Plastics\"},\"image\":{\"@id\":\"https:\/\/stp-extrusion.com\/#\/schema\/logo\/image\/\"}}]}<\/script>\n<!-- \/ Yoast SEO Premium plugin. -->","yoast_head_json":{"title":"Plastic Profile Custom Made for Every Industry -","description":"We manufacture custom plastic profiles tailored to your specific needs \u2013 from technical extrusion solutions to design-oriented applications.","robots":{"index":"index","follow":"follow","max-snippet":"max-snippet:-1","max-image-preview":"max-image-preview:large","max-video-preview":"max-video-preview:-1"},"canonical":"https:\/\/stp-extrusion.com\/de\/profile\/","og_locale":"de_DE","og_type":"article","og_title":"Profile","og_description":"We manufacture custom plastic profiles tailored to your specific needs \u2013 from technical extrusion solutions to design-oriented applications.","og_url":"https:\/\/stp-extrusion.com\/de\/profile\/","article_modified_time":"2025-08-08T16:31:14+00:00","og_image":[{"url":"https:\/\/stp-extrusion.com\/wp-content\/uploads\/2025\/07\/Kepernyofoto-2024-03-07-16.23.37.png","type":"","width":"","height":""}],"twitter_card":"summary_large_image","twitter_misc":{"Gesch\u00e4tzte Lesezeit":"22\u00a0Minuten"},"schema":{"@context":"https:\/\/schema.org","@graph":[{"@type":"WebPage","@id":"https:\/\/stp-extrusion.com\/profile\/","url":"https:\/\/stp-extrusion.com\/profile\/","name":"Plastic Profile Custom Made for Every Industry -","isPartOf":{"@id":"https:\/\/stp-extrusion.com\/#website"},"primaryImageOfPage":{"@id":"https:\/\/stp-extrusion.com\/profile\/#primaryimage"},"image":{"@id":"https:\/\/stp-extrusion.com\/profile\/#primaryimage"},"thumbnailUrl":"https:\/\/stp-extrusion.com\/wp-content\/uploads\/2025\/07\/Kepernyofoto-2024-03-07-16.23.37.png","datePublished":"2025-02-22T21:19:12+00:00","dateModified":"2025-08-08T16:31:14+00:00","description":"We manufacture custom plastic profiles tailored to your specific needs \u2013 from technical extrusion solutions to design-oriented applications.","breadcrumb":{"@id":"https:\/\/stp-extrusion.com\/profile\/#breadcrumb"},"inLanguage":"de","potentialAction":[{"@type":"ReadAction","target":["https:\/\/stp-extrusion.com\/profile\/"]}]},{"@type":"ImageObject","inLanguage":"de","@id":"https:\/\/stp-extrusion.com\/profile\/#primaryimage","url":"https:\/\/stp-extrusion.com\/wp-content\/uploads\/2025\/07\/Kepernyofoto-2024-03-07-16.23.37.png","contentUrl":"https:\/\/stp-extrusion.com\/wp-content\/uploads\/2025\/07\/Kepernyofoto-2024-03-07-16.23.37.png"},{"@type":"BreadcrumbList","@id":"https:\/\/stp-extrusion.com\/profile\/#breadcrumb","itemListElement":[{"@type":"ListItem","position":1,"name":"Home","item":"https:\/\/stp-extrusion.com\/"},{"@type":"ListItem","position":2,"name":"Profile"}]},{"@type":"WebSite","@id":"https:\/\/stp-extrusion.com\/#website","url":"https:\/\/stp-extrusion.com\/","name":"STP-extrusion.com","description":"","publisher":{"@id":"https:\/\/stp-extrusion.com\/#organization"},"potentialAction":[{"@type":"SearchAction","target":{"@type":"EntryPoint","urlTemplate":"https:\/\/stp-extrusion.com\/?s={search_term_string}"},"query-input":{"@type":"PropertyValueSpecification","valueRequired":true,"valueName":"search_term_string"}}],"inLanguage":"de"},{"@type":"Organization","@id":"https:\/\/stp-extrusion.com\/#organization","name":"ST-Kunststoffe","url":"https:\/\/stp-extrusion.com\/","logo":{"@type":"ImageObject","inLanguage":"de","@id":"https:\/\/stp-extrusion.com\/#\/schema\/logo\/image\/","url":"","contentUrl":"","caption":"ST Plastics"},"image":{"@id":"https:\/\/stp-extrusion.com\/#\/schema\/logo\/image\/"}}]}},"_links":{"self":[{"href":"https:\/\/stp-extrusion.com\/de\/wp-json\/wp\/v2\/pages\/2382","targetHints":{"allow":["GET"]}}],"collection":[{"href":"https:\/\/stp-extrusion.com\/de\/wp-json\/wp\/v2\/pages"}],"about":[{"href":"https:\/\/stp-extrusion.com\/de\/wp-json\/wp\/v2\/types\/page"}],"author":[{"embeddable":true,"href":"https:\/\/stp-extrusion.com\/de\/wp-json\/wp\/v2\/users\/2"}],"replies":[{"embeddable":true,"href":"https:\/\/stp-extrusion.com\/de\/wp-json\/wp\/v2\/comments?post=2382"}],"version-history":[{"count":89,"href":"https:\/\/stp-extrusion.com\/de\/wp-json\/wp\/v2\/pages\/2382\/revisions"}],"predecessor-version":[{"id":3105,"href":"https:\/\/stp-extrusion.com\/de\/wp-json\/wp\/v2\/pages\/2382\/revisions\/3105"}],"wp:attachment":[{"href":"https:\/\/stp-extrusion.com\/de\/wp-json\/wp\/v2\/media?parent=2382"}],"curies":[{"name":"wp","href":"https:\/\/api.w.org\/{rel}","templated":true}]}}