{"id":2184,"date":"2024-12-23T10:07:14","date_gmt":"2024-12-23T09:07:14","guid":{"rendered":"https:\/\/stp-extrusion.com\/?page_id=2184"},"modified":"2025-07-08T17:29:10","modified_gmt":"2025-07-08T15:29:10","slug":"extruded-tubes-profiles","status":"publish","type":"page","link":"https:\/\/stp-extrusion.com\/de\/extruded-tubes-profiles\/","title":{"rendered":"Produkte"},"content":{"rendered":"<div data-elementor-type=\"wp-page\" data-elementor-id=\"2184\" class=\"elementor elementor-2184\">\n\t\t\t\t<div class=\"elementor-element elementor-element-4c1c85d6 e-con-full e-flex e-con e-parent\" data-id=\"4c1c85d6\" data-element_type=\"container\" data-settings=\"{&quot;background_background&quot;:&quot;classic&quot;}\">\n\t\t<div class=\"elementor-element elementor-element-38ebecfc e-con-full e-flex e-con e-child\" data-id=\"38ebecfc\" data-element_type=\"container\">\n\t\t\t\t<div class=\"elementor-element elementor-element-6181bc50 elementor-widget elementor-widget-heading\" data-id=\"6181bc50\" data-element_type=\"widget\" data-widget_type=\"heading.default\">\n\t\t\t\t<div class=\"elementor-widget-container\">\n\t\t\t\t\t<h1 class=\"elementor-heading-title elementor-size-default\">Rohr-Extrusion<\/h1>\t\t\t\t<\/div>\n\t\t\t\t<\/div>\n\t\t\t\t<div class=\"elementor-element elementor-element-27de1a53 elementor-widget elementor-widget-text-editor\" data-id=\"27de1a53\" data-element_type=\"widget\" data-widget_type=\"text-editor.default\">\n\t\t\t\t<div class=\"elementor-widget-container\">\n\t\t\t\t\t\t\t\t\t<p>ST Plastics stellt her <strong>hochwertige extrudierte Kunststoffrohre<\/strong> f\u00fcr verschiedene industrielle Anforderungen. Durch den Einsatz fortschrittlicher Technologie gew\u00e4hrleisten wir Pr\u00e4zision, Langlebigkeit und hervorragende Leistung. Unser Angebot umfasst Standardgr\u00f6\u00dfen und anpassbare Optionen f\u00fcr Anwendungen in der Bau-, Automobil- und Elektronikbranche. Dank strenger Qualit\u00e4tskontrollen liefern unsere Rohre zuverl\u00e4ssige L\u00f6sungen f\u00fcr Ihre Projekte. St\u00f6bern Sie in unserem Katalog, um die perfekte L\u00f6sung zu finden.<\/p>\t\t\t\t\t\t\t\t<\/div>\n\t\t\t\t<\/div>\n\t\t\t\t<div class=\"elementor-element elementor-element-667064af elementor-mobile-align-center elementor-widget elementor-widget-button\" data-id=\"667064af\" data-element_type=\"widget\" data-widget_type=\"button.default\">\n\t\t\t\t<div class=\"elementor-widget-container\">\n\t\t\t\t\t\t\t\t\t<div class=\"elementor-button-wrapper\">\n\t\t\t\t\t<a class=\"elementor-button elementor-button-link elementor-size-sm\" href=\"https:\/\/stp-extrusion.com\/de\/tubes\/\">\n\t\t\t\t\t\t<span class=\"elementor-button-content-wrapper\">\n\t\t\t\t\t\t\t\t\t<span class=\"elementor-button-text\">MEHR TUBES<\/span>\n\t\t\t\t\t<\/span>\n\t\t\t\t\t<\/a>\n\t\t\t\t<\/div>\n\t\t\t\t\t\t\t\t<\/div>\n\t\t\t\t<\/div>\n\t\t\t\t<\/div>\n\t\t<div class=\"elementor-element elementor-element-17f3b556 e-con-full e-flex e-con e-child\" data-id=\"17f3b556\" data-element_type=\"container\">\n\t\t\t\t<div class=\"elementor-element elementor-element-7931ada8 elementor-widget elementor-widget-image\" data-id=\"7931ada8\" data-element_type=\"widget\" data-widget_type=\"image.default\">\n\t\t\t\t<div class=\"elementor-widget-container\">\n\t\t\t\t\t\t\t\t\t\t\t\t\t\t\t<img fetchpriority=\"high\" decoding=\"async\" width=\"1024\" height=\"1007\" src=\"https:\/\/stp-extrusion.com\/wp-content\/uploads\/2024\/04\/Extrusion-1024x1007.webp\" class=\"attachment-large size-large wp-image-1984\" alt=\"Modern STP extrusion machine\" srcset=\"https:\/\/stp-extrusion.com\/wp-content\/uploads\/2024\/04\/Extrusion-1024x1007.webp 1024w, https:\/\/stp-extrusion.com\/wp-content\/uploads\/2024\/04\/Extrusion-300x295.webp 300w, https:\/\/stp-extrusion.com\/wp-content\/uploads\/2024\/04\/Extrusion-768x755.webp 768w, https:\/\/stp-extrusion.com\/wp-content\/uploads\/2024\/04\/Extrusion-12x12.webp 12w, https:\/\/stp-extrusion.com\/wp-content\/uploads\/2024\/04\/Extrusion.webp 1100w\" sizes=\"(max-width: 1024px) 100vw, 1024px\" \/>\t\t\t\t\t\t\t\t\t\t\t\t\t\t\t<\/div>\n\t\t\t\t<\/div>\n\t\t\t\t<\/div>\n\t\t\t\t<\/div>\n\t\t<div class=\"elementor-element elementor-element-722607da e-flex e-con-boxed e-con e-parent\" data-id=\"722607da\" data-element_type=\"container\">\n\t\t\t\t\t<div class=\"e-con-inner\">\n\t\t<div class=\"elementor-element elementor-element-553d04cd e-con-full e-flex e-con e-child\" data-id=\"553d04cd\" data-element_type=\"container\">\n\t\t<div class=\"elementor-element elementor-element-1053a087 e-con-full e-flex e-con e-child\" data-id=\"1053a087\" data-element_type=\"container\">\n\t\t\t\t<div class=\"elementor-element elementor-element-601f01d5 elementor-widget elementor-widget-image\" data-id=\"601f01d5\" data-element_type=\"widget\" data-widget_type=\"image.default\">\n\t\t\t\t<div class=\"elementor-widget-container\">\n\t\t\t\t\t\t\t\t\t\t\t\t\t\t\t<img decoding=\"async\" width=\"1024\" height=\"683\" src=\"https:\/\/stp-extrusion.com\/wp-content\/uploads\/2025\/02\/ST_9285-1024x683.jpg\" class=\"attachment-large size-large wp-image-2446\" alt=\"ST Plastics special profile\" srcset=\"https:\/\/stp-extrusion.com\/wp-content\/uploads\/2025\/02\/ST_9285-1024x683.jpg 1024w, https:\/\/stp-extrusion.com\/wp-content\/uploads\/2025\/02\/ST_9285-300x200.jpg 300w, https:\/\/stp-extrusion.com\/wp-content\/uploads\/2025\/02\/ST_9285-768x512.jpg 768w, https:\/\/stp-extrusion.com\/wp-content\/uploads\/2025\/02\/ST_9285-1536x1024.jpg 1536w, https:\/\/stp-extrusion.com\/wp-content\/uploads\/2025\/02\/ST_9285-2048x1365.jpg 2048w, https:\/\/stp-extrusion.com\/wp-content\/uploads\/2025\/02\/ST_9285-18x12.jpg 18w\" sizes=\"(max-width: 1024px) 100vw, 1024px\" \/>\t\t\t\t\t\t\t\t\t\t\t\t\t\t\t<\/div>\n\t\t\t\t<\/div>\n\t\t\t\t<div class=\"elementor-element elementor-element-205cabad elementor-widget elementor-widget-image\" data-id=\"205cabad\" data-element_type=\"widget\" data-widget_type=\"image.default\">\n\t\t\t\t<div class=\"elementor-widget-container\">\n\t\t\t\t\t\t\t\t\t\t\t\t\t\t\t<img decoding=\"async\" width=\"322\" height=\"360\" src=\"https:\/\/stp-extrusion.com\/wp-content\/uploads\/2025\/02\/spline-322x360.png\" class=\"attachment-htliser_size_396x360 size-htliser_size_396x360 wp-image-2377\" alt=\"cable spline\" \/>\t\t\t\t\t\t\t\t\t\t\t\t\t\t\t<\/div>\n\t\t\t\t<\/div>\n\t\t\t\t<\/div>\n\t\t<div class=\"elementor-element elementor-element-247b603d e-con-full e-flex e-con e-child\" data-id=\"247b603d\" data-element_type=\"container\">\n\t\t\t\t<div class=\"elementor-element elementor-element-234fcbb9 elementor-widget elementor-widget-image\" data-id=\"234fcbb9\" data-element_type=\"widget\" data-widget_type=\"image.default\">\n\t\t\t\t<div class=\"elementor-widget-container\">\n\t\t\t\t\t\t\t\t\t\t\t\t\t\t\t<img loading=\"lazy\" decoding=\"async\" width=\"682\" height=\"556\" src=\"https:\/\/stp-extrusion.com\/wp-content\/uploads\/2025\/02\/proviles.png\" class=\"attachment-large size-large wp-image-2378\" alt=\"different profiles\" srcset=\"https:\/\/stp-extrusion.com\/wp-content\/uploads\/2025\/02\/proviles.png 682w, https:\/\/stp-extrusion.com\/wp-content\/uploads\/2025\/02\/proviles-300x245.png 300w, https:\/\/stp-extrusion.com\/wp-content\/uploads\/2025\/02\/proviles-15x12.png 15w\" sizes=\"(max-width: 682px) 100vw, 682px\" \/>\t\t\t\t\t\t\t\t\t\t\t\t\t\t\t<\/div>\n\t\t\t\t<\/div>\n\t\t\t\t<div class=\"elementor-element elementor-element-3e085a2 elementor-widget elementor-widget-image\" data-id=\"3e085a2\" data-element_type=\"widget\" data-widget_type=\"image.default\">\n\t\t\t\t<div class=\"elementor-widget-container\">\n\t\t\t\t\t\t\t\t\t\t\t\t\t\t\t<img loading=\"lazy\" decoding=\"async\" width=\"684\" height=\"1024\" src=\"https:\/\/stp-extrusion.com\/wp-content\/uploads\/2025\/02\/DSC_0319-684x1024.jpg\" class=\"attachment-large size-large wp-image-2369\" alt=\"Extruded pvc profile\" srcset=\"https:\/\/stp-extrusion.com\/wp-content\/uploads\/2025\/02\/DSC_0319-684x1024.jpg 684w, https:\/\/stp-extrusion.com\/wp-content\/uploads\/2025\/02\/DSC_0319-201x300.jpg 201w, https:\/\/stp-extrusion.com\/wp-content\/uploads\/2025\/02\/DSC_0319-768x1149.jpg 768w, https:\/\/stp-extrusion.com\/wp-content\/uploads\/2025\/02\/DSC_0319-1027x1536.jpg 1027w, https:\/\/stp-extrusion.com\/wp-content\/uploads\/2025\/02\/DSC_0319-1369x2048.jpg 1369w, https:\/\/stp-extrusion.com\/wp-content\/uploads\/2025\/02\/DSC_0319-8x12.jpg 8w, https:\/\/stp-extrusion.com\/wp-content\/uploads\/2025\/02\/DSC_0319-scaled.jpg 1711w\" sizes=\"(max-width: 684px) 100vw, 684px\" \/>\t\t\t\t\t\t\t\t\t\t\t\t\t\t\t<\/div>\n\t\t\t\t<\/div>\n\t\t\t\t<\/div>\n\t\t\t\t<\/div>\n\t\t<div class=\"elementor-element elementor-element-719452d1 e-con-full e-flex e-con e-child\" data-id=\"719452d1\" data-element_type=\"container\">\n\t\t\t\t<div class=\"elementor-element elementor-element-572b000d elementor-widget elementor-widget-heading\" data-id=\"572b000d\" data-element_type=\"widget\" data-widget_type=\"heading.default\">\n\t\t\t\t<div class=\"elementor-widget-container\">\n\t\t\t\t\t<h3 class=\"elementor-heading-title elementor-size-default\">Extrusion von Kunststoffprofilen<\/h3>\t\t\t\t<\/div>\n\t\t\t\t<\/div>\n\t\t\t\t<div class=\"elementor-element elementor-element-1cac9b12 elementor-widget elementor-widget-text-editor\" data-id=\"1cac9b12\" data-element_type=\"widget\" data-widget_type=\"text-editor.default\">\n\t\t\t\t<div class=\"elementor-widget-container\">\n\t\t\t\t\t\t\t\t\t<p class=\"translation-block\">ST Plastics produziert <strong>hochwertige extrudierte Kunststoffrohre<\/strong> f\u00fcr vielf\u00e4ltige industrielle Anforderungen. Mit modernster Technologie gew\u00e4hrleisten wir Pr\u00e4zision, Langlebigkeit und \u00fcberlegene Leistung. Unser Sortiment umfasst Standardgr\u00f6\u00dfen sowie anpassbare Optionen f\u00fcr Anwendungen in Bauwesen, Automobilindustrie und Elektronik. Durch strenge Qualit\u00e4tskontrollen liefern unsere Rohre zuverl\u00e4ssige L\u00f6sungen f\u00fcr Ihre Projekte. Entdecken Sie unseren Katalog f\u00fcr die perfekte Auswahl!<\/p>\t\t\t\t\t\t\t\t<\/div>\n\t\t\t\t<\/div>\n\t\t\t\t<div class=\"elementor-element elementor-element-31e40c1 elementor-mobile-align-center elementor-invisible elementor-widget elementor-widget-button\" data-id=\"31e40c1\" data-element_type=\"widget\" data-settings=\"{&quot;_animation&quot;:&quot;fadeInDown&quot;}\" data-widget_type=\"button.default\">\n\t\t\t\t<div class=\"elementor-widget-container\">\n\t\t\t\t\t\t\t\t\t<div class=\"elementor-button-wrapper\">\n\t\t\t\t\t<a class=\"elementor-button elementor-button-link elementor-size-sm\" href=\"https:\/\/stp-extrusion.com\/de\/profile\/\">\n\t\t\t\t\t\t<span class=\"elementor-button-content-wrapper\">\n\t\t\t\t\t\t\t\t\t<span class=\"elementor-button-text\">MEHR PROFILE<\/span>\n\t\t\t\t\t<\/span>\n\t\t\t\t\t<\/a>\n\t\t\t\t<\/div>\n\t\t\t\t\t\t\t\t<\/div>\n\t\t\t\t<\/div>\n\t\t\t\t<\/div>\n\t\t\t\t\t<\/div>\n\t\t\t\t<\/div>\n\t\t<div class=\"elementor-element elementor-element-4caa9054 e-con-full e-flex e-con e-parent\" data-id=\"4caa9054\" data-element_type=\"container\" id=\"next\">\n\t\t\t\t<div class=\"elementor-element elementor-element-b72dd13 elementor-widget elementor-widget-heading\" data-id=\"b72dd13\" data-element_type=\"widget\" data-widget_type=\"heading.default\">\n\t\t\t\t<div class=\"elementor-widget-container\">\n\t\t\t\t\t<h3 class=\"elementor-heading-title elementor-size-default\">Unsere Dienstleistungen<\/h3>\t\t\t\t<\/div>\n\t\t\t\t<\/div>\n\t\t\t\t<div class=\"elementor-element elementor-element-44b8794e elementor-widget elementor-widget-heading\" data-id=\"44b8794e\" data-element_type=\"widget\" data-widget_type=\"heading.default\">\n\t\t\t\t<div class=\"elementor-widget-container\">\n\t\t\t\t\t<p class=\"elementor-heading-title elementor-size-default\">Alles, was der Kunde sich w\u00fcnschen kann.<\/p>\t\t\t\t<\/div>\n\t\t\t\t<\/div>\n\t\t<div class=\"elementor-element elementor-element-6e438694 e-con-full e-flex e-con e-child\" data-id=\"6e438694\" data-element_type=\"container\">\n\t\t<div class=\"elementor-element elementor-element-71d3d23f e-con-full e-flex e-con e-child\" data-id=\"71d3d23f\" data-element_type=\"container\">\n\t\t\t\t<div class=\"elementor-element elementor-element-f0dda5f elementor-position-top elementor-widget elementor-widget-image-box\" data-id=\"f0dda5f\" data-element_type=\"widget\" data-widget_type=\"image-box.default\">\n\t\t\t\t<div class=\"elementor-widget-container\">\n\t\t\t\t\t<div class=\"elementor-image-box-wrapper\"><figure class=\"elementor-image-box-img\"><a href=\"#\" tabindex=\"-1\"><img loading=\"lazy\" decoding=\"async\" width=\"683\" height=\"600\" src=\"https:\/\/stp-extrusion.com\/wp-content\/uploads\/2025\/02\/Image_Placeholder-about.jpeg\" class=\"elementor-animation-grow attachment-full size-full wp-image-2321\" alt=\"\" srcset=\"https:\/\/stp-extrusion.com\/wp-content\/uploads\/2025\/02\/Image_Placeholder-about.jpeg 683w, https:\/\/stp-extrusion.com\/wp-content\/uploads\/2025\/02\/Image_Placeholder-about-300x264.jpeg 300w, https:\/\/stp-extrusion.com\/wp-content\/uploads\/2025\/02\/Image_Placeholder-about-14x12.jpeg 14w\" sizes=\"(max-width: 683px) 100vw, 683px\" \/><\/a><\/figure><div class=\"elementor-image-box-content\"><h4 class=\"elementor-image-box-title\"><a href=\"#\">Farbe aus RAL <\/a><\/h4><p class=\"elementor-image-box-description\">Sie k\u00f6nnen auch Ihre Farbe aus der RAL-Skala ausw\u00e4hlen, und wir mischen den perfekten Farbton.<\/p><\/div><\/div>\t\t\t\t<\/div>\n\t\t\t\t<\/div>\n\t\t\t\t<\/div>\n\t\t<div class=\"elementor-element elementor-element-7c6adf5f e-con-full e-flex e-con e-child\" data-id=\"7c6adf5f\" data-element_type=\"container\">\n\t\t\t\t<div class=\"elementor-element elementor-element-655de823 elementor-position-top elementor-widget elementor-widget-image-box\" data-id=\"655de823\" data-element_type=\"widget\" data-widget_type=\"image-box.default\">\n\t\t\t\t<div class=\"elementor-widget-container\">\n\t\t\t\t\t<div class=\"elementor-image-box-wrapper\"><figure class=\"elementor-image-box-img\"><a href=\"#\" tabindex=\"-1\"><img loading=\"lazy\" decoding=\"async\" width=\"683\" height=\"600\" src=\"https:\/\/stp-extrusion.com\/wp-content\/uploads\/2025\/02\/Image_Placeholder-about.jpeg\" class=\"elementor-animation-grow attachment-full size-full wp-image-2321\" alt=\"\" srcset=\"https:\/\/stp-extrusion.com\/wp-content\/uploads\/2025\/02\/Image_Placeholder-about.jpeg 683w, https:\/\/stp-extrusion.com\/wp-content\/uploads\/2025\/02\/Image_Placeholder-about-300x264.jpeg 300w, https:\/\/stp-extrusion.com\/wp-content\/uploads\/2025\/02\/Image_Placeholder-about-14x12.jpeg 14w\" sizes=\"(max-width: 683px) 100vw, 683px\" \/><\/a><\/figure><div class=\"elementor-image-box-content\"><h4 class=\"elementor-image-box-title\"><a href=\"#\">Benutzerdefinierte L\u00e4nge<\/a><\/h4><p class=\"elementor-image-box-description\">Wir k\u00f6nnen das gew\u00fcnschte Produkt in jeder L\u00e4nge herstellen, von 3 mm bis zu 10 km.<\/p><\/div><\/div>\t\t\t\t<\/div>\n\t\t\t\t<\/div>\n\t\t\t\t<\/div>\n\t\t<div class=\"elementor-element elementor-element-2a24f717 e-con-full e-flex e-con e-child\" data-id=\"2a24f717\" data-element_type=\"container\">\n\t\t\t\t<div class=\"elementor-element elementor-element-7f6d8d65 elementor-position-top elementor-widget elementor-widget-image-box\" data-id=\"7f6d8d65\" data-element_type=\"widget\" data-widget_type=\"image-box.default\">\n\t\t\t\t<div class=\"elementor-widget-container\">\n\t\t\t\t\t<div class=\"elementor-image-box-wrapper\"><figure class=\"elementor-image-box-img\"><a href=\"#\" tabindex=\"-1\"><img loading=\"lazy\" decoding=\"async\" width=\"683\" height=\"600\" src=\"https:\/\/stp-extrusion.com\/wp-content\/uploads\/2025\/02\/Image_Placeholder-about.jpeg\" class=\"elementor-animation-grow attachment-full size-full wp-image-2321\" alt=\"\" srcset=\"https:\/\/stp-extrusion.com\/wp-content\/uploads\/2025\/02\/Image_Placeholder-about.jpeg 683w, https:\/\/stp-extrusion.com\/wp-content\/uploads\/2025\/02\/Image_Placeholder-about-300x264.jpeg 300w, https:\/\/stp-extrusion.com\/wp-content\/uploads\/2025\/02\/Image_Placeholder-about-14x12.jpeg 14w\" sizes=\"(max-width: 683px) 100vw, 683px\" \/><\/a><\/figure><div class=\"elementor-image-box-content\"><h4 class=\"elementor-image-box-title\"><a href=\"#\">Beratung  <\/a><\/h4><p class=\"elementor-image-box-description\">Unser fachkundiges Verkaufsteam ist gerne bereit, die Einzelheiten pers\u00f6nlich in Ihren R\u00e4umlichkeiten zu besprechen.<\/p><\/div><\/div>\t\t\t\t<\/div>\n\t\t\t\t<\/div>\n\t\t\t\t<\/div>\n\t\t<div class=\"elementor-element elementor-element-1031a75 e-con-full e-flex e-con e-child\" data-id=\"1031a75\" data-element_type=\"container\">\n\t\t\t\t<div class=\"elementor-element elementor-element-6ec87acf elementor-position-top elementor-widget elementor-widget-image-box\" data-id=\"6ec87acf\" data-element_type=\"widget\" data-widget_type=\"image-box.default\">\n\t\t\t\t<div class=\"elementor-widget-container\">\n\t\t\t\t\t<div class=\"elementor-image-box-wrapper\"><figure class=\"elementor-image-box-img\"><a href=\"#\" tabindex=\"-1\"><img loading=\"lazy\" decoding=\"async\" width=\"683\" height=\"600\" src=\"https:\/\/stp-extrusion.com\/wp-content\/uploads\/2025\/02\/Image_Placeholder-about.jpeg\" class=\"elementor-animation-grow attachment-full size-full wp-image-2321\" alt=\"\" srcset=\"https:\/\/stp-extrusion.com\/wp-content\/uploads\/2025\/02\/Image_Placeholder-about.jpeg 683w, https:\/\/stp-extrusion.com\/wp-content\/uploads\/2025\/02\/Image_Placeholder-about-300x264.jpeg 300w, https:\/\/stp-extrusion.com\/wp-content\/uploads\/2025\/02\/Image_Placeholder-about-14x12.jpeg 14w\" sizes=\"(max-width: 683px) 100vw, 683px\" \/><\/a><\/figure><div class=\"elementor-image-box-content\"><h4 class=\"elementor-image-box-title\"><a href=\"#\">Produktplanung <\/a><\/h4><p class=\"elementor-image-box-description\">Wir helfen bei der Produktgestaltung, wobei wir die kosteneffektive Herstellbarkeit im Auge behalten.<\/p><\/div><\/div>\t\t\t\t<\/div>\n\t\t\t\t<\/div>\n\t\t\t\t<\/div>\n\t\t\t\t<\/div>\n\t\t\t\t<\/div>\n\t\t\t\t<\/div>","protected":false},"excerpt":{"rendered":"<p>Tube extrusion ST Plastics manufactures high-quality extruded plastic tubes for diverse industrial needs. Using advanced technology, we ensure precision, durability, and superior performance. Our range includes standard sizes and customizable options for applications in construction, automotive, and electronics. With strict quality control, our tubes deliver reliable solutions for your projects. Explore our catalog for the [&hellip;]<\/p>\n","protected":false},"author":2,"featured_media":0,"parent":0,"menu_order":0,"comment_status":"closed","ping_status":"closed","template":"","meta":{"footnotes":""},"class_list":["post-2184","page","type-page","status-publish","hentry"],"blocksy_meta":[],"yoast_head":"<!-- This site is optimized with the Yoast SEO Premium plugin v26.4 (Yoast SEO v26.4) - https:\/\/yoast.com\/wordpress\/plugins\/seo\/ -->\n<title>Everything You Need to Know About Tubes Profiles Hose Pipe<\/title>\n<meta name=\"description\" content=\"Explore the versatility and benefits of tubes, profiles, and hose pipes. Discover their applications and how they can optimize your projects.\" \/>\n<meta name=\"robots\" content=\"index, follow, max-snippet:-1, max-image-preview:large, max-video-preview:-1\" \/>\n<link rel=\"canonical\" href=\"https:\/\/stp-extrusion.com\/de\/extruded-tubes-profiles\/\" \/>\n<meta property=\"og:locale\" content=\"de_DE\" \/>\n<meta property=\"og:type\" content=\"article\" \/>\n<meta property=\"og:title\" content=\"Products\" \/>\n<meta property=\"og:description\" content=\"Explore the versatility and benefits of tubes, profiles, and hose pipes. Discover their applications and how they can optimize your projects.\" \/>\n<meta property=\"og:url\" content=\"https:\/\/stp-extrusion.com\/de\/extruded-tubes-profiles\/\" \/>\n<meta property=\"article:modified_time\" content=\"2025-07-08T15:29:10+00:00\" \/>\n<meta property=\"og:image\" content=\"https:\/\/stp-extrusion.com\/wp-content\/uploads\/2024\/04\/Extrusion-1024x1007.webp\" \/>\n<meta name=\"twitter:card\" content=\"summary_large_image\" \/>\n<meta name=\"twitter:label1\" content=\"Gesch\u00e4tzte Lesezeit\" \/>\n\t<meta name=\"twitter:data1\" content=\"3\u00a0Minuten\" \/>\n<script type=\"application\/ld+json\" class=\"yoast-schema-graph\">{\"@context\":\"https:\/\/schema.org\",\"@graph\":[{\"@type\":\"WebPage\",\"@id\":\"https:\/\/stp-extrusion.com\/extruded-tubes-profiles\/\",\"url\":\"https:\/\/stp-extrusion.com\/extruded-tubes-profiles\/\",\"name\":\"Everything You Need to Know About Tubes Profiles Hose Pipe\",\"isPartOf\":{\"@id\":\"https:\/\/stp-extrusion.com\/#website\"},\"primaryImageOfPage\":{\"@id\":\"https:\/\/stp-extrusion.com\/extruded-tubes-profiles\/#primaryimage\"},\"image\":{\"@id\":\"https:\/\/stp-extrusion.com\/extruded-tubes-profiles\/#primaryimage\"},\"thumbnailUrl\":\"https:\/\/stp-extrusion.com\/wp-content\/uploads\/2024\/04\/Extrusion-1024x1007.webp\",\"datePublished\":\"2024-12-23T09:07:14+00:00\",\"dateModified\":\"2025-07-08T15:29:10+00:00\",\"description\":\"Explore the versatility and benefits of tubes, profiles, and hose pipes. Discover their applications and how they can optimize your projects.\",\"breadcrumb\":{\"@id\":\"https:\/\/stp-extrusion.com\/extruded-tubes-profiles\/#breadcrumb\"},\"inLanguage\":\"de\",\"potentialAction\":[{\"@type\":\"ReadAction\",\"target\":[\"https:\/\/stp-extrusion.com\/extruded-tubes-profiles\/\"]}]},{\"@type\":\"ImageObject\",\"inLanguage\":\"de\",\"@id\":\"https:\/\/stp-extrusion.com\/extruded-tubes-profiles\/#primaryimage\",\"url\":\"https:\/\/stp-extrusion.com\/wp-content\/uploads\/2024\/04\/Extrusion-1024x1007.webp\",\"contentUrl\":\"https:\/\/stp-extrusion.com\/wp-content\/uploads\/2024\/04\/Extrusion-1024x1007.webp\"},{\"@type\":\"BreadcrumbList\",\"@id\":\"https:\/\/stp-extrusion.com\/extruded-tubes-profiles\/#breadcrumb\",\"itemListElement\":[{\"@type\":\"ListItem\",\"position\":1,\"name\":\"Home\",\"item\":\"https:\/\/stp-extrusion.com\/\"},{\"@type\":\"ListItem\",\"position\":2,\"name\":\"Products\"}]},{\"@type\":\"WebSite\",\"@id\":\"https:\/\/stp-extrusion.com\/#website\",\"url\":\"https:\/\/stp-extrusion.com\/\",\"name\":\"STP-extrusion.com\",\"description\":\"\",\"publisher\":{\"@id\":\"https:\/\/stp-extrusion.com\/#organization\"},\"potentialAction\":[{\"@type\":\"SearchAction\",\"target\":{\"@type\":\"EntryPoint\",\"urlTemplate\":\"https:\/\/stp-extrusion.com\/?s={search_term_string}\"},\"query-input\":{\"@type\":\"PropertyValueSpecification\",\"valueRequired\":true,\"valueName\":\"search_term_string\"}}],\"inLanguage\":\"de\"},{\"@type\":\"Organization\",\"@id\":\"https:\/\/stp-extrusion.com\/#organization\",\"name\":\"ST Plastics\",\"url\":\"https:\/\/stp-extrusion.com\/\",\"logo\":{\"@type\":\"ImageObject\",\"inLanguage\":\"de\",\"@id\":\"https:\/\/stp-extrusion.com\/#\/schema\/logo\/image\/\",\"url\":\"\",\"contentUrl\":\"\",\"caption\":\"ST Plastics\"},\"image\":{\"@id\":\"https:\/\/stp-extrusion.com\/#\/schema\/logo\/image\/\"}}]}<\/script>\n<!-- \/ Yoast SEO Premium plugin. -->","yoast_head_json":{"title":"Everything You Need to Know About Tubes Profiles Hose Pipe","description":"Explore the versatility and benefits of tubes, profiles, and hose pipes. Discover their applications and how they can optimize your projects.","robots":{"index":"index","follow":"follow","max-snippet":"max-snippet:-1","max-image-preview":"max-image-preview:large","max-video-preview":"max-video-preview:-1"},"canonical":"https:\/\/stp-extrusion.com\/de\/extruded-tubes-profiles\/","og_locale":"de_DE","og_type":"article","og_title":"Products","og_description":"Explore the versatility and benefits of tubes, profiles, and hose pipes. Discover their applications and how they can optimize your projects.","og_url":"https:\/\/stp-extrusion.com\/de\/extruded-tubes-profiles\/","article_modified_time":"2025-07-08T15:29:10+00:00","og_image":[{"url":"https:\/\/stp-extrusion.com\/wp-content\/uploads\/2024\/04\/Extrusion-1024x1007.webp","type":"","width":"","height":""}],"twitter_card":"summary_large_image","twitter_misc":{"Gesch\u00e4tzte Lesezeit":"3\u00a0Minuten"},"schema":{"@context":"https:\/\/schema.org","@graph":[{"@type":"WebPage","@id":"https:\/\/stp-extrusion.com\/extruded-tubes-profiles\/","url":"https:\/\/stp-extrusion.com\/extruded-tubes-profiles\/","name":"Everything You Need to Know About Tubes Profiles Hose Pipe","isPartOf":{"@id":"https:\/\/stp-extrusion.com\/#website"},"primaryImageOfPage":{"@id":"https:\/\/stp-extrusion.com\/extruded-tubes-profiles\/#primaryimage"},"image":{"@id":"https:\/\/stp-extrusion.com\/extruded-tubes-profiles\/#primaryimage"},"thumbnailUrl":"https:\/\/stp-extrusion.com\/wp-content\/uploads\/2024\/04\/Extrusion-1024x1007.webp","datePublished":"2024-12-23T09:07:14+00:00","dateModified":"2025-07-08T15:29:10+00:00","description":"Explore the versatility and benefits of tubes, profiles, and hose pipes. Discover their applications and how they can optimize your projects.","breadcrumb":{"@id":"https:\/\/stp-extrusion.com\/extruded-tubes-profiles\/#breadcrumb"},"inLanguage":"de","potentialAction":[{"@type":"ReadAction","target":["https:\/\/stp-extrusion.com\/extruded-tubes-profiles\/"]}]},{"@type":"ImageObject","inLanguage":"de","@id":"https:\/\/stp-extrusion.com\/extruded-tubes-profiles\/#primaryimage","url":"https:\/\/stp-extrusion.com\/wp-content\/uploads\/2024\/04\/Extrusion-1024x1007.webp","contentUrl":"https:\/\/stp-extrusion.com\/wp-content\/uploads\/2024\/04\/Extrusion-1024x1007.webp"},{"@type":"BreadcrumbList","@id":"https:\/\/stp-extrusion.com\/extruded-tubes-profiles\/#breadcrumb","itemListElement":[{"@type":"ListItem","position":1,"name":"Home","item":"https:\/\/stp-extrusion.com\/"},{"@type":"ListItem","position":2,"name":"Products"}]},{"@type":"WebSite","@id":"https:\/\/stp-extrusion.com\/#website","url":"https:\/\/stp-extrusion.com\/","name":"STP-extrusion.com","description":"","publisher":{"@id":"https:\/\/stp-extrusion.com\/#organization"},"potentialAction":[{"@type":"SearchAction","target":{"@type":"EntryPoint","urlTemplate":"https:\/\/stp-extrusion.com\/?s={search_term_string}"},"query-input":{"@type":"PropertyValueSpecification","valueRequired":true,"valueName":"search_term_string"}}],"inLanguage":"de"},{"@type":"Organization","@id":"https:\/\/stp-extrusion.com\/#organization","name":"ST-Kunststoffe","url":"https:\/\/stp-extrusion.com\/","logo":{"@type":"ImageObject","inLanguage":"de","@id":"https:\/\/stp-extrusion.com\/#\/schema\/logo\/image\/","url":"","contentUrl":"","caption":"ST Plastics"},"image":{"@id":"https:\/\/stp-extrusion.com\/#\/schema\/logo\/image\/"}}]}},"_links":{"self":[{"href":"https:\/\/stp-extrusion.com\/de\/wp-json\/wp\/v2\/pages\/2184","targetHints":{"allow":["GET"]}}],"collection":[{"href":"https:\/\/stp-extrusion.com\/de\/wp-json\/wp\/v2\/pages"}],"about":[{"href":"https:\/\/stp-extrusion.com\/de\/wp-json\/wp\/v2\/types\/page"}],"author":[{"embeddable":true,"href":"https:\/\/stp-extrusion.com\/de\/wp-json\/wp\/v2\/users\/2"}],"replies":[{"embeddable":true,"href":"https:\/\/stp-extrusion.com\/de\/wp-json\/wp\/v2\/comments?post=2184"}],"version-history":[{"count":40,"href":"https:\/\/stp-extrusion.com\/de\/wp-json\/wp\/v2\/pages\/2184\/revisions"}],"predecessor-version":[{"id":2481,"href":"https:\/\/stp-extrusion.com\/de\/wp-json\/wp\/v2\/pages\/2184\/revisions\/2481"}],"wp:attachment":[{"href":"https:\/\/stp-extrusion.com\/de\/wp-json\/wp\/v2\/media?parent=2184"}],"curies":[{"name":"wp","href":"https:\/\/api.w.org\/{rel}","templated":true}]}}