{"id":2720,"date":"2025-06-12T15:09:34","date_gmt":"2025-06-12T13:09:34","guid":{"rendered":"https:\/\/stp-extrusion.com\/?page_id=2720"},"modified":"2025-07-10T08:15:51","modified_gmt":"2025-07-10T06:15:51","slug":"thank-you-new-customer","status":"publish","type":"page","link":"https:\/\/stp-extrusion.com\/cs\/thank-you-new-customer\/","title":{"rendered":"D\u011bkujeme, \u017ee jste se zaregistrovali jako nov\u00fd z\u00e1kazn\u00edk"},"content":{"rendered":"\t\t<div data-elementor-type=\"wp-page\" data-elementor-id=\"2720\" class=\"elementor elementor-2720\">\n\t\t\t\t<div class=\"elementor-element elementor-element-70d0318 e-flex e-con-boxed e-con e-parent\" data-id=\"70d0318\" data-element_type=\"container\">\n\t\t\t\t\t<div class=\"e-con-inner\">\n\t\t\t\t<div class=\"elementor-element elementor-element-1279668 elementor-widget elementor-widget-text-editor\" data-id=\"1279668\" data-element_type=\"widget\" data-widget_type=\"text-editor.default\">\n\t\t\t\t<div class=\"elementor-widget-container\">\n\t\t\t\t\t\t\t\t\t<p data-start=\"187\" data-end=\"217\"><strong data-start=\"187\" data-end=\"217\">Thank you for registering!<\/strong><\/p><p data-start=\"219\" data-end=\"359\">We appreciate you taking the time to create an account with us. Your registration has been successfully received and is now being processed.<\/p><p data-start=\"361\" data-end=\"631\">As a registered customer, you\u2019ll gain access to exclusive pricing, personalized support, and a smoother ordering experience tailored to your needs.<br data-start=\"508\" data-end=\"511\" \/>Our team will review your details shortly, and you&#8217;ll receive a confirmation email once your account is fully activated.<\/p><p data-start=\"633\" data-end=\"756\">If you have any questions or need assistance in the meantime, feel free to contact us at [your support email\/contact page].<\/p><p data-start=\"758\" data-end=\"794\">We look forward to working with you!<\/p><p data-start=\"796\" data-end=\"818\">\u2014 The ST Plastics Team<\/p>\t\t\t\t\t\t\t\t<\/div>\n\t\t\t\t<\/div>\n\t\t\t\t\t<\/div>\n\t\t\t\t<\/div>\n\t\t<div class=\"elementor-element elementor-element-589d75c e-flex e-con-boxed e-con e-parent\" data-id=\"589d75c\" data-element_type=\"container\">\n\t\t\t\t\t<div class=\"e-con-inner\">\n\t\t\t\t<div class=\"elementor-element elementor-element-798209d elementor-align-center elementor-widget elementor-widget-button\" data-id=\"798209d\" data-element_type=\"widget\" data-widget_type=\"button.default\">\n\t\t\t\t<div class=\"elementor-widget-container\">\n\t\t\t\t\t\t\t\t\t<div class=\"elementor-button-wrapper\">\n\t\t\t\t\t<a class=\"elementor-button elementor-button-link elementor-size-sm\" href=\"https:\/\/stp-extrusion.com\/profile-and-tubes-catalogue\/\">\n\t\t\t\t\t\t<span class=\"elementor-button-content-wrapper\">\n\t\t\t\t\t\t\t\t\t<span class=\"elementor-button-text\">Go to ST Plastics Catalogue <\/span>\n\t\t\t\t\t<\/span>\n\t\t\t\t\t<\/a>\n\t\t\t\t<\/div>\n\t\t\t\t\t\t\t\t<\/div>\n\t\t\t\t<\/div>\n\t\t\t\t\t<\/div>\n\t\t\t\t<\/div>\n\t\t<div class=\"elementor-element elementor-element-CQ5CmiX e-flex e-con-boxed e-con e-parent\" data-id=\"CQ5CmiX\" data-element_type=\"container\">\n\t\t\t\t\t<div class=\"e-con-inner\">\n\t\t\t\t<div class=\"elementor-element elementor-element-QehcIz4 elementor-widget elementor-widget-heading\" data-id=\"QehcIz4\" data-element_type=\"widget\" data-widget_type=\"heading.default\">\n\t\t\t\t<div class=\"elementor-widget-container\">\n\t\t\t\t\t<h2 class=\"elementor-heading-title elementor-size-default\">Explore Our Collection Today!<\/h2>\t\t\t\t<\/div>\n\t\t\t\t<\/div>\n\t\t<div class=\"elementor-element elementor-element-7eCTdGf e-con-full e-flex e-con e-child\" data-id=\"7eCTdGf\" data-element_type=\"container\">\n\t\t\t\t<\/div>\n\t\t\t\t<div class=\"elementor-element elementor-element-UwJaOHK elementor-widget__width-auto elementor-widget elementor-widget-button\" data-id=\"UwJaOHK\" data-element_type=\"widget\" data-widget_type=\"button.default\">\n\t\t\t\t<div class=\"elementor-widget-container\">\n\t\t\t\t\t\t\t\t\t<div class=\"elementor-button-wrapper\">\n\t\t\t\t\t<a class=\"elementor-button elementor-button-link elementor-size-sm\" href=\"https:\/\/stp-extrusion.com\/extruded-tubes-profiles\/\">\n\t\t\t\t\t\t<span class=\"elementor-button-content-wrapper\">\n\t\t\t\t\t\t\t\t\t<span class=\"elementor-button-text\">See Our Products<\/span>\n\t\t\t\t\t<\/span>\n\t\t\t\t\t<\/a>\n\t\t\t\t<\/div>\n\t\t\t\t\t\t\t\t<\/div>\n\t\t\t\t<\/div>\n\t\t\t\t\t<\/div>\n\t\t\t\t<\/div>\n\t\t\t\t<\/div>\n\t\t","protected":false},"excerpt":{"rendered":"<p>Thank you for registering! We appreciate you taking the time to create an account with us. Your registration has been successfully received and is now being processed. As a registered customer, you\u2019ll gain access to exclusive pricing, personalized support, and a smoother ordering experience tailored to your needs.Our team will review your details shortly, and [&hellip;]<\/p>\n","protected":false},"author":2,"featured_media":0,"parent":0,"menu_order":0,"comment_status":"closed","ping_status":"closed","template":"","meta":{"footnotes":""},"class_list":["post-2720","page","type-page","status-publish","hentry"],"blocksy_meta":[],"yoast_head":"<!-- This site is optimized with the Yoast SEO Premium plugin v26.4 (Yoast SEO v26.4) - https:\/\/yoast.com\/wordpress\/plugins\/seo\/ -->\n<title>New Customer Registration: Welcome to Our Team -<\/title>\n<meta name=\"description\" content=\"Create your account to access exclusive offers, streamlined ordering, and personalized support. Quick and secure new customer registration.\" \/>\n<meta name=\"robots\" content=\"index, follow, max-snippet:-1, max-image-preview:large, max-video-preview:-1\" \/>\n<link rel=\"canonical\" href=\"https:\/\/stp-extrusion.com\/cs\/thank-you-new-customer\/\" \/>\n<meta property=\"og:locale\" content=\"cs_CZ\" \/>\n<meta property=\"og:type\" content=\"article\" \/>\n<meta property=\"og:title\" content=\"Thank You for Registering as a new Customer\" \/>\n<meta property=\"og:description\" content=\"Create your account to access exclusive offers, streamlined ordering, and personalized support. Quick and secure new customer registration.\" \/>\n<meta property=\"og:url\" content=\"https:\/\/stp-extrusion.com\/cs\/thank-you-new-customer\/\" \/>\n<meta property=\"article:modified_time\" content=\"2025-07-10T06:15:51+00:00\" \/>\n<meta name=\"twitter:card\" content=\"summary_large_image\" \/>\n<meta name=\"twitter:label1\" content=\"Odhadovan\u00e1 doba \u010dten\u00ed\" \/>\n\t<meta name=\"twitter:data1\" content=\"1 minuta\" \/>\n<script type=\"application\/ld+json\" class=\"yoast-schema-graph\">{\"@context\":\"https:\/\/schema.org\",\"@graph\":[{\"@type\":\"WebPage\",\"@id\":\"https:\/\/stp-extrusion.com\/thank-you-new-customer\/\",\"url\":\"https:\/\/stp-extrusion.com\/thank-you-new-customer\/\",\"name\":\"New Customer Registration: Welcome to Our Team -\",\"isPartOf\":{\"@id\":\"https:\/\/stp-extrusion.com\/#website\"},\"datePublished\":\"2025-06-12T13:09:34+00:00\",\"dateModified\":\"2025-07-10T06:15:51+00:00\",\"description\":\"Create your account to access exclusive offers, streamlined ordering, and personalized support. Quick and secure new customer registration.\",\"breadcrumb\":{\"@id\":\"https:\/\/stp-extrusion.com\/thank-you-new-customer\/#breadcrumb\"},\"inLanguage\":\"cs\",\"potentialAction\":[{\"@type\":\"ReadAction\",\"target\":[\"https:\/\/stp-extrusion.com\/thank-you-new-customer\/\"]}]},{\"@type\":\"BreadcrumbList\",\"@id\":\"https:\/\/stp-extrusion.com\/thank-you-new-customer\/#breadcrumb\",\"itemListElement\":[{\"@type\":\"ListItem\",\"position\":1,\"name\":\"Home\",\"item\":\"https:\/\/stp-extrusion.com\/\"},{\"@type\":\"ListItem\",\"position\":2,\"name\":\"Thank You for Registering as a new Customer\"}]},{\"@type\":\"WebSite\",\"@id\":\"https:\/\/stp-extrusion.com\/#website\",\"url\":\"https:\/\/stp-extrusion.com\/\",\"name\":\"STP-extrusion.com\",\"description\":\"\",\"publisher\":{\"@id\":\"https:\/\/stp-extrusion.com\/#organization\"},\"potentialAction\":[{\"@type\":\"SearchAction\",\"target\":{\"@type\":\"EntryPoint\",\"urlTemplate\":\"https:\/\/stp-extrusion.com\/?s={search_term_string}\"},\"query-input\":{\"@type\":\"PropertyValueSpecification\",\"valueRequired\":true,\"valueName\":\"search_term_string\"}}],\"inLanguage\":\"cs\"},{\"@type\":\"Organization\",\"@id\":\"https:\/\/stp-extrusion.com\/#organization\",\"name\":\"ST Plastics\",\"url\":\"https:\/\/stp-extrusion.com\/\",\"logo\":{\"@type\":\"ImageObject\",\"inLanguage\":\"cs\",\"@id\":\"https:\/\/stp-extrusion.com\/#\/schema\/logo\/image\/\",\"url\":\"\",\"contentUrl\":\"\",\"caption\":\"ST Plastics\"},\"image\":{\"@id\":\"https:\/\/stp-extrusion.com\/#\/schema\/logo\/image\/\"}}]}<\/script>\n<!-- \/ Yoast SEO Premium plugin. -->","yoast_head_json":{"title":"New Customer Registration: Welcome to Our Team -","description":"Create your account to access exclusive offers, streamlined ordering, and personalized support. Quick and secure new customer registration.","robots":{"index":"index","follow":"follow","max-snippet":"max-snippet:-1","max-image-preview":"max-image-preview:large","max-video-preview":"max-video-preview:-1"},"canonical":"https:\/\/stp-extrusion.com\/cs\/thank-you-new-customer\/","og_locale":"cs_CZ","og_type":"article","og_title":"Thank You for Registering as a new Customer","og_description":"Create your account to access exclusive offers, streamlined ordering, and personalized support. Quick and secure new customer registration.","og_url":"https:\/\/stp-extrusion.com\/cs\/thank-you-new-customer\/","article_modified_time":"2025-07-10T06:15:51+00:00","twitter_card":"summary_large_image","twitter_misc":{"Odhadovan\u00e1 doba \u010dten\u00ed":"1 minuta"},"schema":{"@context":"https:\/\/schema.org","@graph":[{"@type":"WebPage","@id":"https:\/\/stp-extrusion.com\/thank-you-new-customer\/","url":"https:\/\/stp-extrusion.com\/thank-you-new-customer\/","name":"New Customer Registration: Welcome to Our Team -","isPartOf":{"@id":"https:\/\/stp-extrusion.com\/#website"},"datePublished":"2025-06-12T13:09:34+00:00","dateModified":"2025-07-10T06:15:51+00:00","description":"Create your account to access exclusive offers, streamlined ordering, and personalized support. Quick and secure new customer registration.","breadcrumb":{"@id":"https:\/\/stp-extrusion.com\/thank-you-new-customer\/#breadcrumb"},"inLanguage":"cs","potentialAction":[{"@type":"ReadAction","target":["https:\/\/stp-extrusion.com\/thank-you-new-customer\/"]}]},{"@type":"BreadcrumbList","@id":"https:\/\/stp-extrusion.com\/thank-you-new-customer\/#breadcrumb","itemListElement":[{"@type":"ListItem","position":1,"name":"Home","item":"https:\/\/stp-extrusion.com\/"},{"@type":"ListItem","position":2,"name":"Thank You for Registering as a new Customer"}]},{"@type":"WebSite","@id":"https:\/\/stp-extrusion.com\/#website","url":"https:\/\/stp-extrusion.com\/","name":"STP-extrusion.com","description":"","publisher":{"@id":"https:\/\/stp-extrusion.com\/#organization"},"potentialAction":[{"@type":"SearchAction","target":{"@type":"EntryPoint","urlTemplate":"https:\/\/stp-extrusion.com\/?s={search_term_string}"},"query-input":{"@type":"PropertyValueSpecification","valueRequired":true,"valueName":"search_term_string"}}],"inLanguage":"cs"},{"@type":"Organization","@id":"https:\/\/stp-extrusion.com\/#organization","name":"ST Plastics","url":"https:\/\/stp-extrusion.com\/","logo":{"@type":"ImageObject","inLanguage":"cs","@id":"https:\/\/stp-extrusion.com\/#\/schema\/logo\/image\/","url":"","contentUrl":"","caption":"ST Plastics"},"image":{"@id":"https:\/\/stp-extrusion.com\/#\/schema\/logo\/image\/"}}]}},"_links":{"self":[{"href":"https:\/\/stp-extrusion.com\/cs\/wp-json\/wp\/v2\/pages\/2720","targetHints":{"allow":["GET"]}}],"collection":[{"href":"https:\/\/stp-extrusion.com\/cs\/wp-json\/wp\/v2\/pages"}],"about":[{"href":"https:\/\/stp-extrusion.com\/cs\/wp-json\/wp\/v2\/types\/page"}],"author":[{"embeddable":true,"href":"https:\/\/stp-extrusion.com\/cs\/wp-json\/wp\/v2\/users\/2"}],"replies":[{"embeddable":true,"href":"https:\/\/stp-extrusion.com\/cs\/wp-json\/wp\/v2\/comments?post=2720"}],"version-history":[{"count":19,"href":"https:\/\/stp-extrusion.com\/cs\/wp-json\/wp\/v2\/pages\/2720\/revisions"}],"predecessor-version":[{"id":2853,"href":"https:\/\/stp-extrusion.com\/cs\/wp-json\/wp\/v2\/pages\/2720\/revisions\/2853"}],"wp:attachment":[{"href":"https:\/\/stp-extrusion.com\/cs\/wp-json\/wp\/v2\/media?parent=2720"}],"curies":[{"name":"wp","href":"https:\/\/api.w.org\/{rel}","templated":true}]}}