{"id":2653,"date":"2025-05-24T16:50:02","date_gmt":"2025-05-24T14:50:02","guid":{"rendered":"https:\/\/stp-extrusion.com\/?page_id=2653"},"modified":"2025-07-10T07:24:47","modified_gmt":"2025-07-10T05:24:47","slug":"thank-you-for-registering-as-a-raw-material-supplier","status":"publish","type":"page","link":"https:\/\/stp-extrusion.com\/cs\/thank-you-for-registering-as-a-raw-material-supplier\/","title":{"rendered":"D\u011bkujeme, \u017ee jste se zaregistrovali jako dodavatel surovin"},"content":{"rendered":"<div data-elementor-type=\"wp-page\" data-elementor-id=\"2653\" class=\"elementor elementor-2653\">\n\t\t\t\t<div class=\"elementor-element elementor-element-12c0f68 e-flex e-con-boxed e-con e-parent\" data-id=\"12c0f68\" data-element_type=\"container\">\n\t\t\t\t\t<div class=\"e-con-inner\">\n\t\t\t\t<div class=\"elementor-element elementor-element-a0c6ee8 elementor-widget elementor-widget-text-editor\" data-id=\"a0c6ee8\" data-element_type=\"widget\" data-widget_type=\"text-editor.default\">\n\t\t\t\t<div class=\"elementor-widget-container\">\n\t\t\t\t\t\t\t\t\t<div class=\"\"><p class=\"\" data-start=\"201\" data-end=\"328\">D\u011bkujeme v\u00e1m za zasl\u00e1n\u00ed \u00fadaj\u016f o va\u0161\u00ed spole\u010dnosti a projeven\u00ed z\u00e1jmu st\u00e1t se dodavatelem surovin pro na\u0161i spole\u010dnost.<\/p><p class=\"\" data-start=\"330\" data-end=\"596\">Va\u0161e registrace byla \u00fasp\u011b\u0161n\u011b p\u0159ijata a v sou\u010dasn\u00e9 dob\u011b ji posuzuj\u00ed na\u0161e t\u00fdmy pro zad\u00e1v\u00e1n\u00ed zak\u00e1zek a v\u00fdzkum a v\u00fdvoj. Pokud bude va\u0161e portfolio v\u00fdrobk\u016f odpov\u00eddat na\u0161im materi\u00e1lov\u00fdm po\u017eadavk\u016fm, budeme v\u00e1s kontaktovat s \u017e\u00e1dost\u00ed o cenov\u00e9 nab\u00eddky, technick\u00e9 listy nebo dal\u0161\u00ed podrobnosti.<\/p><p class=\"\" data-start=\"598\" data-end=\"691\">Sna\u017e\u00edme se budovat dlouhodob\u00e1 partnerstv\u00ed se spolehliv\u00fdmi dodavateli, kte\u0159\u00ed se zam\u011b\u0159uj\u00ed na kvalitu.<\/p><\/div>\t\t\t\t\t\t\t\t<\/div>\n\t\t\t\t<\/div>\n\t\t\t\t\t<\/div>\n\t\t\t\t<\/div>\n\t\t\t\t<\/div>","protected":false},"excerpt":{"rendered":"<p>Thank you for submitting your company details and expressing your interest in becoming a raw material supplier for our company. Your registration has been successfully received and is currently under review by our procurement and R&amp;D teams. Should your product portfolio align with our material requirements, we will contact you to request quotations, technical data [&hellip;]<\/p>\n","protected":false},"author":2,"featured_media":0,"parent":0,"menu_order":0,"comment_status":"closed","ping_status":"closed","template":"","meta":{"footnotes":""},"class_list":["post-2653","page","type-page","status-publish","hentry"],"blocksy_meta":[],"yoast_head":"<!-- This site is optimized with the Yoast SEO Premium plugin v26.4 (Yoast SEO v26.4) - https:\/\/yoast.com\/wordpress\/plugins\/seo\/ -->\n<title>Registration Supplier Material: Next Steps Explained -<\/title>\n<meta name=\"description\" content=\"Your registration as a material supplier has been received. Learn about the next steps in becoming a trusted partner.\" \/>\n<meta name=\"robots\" content=\"index, follow, max-snippet:-1, max-image-preview:large, max-video-preview:-1\" \/>\n<link rel=\"canonical\" href=\"https:\/\/stp-extrusion.com\/cs\/thank-you-for-registering-as-a-raw-material-supplier\/\" \/>\n<meta property=\"og:locale\" content=\"cs_CZ\" \/>\n<meta property=\"og:type\" content=\"article\" \/>\n<meta property=\"og:title\" content=\"Thank You for Registering as a Raw Material Supplier\" \/>\n<meta property=\"og:description\" content=\"Your registration as a material supplier has been received. Learn about the next steps in becoming a trusted partner.\" \/>\n<meta property=\"og:url\" content=\"https:\/\/stp-extrusion.com\/cs\/thank-you-for-registering-as-a-raw-material-supplier\/\" \/>\n<meta property=\"article:modified_time\" content=\"2025-07-10T05:24:47+00:00\" \/>\n<meta name=\"twitter:card\" content=\"summary_large_image\" \/>\n<meta name=\"twitter:label1\" content=\"Odhadovan\u00e1 doba \u010dten\u00ed\" \/>\n\t<meta name=\"twitter:data1\" content=\"1 minuta\" \/>\n<script type=\"application\/ld+json\" class=\"yoast-schema-graph\">{\"@context\":\"https:\/\/schema.org\",\"@graph\":[{\"@type\":\"WebPage\",\"@id\":\"https:\/\/stp-extrusion.com\/thank-you-for-registering-as-a-raw-material-supplier\/\",\"url\":\"https:\/\/stp-extrusion.com\/thank-you-for-registering-as-a-raw-material-supplier\/\",\"name\":\"Registration Supplier Material: Next Steps Explained -\",\"isPartOf\":{\"@id\":\"https:\/\/stp-extrusion.com\/#website\"},\"datePublished\":\"2025-05-24T14:50:02+00:00\",\"dateModified\":\"2025-07-10T05:24:47+00:00\",\"description\":\"Your registration as a material supplier has been received. Learn about the next steps in becoming a trusted partner.\",\"breadcrumb\":{\"@id\":\"https:\/\/stp-extrusion.com\/thank-you-for-registering-as-a-raw-material-supplier\/#breadcrumb\"},\"inLanguage\":\"cs\",\"potentialAction\":[{\"@type\":\"ReadAction\",\"target\":[\"https:\/\/stp-extrusion.com\/thank-you-for-registering-as-a-raw-material-supplier\/\"]}]},{\"@type\":\"BreadcrumbList\",\"@id\":\"https:\/\/stp-extrusion.com\/thank-you-for-registering-as-a-raw-material-supplier\/#breadcrumb\",\"itemListElement\":[{\"@type\":\"ListItem\",\"position\":1,\"name\":\"Home\",\"item\":\"https:\/\/stp-extrusion.com\/\"},{\"@type\":\"ListItem\",\"position\":2,\"name\":\"Thank You for Registering as a Raw Material Supplier\"}]},{\"@type\":\"WebSite\",\"@id\":\"https:\/\/stp-extrusion.com\/#website\",\"url\":\"https:\/\/stp-extrusion.com\/\",\"name\":\"STP-extrusion.com\",\"description\":\"\",\"publisher\":{\"@id\":\"https:\/\/stp-extrusion.com\/#organization\"},\"potentialAction\":[{\"@type\":\"SearchAction\",\"target\":{\"@type\":\"EntryPoint\",\"urlTemplate\":\"https:\/\/stp-extrusion.com\/?s={search_term_string}\"},\"query-input\":{\"@type\":\"PropertyValueSpecification\",\"valueRequired\":true,\"valueName\":\"search_term_string\"}}],\"inLanguage\":\"cs\"},{\"@type\":\"Organization\",\"@id\":\"https:\/\/stp-extrusion.com\/#organization\",\"name\":\"ST Plastics\",\"url\":\"https:\/\/stp-extrusion.com\/\",\"logo\":{\"@type\":\"ImageObject\",\"inLanguage\":\"cs\",\"@id\":\"https:\/\/stp-extrusion.com\/#\/schema\/logo\/image\/\",\"url\":\"\",\"contentUrl\":\"\",\"caption\":\"ST Plastics\"},\"image\":{\"@id\":\"https:\/\/stp-extrusion.com\/#\/schema\/logo\/image\/\"}}]}<\/script>\n<!-- \/ Yoast SEO Premium plugin. -->","yoast_head_json":{"title":"Registration Supplier Material: Next Steps Explained -","description":"Your registration as a material supplier has been received. Learn about the next steps in becoming a trusted partner.","robots":{"index":"index","follow":"follow","max-snippet":"max-snippet:-1","max-image-preview":"max-image-preview:large","max-video-preview":"max-video-preview:-1"},"canonical":"https:\/\/stp-extrusion.com\/cs\/thank-you-for-registering-as-a-raw-material-supplier\/","og_locale":"cs_CZ","og_type":"article","og_title":"Thank You for Registering as a Raw Material Supplier","og_description":"Your registration as a material supplier has been received. Learn about the next steps in becoming a trusted partner.","og_url":"https:\/\/stp-extrusion.com\/cs\/thank-you-for-registering-as-a-raw-material-supplier\/","article_modified_time":"2025-07-10T05:24:47+00:00","twitter_card":"summary_large_image","twitter_misc":{"Odhadovan\u00e1 doba \u010dten\u00ed":"1 minuta"},"schema":{"@context":"https:\/\/schema.org","@graph":[{"@type":"WebPage","@id":"https:\/\/stp-extrusion.com\/thank-you-for-registering-as-a-raw-material-supplier\/","url":"https:\/\/stp-extrusion.com\/thank-you-for-registering-as-a-raw-material-supplier\/","name":"Registration Supplier Material: Next Steps Explained -","isPartOf":{"@id":"https:\/\/stp-extrusion.com\/#website"},"datePublished":"2025-05-24T14:50:02+00:00","dateModified":"2025-07-10T05:24:47+00:00","description":"Your registration as a material supplier has been received. Learn about the next steps in becoming a trusted partner.","breadcrumb":{"@id":"https:\/\/stp-extrusion.com\/thank-you-for-registering-as-a-raw-material-supplier\/#breadcrumb"},"inLanguage":"cs","potentialAction":[{"@type":"ReadAction","target":["https:\/\/stp-extrusion.com\/thank-you-for-registering-as-a-raw-material-supplier\/"]}]},{"@type":"BreadcrumbList","@id":"https:\/\/stp-extrusion.com\/thank-you-for-registering-as-a-raw-material-supplier\/#breadcrumb","itemListElement":[{"@type":"ListItem","position":1,"name":"Home","item":"https:\/\/stp-extrusion.com\/"},{"@type":"ListItem","position":2,"name":"Thank You for Registering as a Raw Material Supplier"}]},{"@type":"WebSite","@id":"https:\/\/stp-extrusion.com\/#website","url":"https:\/\/stp-extrusion.com\/","name":"STP-extrusion.com","description":"","publisher":{"@id":"https:\/\/stp-extrusion.com\/#organization"},"potentialAction":[{"@type":"SearchAction","target":{"@type":"EntryPoint","urlTemplate":"https:\/\/stp-extrusion.com\/?s={search_term_string}"},"query-input":{"@type":"PropertyValueSpecification","valueRequired":true,"valueName":"search_term_string"}}],"inLanguage":"cs"},{"@type":"Organization","@id":"https:\/\/stp-extrusion.com\/#organization","name":"ST Plastics","url":"https:\/\/stp-extrusion.com\/","logo":{"@type":"ImageObject","inLanguage":"cs","@id":"https:\/\/stp-extrusion.com\/#\/schema\/logo\/image\/","url":"","contentUrl":"","caption":"ST Plastics"},"image":{"@id":"https:\/\/stp-extrusion.com\/#\/schema\/logo\/image\/"}}]}},"_links":{"self":[{"href":"https:\/\/stp-extrusion.com\/cs\/wp-json\/wp\/v2\/pages\/2653","targetHints":{"allow":["GET"]}}],"collection":[{"href":"https:\/\/stp-extrusion.com\/cs\/wp-json\/wp\/v2\/pages"}],"about":[{"href":"https:\/\/stp-extrusion.com\/cs\/wp-json\/wp\/v2\/types\/page"}],"author":[{"embeddable":true,"href":"https:\/\/stp-extrusion.com\/cs\/wp-json\/wp\/v2\/users\/2"}],"replies":[{"embeddable":true,"href":"https:\/\/stp-extrusion.com\/cs\/wp-json\/wp\/v2\/comments?post=2653"}],"version-history":[{"count":4,"href":"https:\/\/stp-extrusion.com\/cs\/wp-json\/wp\/v2\/pages\/2653\/revisions"}],"predecessor-version":[{"id":2659,"href":"https:\/\/stp-extrusion.com\/cs\/wp-json\/wp\/v2\/pages\/2653\/revisions\/2659"}],"wp:attachment":[{"href":"https:\/\/stp-extrusion.com\/cs\/wp-json\/wp\/v2\/media?parent=2653"}],"curies":[{"name":"wp","href":"https:\/\/api.w.org\/{rel}","templated":true}]}}