{"id":2640,"date":"2025-05-24T16:41:30","date_gmt":"2025-05-24T14:41:30","guid":{"rendered":"https:\/\/stp-extrusion.com\/?page_id=2640"},"modified":"2025-07-10T07:23:41","modified_gmt":"2025-07-10T05:23:41","slug":"thank-you-for-registering-as-a-supplier","status":"publish","type":"page","link":"https:\/\/stp-extrusion.com\/cs\/thank-you-for-registering-as-a-supplier\/","title":{"rendered":"D\u011bkujeme, \u017ee jste se zaregistrovali jako dodavatel"},"content":{"rendered":"<div data-elementor-type=\"wp-page\" data-elementor-id=\"2640\" class=\"elementor elementor-2640\">\n\t\t\t\t<div class=\"elementor-element elementor-element-70d0318 e-flex e-con-boxed e-con e-parent\" data-id=\"70d0318\" data-element_type=\"container\">\n\t\t\t\t\t<div class=\"e-con-inner\">\n\t\t\t\t<div class=\"elementor-element elementor-element-1279668 elementor-widget elementor-widget-text-editor\" data-id=\"1279668\" data-element_type=\"widget\" data-widget_type=\"text-editor.default\">\n\t\t\t\t<div class=\"elementor-widget-container\">\n\t\t\t\t\t\t\t\t\t<p class=\"\" data-start=\"258\" data-end=\"364\">D\u011bkujeme v\u00e1m za zasl\u00e1n\u00ed \u00fadaj\u016f o va\u0161\u00ed spole\u010dnosti a projeven\u00ed z\u00e1jmu st\u00e1t se partnerem dodavatele.<\/p><p class=\"\" data-start=\"366\" data-end=\"605\">Va\u0161e registrace byla \u00fasp\u011b\u0161n\u011b p\u0159ijata a nyn\u00ed ji prov\u011b\u0159uje n\u00e1\u0161 t\u00fdm pro zad\u00e1v\u00e1n\u00ed ve\u0159ejn\u00fdch zak\u00e1zek. Pokud v\u00e1\u0161 profil odpov\u00edd\u00e1 na\u0161im sou\u010dasn\u00fdm nebo budouc\u00edm pot\u0159eb\u00e1m v oblasti z\u00e1sobov\u00e1n\u00ed, budeme v\u00e1s kontaktovat s \u017e\u00e1dost\u00ed o cenovou nab\u00eddku nebo dal\u0161\u00ed informace.<\/p><p class=\"\" data-start=\"607\" data-end=\"694\">V\u00e1\u017e\u00edme si spolehliv\u00fdch partnerstv\u00ed a t\u011b\u0161\u00edme se na mo\u017enost spolupr\u00e1ce.<\/p>\t\t\t\t\t\t\t\t<\/div>\n\t\t\t\t<\/div>\n\t\t\t\t\t<\/div>\n\t\t\t\t<\/div>\n\t\t<div class=\"elementor-element elementor-element-3ec46c2 e-flex e-con-boxed e-con e-parent\" data-id=\"3ec46c2\" data-element_type=\"container\">\n\t\t\t\t\t<div class=\"e-con-inner\">\n\t\t\t\t<div class=\"elementor-element elementor-element-1044d78 elementor-widget elementor-widget-button\" data-id=\"1044d78\" data-element_type=\"widget\" data-widget_type=\"button.default\">\n\t\t\t\t<div class=\"elementor-widget-container\">\n\t\t\t\t\t\t\t\t\t<div class=\"elementor-button-wrapper\">\n\t\t\t\t\t<a class=\"elementor-button elementor-button-link elementor-size-sm\" href=\"https:\/\/stp-extrusion.com\/cs\/\">\n\t\t\t\t\t\t<span class=\"elementor-button-content-wrapper\">\n\t\t\t\t\t\t\t\t\t<span class=\"elementor-button-text\">Zp\u011bt na hlavn\u00ed str\u00e1nku<\/span>\n\t\t\t\t\t<\/span>\n\t\t\t\t\t<\/a>\n\t\t\t\t<\/div>\n\t\t\t\t\t\t\t\t<\/div>\n\t\t\t\t<\/div>\n\t\t\t\t\t<\/div>\n\t\t\t\t<\/div>\n\t\t\t\t<\/div>","protected":false},"excerpt":{"rendered":"<p>Thank you for submitting your company details and expressing your interest in becoming a supplier partner. Your registration has been successfully received and is now under review by our procurement team. Should your profile match our current or future sourcing needs, we will reach out to you with requests for quotations or further information. We [&hellip;]<\/p>\n","protected":false},"author":2,"featured_media":0,"parent":0,"menu_order":0,"comment_status":"closed","ping_status":"closed","template":"","meta":{"footnotes":""},"class_list":["post-2640","page","type-page","status-publish","hentry"],"blocksy_meta":[],"yoast_head":"<!-- This site is optimized with the Yoast SEO Premium plugin v26.4 (Yoast SEO v26.4) - https:\/\/yoast.com\/wordpress\/plugins\/seo\/ -->\n<title>Registration Supplier Process for New Partners -<\/title>\n<meta name=\"description\" content=\"We appreciate your interest in joining our supply network. We\u2019ve received your submission and will review it shortly.\" \/>\n<meta name=\"robots\" content=\"index, follow, max-snippet:-1, max-image-preview:large, max-video-preview:-1\" \/>\n<link rel=\"canonical\" href=\"https:\/\/stp-extrusion.com\/cs\/thank-you-for-registering-as-a-supplier\/\" \/>\n<meta property=\"og:locale\" content=\"cs_CZ\" \/>\n<meta property=\"og:type\" content=\"article\" \/>\n<meta property=\"og:title\" content=\"Thank You for Registering as a Supplier\" \/>\n<meta property=\"og:description\" content=\"We appreciate your interest in joining our supply network. We\u2019ve received your submission and will review it shortly.\" \/>\n<meta property=\"og:url\" content=\"https:\/\/stp-extrusion.com\/cs\/thank-you-for-registering-as-a-supplier\/\" \/>\n<meta property=\"article:modified_time\" content=\"2025-07-10T05:23:41+00:00\" \/>\n<meta name=\"twitter:card\" content=\"summary_large_image\" \/>\n<meta name=\"twitter:label1\" content=\"Odhadovan\u00e1 doba \u010dten\u00ed\" \/>\n\t<meta name=\"twitter:data1\" content=\"1 minuta\" \/>\n<script type=\"application\/ld+json\" class=\"yoast-schema-graph\">{\"@context\":\"https:\/\/schema.org\",\"@graph\":[{\"@type\":\"WebPage\",\"@id\":\"https:\/\/stp-extrusion.com\/thank-you-for-registering-as-a-supplier\/\",\"url\":\"https:\/\/stp-extrusion.com\/thank-you-for-registering-as-a-supplier\/\",\"name\":\"Registration Supplier Process for New Partners -\",\"isPartOf\":{\"@id\":\"https:\/\/stp-extrusion.com\/#website\"},\"datePublished\":\"2025-05-24T14:41:30+00:00\",\"dateModified\":\"2025-07-10T05:23:41+00:00\",\"description\":\"We appreciate your interest in joining our supply network. We\u2019ve received your submission and will review it shortly.\",\"breadcrumb\":{\"@id\":\"https:\/\/stp-extrusion.com\/thank-you-for-registering-as-a-supplier\/#breadcrumb\"},\"inLanguage\":\"cs\",\"potentialAction\":[{\"@type\":\"ReadAction\",\"target\":[\"https:\/\/stp-extrusion.com\/thank-you-for-registering-as-a-supplier\/\"]}]},{\"@type\":\"BreadcrumbList\",\"@id\":\"https:\/\/stp-extrusion.com\/thank-you-for-registering-as-a-supplier\/#breadcrumb\",\"itemListElement\":[{\"@type\":\"ListItem\",\"position\":1,\"name\":\"Home\",\"item\":\"https:\/\/stp-extrusion.com\/\"},{\"@type\":\"ListItem\",\"position\":2,\"name\":\"Thank You for Registering as a Supplier\"}]},{\"@type\":\"WebSite\",\"@id\":\"https:\/\/stp-extrusion.com\/#website\",\"url\":\"https:\/\/stp-extrusion.com\/\",\"name\":\"STP-extrusion.com\",\"description\":\"\",\"publisher\":{\"@id\":\"https:\/\/stp-extrusion.com\/#organization\"},\"potentialAction\":[{\"@type\":\"SearchAction\",\"target\":{\"@type\":\"EntryPoint\",\"urlTemplate\":\"https:\/\/stp-extrusion.com\/?s={search_term_string}\"},\"query-input\":{\"@type\":\"PropertyValueSpecification\",\"valueRequired\":true,\"valueName\":\"search_term_string\"}}],\"inLanguage\":\"cs\"},{\"@type\":\"Organization\",\"@id\":\"https:\/\/stp-extrusion.com\/#organization\",\"name\":\"ST Plastics\",\"url\":\"https:\/\/stp-extrusion.com\/\",\"logo\":{\"@type\":\"ImageObject\",\"inLanguage\":\"cs\",\"@id\":\"https:\/\/stp-extrusion.com\/#\/schema\/logo\/image\/\",\"url\":\"\",\"contentUrl\":\"\",\"caption\":\"ST Plastics\"},\"image\":{\"@id\":\"https:\/\/stp-extrusion.com\/#\/schema\/logo\/image\/\"}}]}<\/script>\n<!-- \/ Yoast SEO Premium plugin. -->","yoast_head_json":{"title":"Registration Supplier Process for New Partners -","description":"V\u00e1\u017e\u00edme si va\u0161eho z\u00e1jmu o zapojen\u00ed do na\u0161\u00ed dodavatelsk\u00e9 s\u00edt\u011b. Va\u0161i \u017e\u00e1dost jsme obdr\u017eeli a brzy ji posoud\u00edme.","robots":{"index":"index","follow":"follow","max-snippet":"max-snippet:-1","max-image-preview":"max-image-preview:large","max-video-preview":"max-video-preview:-1"},"canonical":"https:\/\/stp-extrusion.com\/cs\/thank-you-for-registering-as-a-supplier\/","og_locale":"cs_CZ","og_type":"article","og_title":"Thank You for Registering as a Supplier","og_description":"We appreciate your interest in joining our supply network. We\u2019ve received your submission and will review it shortly.","og_url":"https:\/\/stp-extrusion.com\/cs\/thank-you-for-registering-as-a-supplier\/","article_modified_time":"2025-07-10T05:23:41+00:00","twitter_card":"summary_large_image","twitter_misc":{"Odhadovan\u00e1 doba \u010dten\u00ed":"1 minuta"},"schema":{"@context":"https:\/\/schema.org","@graph":[{"@type":"WebPage","@id":"https:\/\/stp-extrusion.com\/thank-you-for-registering-as-a-supplier\/","url":"https:\/\/stp-extrusion.com\/thank-you-for-registering-as-a-supplier\/","name":"Registration Supplier Process for New Partners -","isPartOf":{"@id":"https:\/\/stp-extrusion.com\/#website"},"datePublished":"2025-05-24T14:41:30+00:00","dateModified":"2025-07-10T05:23:41+00:00","description":"V\u00e1\u017e\u00edme si va\u0161eho z\u00e1jmu o zapojen\u00ed do na\u0161\u00ed dodavatelsk\u00e9 s\u00edt\u011b. Va\u0161i \u017e\u00e1dost jsme obdr\u017eeli a brzy ji posoud\u00edme.","breadcrumb":{"@id":"https:\/\/stp-extrusion.com\/thank-you-for-registering-as-a-supplier\/#breadcrumb"},"inLanguage":"cs","potentialAction":[{"@type":"ReadAction","target":["https:\/\/stp-extrusion.com\/thank-you-for-registering-as-a-supplier\/"]}]},{"@type":"BreadcrumbList","@id":"https:\/\/stp-extrusion.com\/thank-you-for-registering-as-a-supplier\/#breadcrumb","itemListElement":[{"@type":"ListItem","position":1,"name":"Home","item":"https:\/\/stp-extrusion.com\/"},{"@type":"ListItem","position":2,"name":"Thank You for Registering as a Supplier"}]},{"@type":"WebSite","@id":"https:\/\/stp-extrusion.com\/#website","url":"https:\/\/stp-extrusion.com\/","name":"STP-extrusion.com","description":"","publisher":{"@id":"https:\/\/stp-extrusion.com\/#organization"},"potentialAction":[{"@type":"SearchAction","target":{"@type":"EntryPoint","urlTemplate":"https:\/\/stp-extrusion.com\/?s={search_term_string}"},"query-input":{"@type":"PropertyValueSpecification","valueRequired":true,"valueName":"search_term_string"}}],"inLanguage":"cs"},{"@type":"Organization","@id":"https:\/\/stp-extrusion.com\/#organization","name":"ST Plastics","url":"https:\/\/stp-extrusion.com\/","logo":{"@type":"ImageObject","inLanguage":"cs","@id":"https:\/\/stp-extrusion.com\/#\/schema\/logo\/image\/","url":"","contentUrl":"","caption":"ST Plastics"},"image":{"@id":"https:\/\/stp-extrusion.com\/#\/schema\/logo\/image\/"}}]}},"_links":{"self":[{"href":"https:\/\/stp-extrusion.com\/cs\/wp-json\/wp\/v2\/pages\/2640","targetHints":{"allow":["GET"]}}],"collection":[{"href":"https:\/\/stp-extrusion.com\/cs\/wp-json\/wp\/v2\/pages"}],"about":[{"href":"https:\/\/stp-extrusion.com\/cs\/wp-json\/wp\/v2\/types\/page"}],"author":[{"embeddable":true,"href":"https:\/\/stp-extrusion.com\/cs\/wp-json\/wp\/v2\/users\/2"}],"replies":[{"embeddable":true,"href":"https:\/\/stp-extrusion.com\/cs\/wp-json\/wp\/v2\/comments?post=2640"}],"version-history":[{"count":10,"href":"https:\/\/stp-extrusion.com\/cs\/wp-json\/wp\/v2\/pages\/2640\/revisions"}],"predecessor-version":[{"id":2826,"href":"https:\/\/stp-extrusion.com\/cs\/wp-json\/wp\/v2\/pages\/2640\/revisions\/2826"}],"wp:attachment":[{"href":"https:\/\/stp-extrusion.com\/cs\/wp-json\/wp\/v2\/media?parent=2640"}],"curies":[{"name":"wp","href":"https:\/\/api.w.org\/{rel}","templated":true}]}}