{"id":2583,"date":"2025-05-24T13:56:58","date_gmt":"2025-05-24T11:56:58","guid":{"rendered":"https:\/\/stp-extrusion.com\/?page_id=2583"},"modified":"2025-07-10T07:18:08","modified_gmt":"2025-07-10T05:18:08","slug":"thank-you-for-registering-as-a-logistics-partner","status":"publish","type":"page","link":"https:\/\/stp-extrusion.com\/cs\/thank-you-for-registering-as-a-logistics-partner\/","title":{"rendered":"D\u011bkujeme, \u017ee jste se zaregistrovali jako logistick\u00fd partner"},"content":{"rendered":"<div data-elementor-type=\"wp-page\" data-elementor-id=\"2583\" class=\"elementor elementor-2583\">\n\t\t\t\t<div class=\"elementor-element elementor-element-46f965e e-flex e-con-boxed e-con e-parent\" data-id=\"46f965e\" data-element_type=\"container\">\n\t\t\t\t\t<div class=\"e-con-inner\">\n\t\t\t\t<div class=\"elementor-element elementor-element-217ba29 elementor-widget elementor-widget-text-editor\" data-id=\"217ba29\" data-element_type=\"widget\" data-widget_type=\"text-editor.default\">\n\t\t\t\t<div class=\"elementor-widget-container\">\n\t\t\t\t\t\t\t\t\t<p data-start=\"206\" data-end=\"296\"><strong data-start=\"206\" data-end=\"296\">D\u011bkujeme v\u00e1m za v\u00e1\u0161 z\u00e1jem st\u00e1t se logistick\u00fdm nebo p\u0159epravn\u00edm partnerem na\u0161\u00ed spole\u010dnosti.<\/strong><\/p><p data-start=\"298\" data-end=\"563\">Up\u0159\u00edmn\u011b si v\u00e1\u017e\u00edme \u010dasu a \u00fasil\u00ed, kter\u00e9 jste v\u011bnovali p\u0159edlo\u017een\u00ed informac\u00ed o va\u0161\u00ed spole\u010dnosti a vyj\u00e1d\u0159en\u00ed ochoty s n\u00e1mi spolupracovat. Va\u0161e registrace byla \u00fasp\u011b\u0161n\u011b p\u0159ijata a bude pe\u010dliv\u011b posouzena na\u0161imi odd\u011blen\u00edmi logistiky a n\u00e1kupu.<\/p>\t\t\t\t\t\t\t\t<\/div>\n\t\t\t\t<\/div>\n\t\t\t\t\t<\/div>\n\t\t\t\t<\/div>\n\t\t<div class=\"elementor-element elementor-element-d607c45 e-flex e-con-boxed e-con e-parent\" data-id=\"d607c45\" data-element_type=\"container\">\n\t\t\t\t\t<div class=\"e-con-inner\">\n\t\t\t\t<div class=\"elementor-element elementor-element-89d603d elementor-widget elementor-widget-text-editor\" data-id=\"89d603d\" data-element_type=\"widget\" data-widget_type=\"text-editor.default\">\n\t\t\t\t<div class=\"elementor-widget-container\">\n\t\t\t\t\t\t\t\t\t<p data-start=\"565\" data-end=\"945\">Proto\u017ee se neust\u00e1le sna\u017e\u00edme roz\u0161i\u0159ovat a zlep\u0161ovat na\u0161i p\u0159epravn\u00ed s\u00ed\u0165, neust\u00e1le hled\u00e1me spolehliv\u00e9, flexibiln\u00ed a profesion\u00e1ln\u00ed logistick\u00e9 partnery, kte\u0159\u00ed n\u00e1m pomohou dod\u00e1vat zbo\u017e\u00ed bezpe\u010dn\u011b, efektivn\u011b a v\u010das. Pokud va\u0161e slu\u017eby odpov\u00eddaj\u00ed na\u0161im sou\u010dasn\u00fdm nebo budouc\u00edm p\u0159epravn\u00edm pot\u0159eb\u00e1m, budeme v\u00e1s kontaktovat p\u0159\u00edmo s p\u0159\u00edslu\u0161n\u00fdmi dotazy na p\u0159epravu nebo \u017e\u00e1dostmi o cenovou nab\u00eddku.<\/p><p data-start=\"947\" data-end=\"1165\">Vezm\u011bte pros\u00edm na v\u011bdom\u00ed, \u017ee pro n\u00e1s je prioritou dlouhodob\u00e1 spolupr\u00e1ce zalo\u017een\u00e1 na transparentnosti, dochvilnosti a vz\u00e1jemn\u00e9 d\u016fv\u011b\u0159e. I kdy\u017e se nenaskytne \u017e\u00e1dn\u00e1 okam\u017eit\u00e1 p\u0159\u00edle\u017eitost, va\u0161e \u00fadaje z\u016fstanou v na\u0161\u00ed datab\u00e1zi dodavatel\u016f pro budouc\u00ed pou\u017eit\u00ed.<\/p><p data-start=\"1167\" data-end=\"1265\">T\u011b\u0161\u00edme se na mo\u017enost spolupr\u00e1ce a nav\u00e1z\u00e1n\u00ed pevn\u00e9ho a trval\u00e9ho partnerstv\u00ed.<\/p>\t\t\t\t\t\t\t\t<\/div>\n\t\t\t\t<\/div>\n\t\t\t\t\t<\/div>\n\t\t\t\t<\/div>\n\t\t<div class=\"elementor-element elementor-element-0daceca e-flex e-con-boxed e-con e-parent\" data-id=\"0daceca\" data-element_type=\"container\">\n\t\t\t\t\t<div class=\"e-con-inner\">\n\t\t\t\t<div class=\"elementor-element elementor-element-c9647e0 elementor-widget elementor-widget-button\" data-id=\"c9647e0\" data-element_type=\"widget\" data-widget_type=\"button.default\">\n\t\t\t\t<div class=\"elementor-widget-container\">\n\t\t\t\t\t\t\t\t\t<div class=\"elementor-button-wrapper\">\n\t\t\t\t\t<a class=\"elementor-button elementor-button-link elementor-size-sm\" href=\"https:\/\/stp-extrusion.com\/cs\/\">\n\t\t\t\t\t\t<span class=\"elementor-button-content-wrapper\">\n\t\t\t\t\t\t\t\t\t<span class=\"elementor-button-text\">Zp\u011bt na hlavn\u00ed str\u00e1nku<\/span>\n\t\t\t\t\t<\/span>\n\t\t\t\t\t<\/a>\n\t\t\t\t<\/div>\n\t\t\t\t\t\t\t\t<\/div>\n\t\t\t\t<\/div>\n\t\t\t\t\t<\/div>\n\t\t\t\t<\/div>\n\t\t\t\t<\/div>","protected":false},"excerpt":{"rendered":"<p>Thank you for your interest in becoming a logistics or freight partner of our company. We sincerely appreciate the time and effort you took to submit your company information and express your willingness to cooperate with us. Your registration has been successfully received and will be carefully evaluated by our logistics and procurement departments. As [&hellip;]<\/p>\n","protected":false},"author":2,"featured_media":0,"parent":0,"menu_order":0,"comment_status":"closed","ping_status":"closed","template":"","meta":{"footnotes":""},"class_list":["post-2583","page","type-page","status-publish","hentry"],"blocksy_meta":[],"yoast_head":"<!-- This site is optimized with the Yoast SEO Premium plugin v26.4 (Yoast SEO v26.4) - https:\/\/yoast.com\/wordpress\/plugins\/seo\/ -->\n<title>Logistic Partner Registration: Complete Guide -<\/title>\n<meta name=\"description\" content=\"Explore the benefits of becoming a logistic partner. Join us for potential cooperation based on trust and reliability.\" \/>\n<meta name=\"robots\" content=\"index, follow, max-snippet:-1, max-image-preview:large, max-video-preview:-1\" \/>\n<link rel=\"canonical\" href=\"https:\/\/stp-extrusion.com\/cs\/thank-you-for-registering-as-a-logistics-partner\/\" \/>\n<meta property=\"og:locale\" content=\"cs_CZ\" \/>\n<meta property=\"og:type\" content=\"article\" \/>\n<meta property=\"og:title\" content=\"Thank You for Registering as a Logistics Partner\" \/>\n<meta property=\"og:description\" content=\"Explore the benefits of becoming a logistic partner. Join us for potential cooperation based on trust and reliability.\" \/>\n<meta property=\"og:url\" content=\"https:\/\/stp-extrusion.com\/cs\/thank-you-for-registering-as-a-logistics-partner\/\" \/>\n<meta property=\"article:modified_time\" content=\"2025-07-10T05:18:08+00:00\" \/>\n<meta name=\"twitter:card\" content=\"summary_large_image\" \/>\n<meta name=\"twitter:label1\" content=\"Odhadovan\u00e1 doba \u010dten\u00ed\" \/>\n\t<meta name=\"twitter:data1\" content=\"1 minuta\" \/>\n<script type=\"application\/ld+json\" class=\"yoast-schema-graph\">{\"@context\":\"https:\/\/schema.org\",\"@graph\":[{\"@type\":\"WebPage\",\"@id\":\"https:\/\/stp-extrusion.com\/thank-you-for-registering-as-a-logistics-partner\/\",\"url\":\"https:\/\/stp-extrusion.com\/thank-you-for-registering-as-a-logistics-partner\/\",\"name\":\"Logistic Partner Registration: Complete Guide -\",\"isPartOf\":{\"@id\":\"https:\/\/stp-extrusion.com\/#website\"},\"datePublished\":\"2025-05-24T11:56:58+00:00\",\"dateModified\":\"2025-07-10T05:18:08+00:00\",\"description\":\"Explore the benefits of becoming a logistic partner. Join us for potential cooperation based on trust and reliability.\",\"breadcrumb\":{\"@id\":\"https:\/\/stp-extrusion.com\/thank-you-for-registering-as-a-logistics-partner\/#breadcrumb\"},\"inLanguage\":\"cs\",\"potentialAction\":[{\"@type\":\"ReadAction\",\"target\":[\"https:\/\/stp-extrusion.com\/thank-you-for-registering-as-a-logistics-partner\/\"]}]},{\"@type\":\"BreadcrumbList\",\"@id\":\"https:\/\/stp-extrusion.com\/thank-you-for-registering-as-a-logistics-partner\/#breadcrumb\",\"itemListElement\":[{\"@type\":\"ListItem\",\"position\":1,\"name\":\"Home\",\"item\":\"https:\/\/stp-extrusion.com\/\"},{\"@type\":\"ListItem\",\"position\":2,\"name\":\"Thank You for Registering as a Logistics Partner\"}]},{\"@type\":\"WebSite\",\"@id\":\"https:\/\/stp-extrusion.com\/#website\",\"url\":\"https:\/\/stp-extrusion.com\/\",\"name\":\"STP-extrusion.com\",\"description\":\"\",\"publisher\":{\"@id\":\"https:\/\/stp-extrusion.com\/#organization\"},\"potentialAction\":[{\"@type\":\"SearchAction\",\"target\":{\"@type\":\"EntryPoint\",\"urlTemplate\":\"https:\/\/stp-extrusion.com\/?s={search_term_string}\"},\"query-input\":{\"@type\":\"PropertyValueSpecification\",\"valueRequired\":true,\"valueName\":\"search_term_string\"}}],\"inLanguage\":\"cs\"},{\"@type\":\"Organization\",\"@id\":\"https:\/\/stp-extrusion.com\/#organization\",\"name\":\"ST Plastics\",\"url\":\"https:\/\/stp-extrusion.com\/\",\"logo\":{\"@type\":\"ImageObject\",\"inLanguage\":\"cs\",\"@id\":\"https:\/\/stp-extrusion.com\/#\/schema\/logo\/image\/\",\"url\":\"\",\"contentUrl\":\"\",\"caption\":\"ST Plastics\"},\"image\":{\"@id\":\"https:\/\/stp-extrusion.com\/#\/schema\/logo\/image\/\"}}]}<\/script>\n<!-- \/ Yoast SEO Premium plugin. -->","yoast_head_json":{"title":"Logistic Partner Registration: Complete Guide -","description":"Explore the benefits of becoming a logistic partner. Join us for potential cooperation based on trust and reliability.","robots":{"index":"index","follow":"follow","max-snippet":"max-snippet:-1","max-image-preview":"max-image-preview:large","max-video-preview":"max-video-preview:-1"},"canonical":"https:\/\/stp-extrusion.com\/cs\/thank-you-for-registering-as-a-logistics-partner\/","og_locale":"cs_CZ","og_type":"article","og_title":"Thank You for Registering as a Logistics Partner","og_description":"Explore the benefits of becoming a logistic partner. Join us for potential cooperation based on trust and reliability.","og_url":"https:\/\/stp-extrusion.com\/cs\/thank-you-for-registering-as-a-logistics-partner\/","article_modified_time":"2025-07-10T05:18:08+00:00","twitter_card":"summary_large_image","twitter_misc":{"Odhadovan\u00e1 doba \u010dten\u00ed":"1 minuta"},"schema":{"@context":"https:\/\/schema.org","@graph":[{"@type":"WebPage","@id":"https:\/\/stp-extrusion.com\/thank-you-for-registering-as-a-logistics-partner\/","url":"https:\/\/stp-extrusion.com\/thank-you-for-registering-as-a-logistics-partner\/","name":"Logistic Partner Registration: Complete Guide -","isPartOf":{"@id":"https:\/\/stp-extrusion.com\/#website"},"datePublished":"2025-05-24T11:56:58+00:00","dateModified":"2025-07-10T05:18:08+00:00","description":"Explore the benefits of becoming a logistic partner. Join us for potential cooperation based on trust and reliability.","breadcrumb":{"@id":"https:\/\/stp-extrusion.com\/thank-you-for-registering-as-a-logistics-partner\/#breadcrumb"},"inLanguage":"cs","potentialAction":[{"@type":"ReadAction","target":["https:\/\/stp-extrusion.com\/thank-you-for-registering-as-a-logistics-partner\/"]}]},{"@type":"BreadcrumbList","@id":"https:\/\/stp-extrusion.com\/thank-you-for-registering-as-a-logistics-partner\/#breadcrumb","itemListElement":[{"@type":"ListItem","position":1,"name":"Home","item":"https:\/\/stp-extrusion.com\/"},{"@type":"ListItem","position":2,"name":"Thank You for Registering as a Logistics Partner"}]},{"@type":"WebSite","@id":"https:\/\/stp-extrusion.com\/#website","url":"https:\/\/stp-extrusion.com\/","name":"STP-extrusion.com","description":"","publisher":{"@id":"https:\/\/stp-extrusion.com\/#organization"},"potentialAction":[{"@type":"SearchAction","target":{"@type":"EntryPoint","urlTemplate":"https:\/\/stp-extrusion.com\/?s={search_term_string}"},"query-input":{"@type":"PropertyValueSpecification","valueRequired":true,"valueName":"search_term_string"}}],"inLanguage":"cs"},{"@type":"Organization","@id":"https:\/\/stp-extrusion.com\/#organization","name":"ST Plastics","url":"https:\/\/stp-extrusion.com\/","logo":{"@type":"ImageObject","inLanguage":"cs","@id":"https:\/\/stp-extrusion.com\/#\/schema\/logo\/image\/","url":"","contentUrl":"","caption":"ST Plastics"},"image":{"@id":"https:\/\/stp-extrusion.com\/#\/schema\/logo\/image\/"}}]}},"_links":{"self":[{"href":"https:\/\/stp-extrusion.com\/cs\/wp-json\/wp\/v2\/pages\/2583","targetHints":{"allow":["GET"]}}],"collection":[{"href":"https:\/\/stp-extrusion.com\/cs\/wp-json\/wp\/v2\/pages"}],"about":[{"href":"https:\/\/stp-extrusion.com\/cs\/wp-json\/wp\/v2\/types\/page"}],"author":[{"embeddable":true,"href":"https:\/\/stp-extrusion.com\/cs\/wp-json\/wp\/v2\/users\/2"}],"replies":[{"embeddable":true,"href":"https:\/\/stp-extrusion.com\/cs\/wp-json\/wp\/v2\/comments?post=2583"}],"version-history":[{"count":13,"href":"https:\/\/stp-extrusion.com\/cs\/wp-json\/wp\/v2\/pages\/2583\/revisions"}],"predecessor-version":[{"id":2823,"href":"https:\/\/stp-extrusion.com\/cs\/wp-json\/wp\/v2\/pages\/2583\/revisions\/2823"}],"wp:attachment":[{"href":"https:\/\/stp-extrusion.com\/cs\/wp-json\/wp\/v2\/media?parent=2583"}],"curies":[{"name":"wp","href":"https:\/\/api.w.org\/{rel}","templated":true}]}}