{"id":2382,"date":"2025-02-22T22:19:12","date_gmt":"2025-02-22T21:19:12","guid":{"rendered":"https:\/\/stp-extrusion.com\/?page_id=2382"},"modified":"2025-08-08T18:31:14","modified_gmt":"2025-08-08T16:31:14","slug":"profile","status":"publish","type":"page","link":"https:\/\/stp-extrusion.com\/cs\/profile\/","title":{"rendered":"Profil"},"content":{"rendered":"<div data-elementor-type=\"wp-page\" data-elementor-id=\"2382\" class=\"elementor elementor-2382\">\n\t\t\t\t<div class=\"elementor-element elementor-element-930aeff e-grid e-con-boxed e-con e-parent\" data-id=\"930aeff\" data-element_type=\"container\">\n\t\t\t\t\t<div class=\"e-con-inner\">\n\t\t\t\t\t<\/div>\n\t\t\t\t<\/div>\n\t\t<div class=\"elementor-element elementor-element-337a228 e-flex e-con-boxed e-con e-parent\" data-id=\"337a228\" data-element_type=\"container\">\n\t\t\t\t\t<div class=\"e-con-inner\">\n\t\t\t\t<div class=\"elementor-element elementor-element-1b0534e elementor-widget elementor-widget-text-editor\" data-id=\"1b0534e\" data-element_type=\"widget\" data-widget_type=\"text-editor.default\">\n\t\t\t\t<div class=\"elementor-widget-container\">\n\t\t\t\t\t\t\t\t\t<p>Jsme d\u016fv\u011bryhodn\u00fdm v\u00fdrobcem plastov\u00fdch profil\u016f z tuh\u00fdch i pru\u017en\u00fdch materi\u00e1l\u016f pro pr\u016fmyslov\u00e1 odv\u011btv\u00ed, jako je stavebnictv\u00ed, stroj\u00edrenstv\u00ed, spot\u0159ebi\u010de, elektronika a automobilov\u00fd pr\u016fmysl. Z <strong data-start=\"383\" data-end=\"418\">od mal\u00fdch s\u00e9ri\u00ed po s\u00e9riovou v\u00fdrobu<\/strong>, dod\u00e1v\u00e1me <strong data-start=\"431\" data-end=\"466\">na zak\u00e1zku \u0159ezan\u00e9 a d\u011brovan\u00e9 profily<\/strong> na m\u00edru va\u0161im pot\u0159eb\u00e1m. A\u0165 u\u017e pot\u0159ebujete \u0159e\u0161en\u00ed zcela na m\u00edru, nebo pomoc s v\u00fdb\u011brem spr\u00e1vn\u00e9ho materi\u00e1lu, n\u00e1\u0161 t\u00fdm in\u017een\u00fdr\u016f je v\u00e1m k dispozici. Nab\u00edz\u00edme tak\u00e9 <strong data-start=\"629\" data-end=\"645\">koextruze<\/strong> a <strong data-start=\"650\" data-end=\"679\">aplikace lepic\u00ed p\u00e1sky<\/strong> pro rychlou a efektivn\u00ed instalaci.<\/p>\t\t\t\t\t\t\t\t<\/div>\n\t\t\t\t<\/div>\n\t\t\t\t\t<\/div>\n\t\t\t\t<\/div>\n\t\t<div class=\"elementor-element elementor-element-d5722ad e-flex e-con-boxed e-con e-parent\" data-id=\"d5722ad\" data-element_type=\"container\">\n\t\t\t\t\t<div class=\"e-con-inner\">\n\t\t\t\t\t<\/div>\n\t\t\t\t<\/div>\n\t\t\t\t<\/div>","protected":false},"excerpt":{"rendered":"<p>Hard Profile Hard PVC Profile Hard Profile Hard PVC Profile Hard Profile Hard PVC Profile Hard Profile Hard PVC or PP Profile Hard Profile Hard PVC Closed Profile Size L Hard Profile Hard PVC closed profile size S Hard Profile Hard PVC closed profile size XS Hard Profile Hard PVC closed section profile Soft frofile [&hellip;]<\/p>\n","protected":false},"author":2,"featured_media":0,"parent":0,"menu_order":0,"comment_status":"closed","ping_status":"closed","template":"","meta":{"footnotes":""},"class_list":["post-2382","page","type-page","status-publish","hentry"],"blocksy_meta":[],"yoast_head":"<!-- This site is optimized with the Yoast SEO Premium plugin v26.4 (Yoast SEO v26.4) - https:\/\/yoast.com\/wordpress\/plugins\/seo\/ -->\n<title>Plastic Profile Custom Made for Every Industry -<\/title>\n<meta name=\"description\" content=\"We manufacture custom plastic profiles tailored to your specific needs \u2013 from technical extrusion solutions to design-oriented applications.\" \/>\n<meta name=\"robots\" content=\"index, follow, max-snippet:-1, max-image-preview:large, max-video-preview:-1\" \/>\n<link rel=\"canonical\" href=\"https:\/\/stp-extrusion.com\/cs\/profile\/\" \/>\n<meta property=\"og:locale\" content=\"cs_CZ\" \/>\n<meta property=\"og:type\" content=\"article\" \/>\n<meta property=\"og:title\" content=\"Profile\" \/>\n<meta property=\"og:description\" content=\"We manufacture custom plastic profiles tailored to your specific needs \u2013 from technical extrusion solutions to design-oriented applications.\" \/>\n<meta property=\"og:url\" content=\"https:\/\/stp-extrusion.com\/cs\/profile\/\" \/>\n<meta property=\"article:modified_time\" content=\"2025-08-08T16:31:14+00:00\" \/>\n<meta property=\"og:image\" content=\"https:\/\/stp-extrusion.com\/wp-content\/uploads\/2025\/07\/Kepernyofoto-2024-03-07-16.23.37.png\" \/>\n<meta name=\"twitter:card\" content=\"summary_large_image\" \/>\n<meta name=\"twitter:label1\" content=\"Odhadovan\u00e1 doba \u010dten\u00ed\" \/>\n\t<meta name=\"twitter:data1\" content=\"22 minut\" \/>\n<script type=\"application\/ld+json\" class=\"yoast-schema-graph\">{\"@context\":\"https:\/\/schema.org\",\"@graph\":[{\"@type\":\"WebPage\",\"@id\":\"https:\/\/stp-extrusion.com\/profile\/\",\"url\":\"https:\/\/stp-extrusion.com\/profile\/\",\"name\":\"Plastic Profile Custom Made for Every Industry -\",\"isPartOf\":{\"@id\":\"https:\/\/stp-extrusion.com\/#website\"},\"primaryImageOfPage\":{\"@id\":\"https:\/\/stp-extrusion.com\/profile\/#primaryimage\"},\"image\":{\"@id\":\"https:\/\/stp-extrusion.com\/profile\/#primaryimage\"},\"thumbnailUrl\":\"https:\/\/stp-extrusion.com\/wp-content\/uploads\/2025\/07\/Kepernyofoto-2024-03-07-16.23.37.png\",\"datePublished\":\"2025-02-22T21:19:12+00:00\",\"dateModified\":\"2025-08-08T16:31:14+00:00\",\"description\":\"We manufacture custom plastic profiles tailored to your specific needs \u2013 from technical extrusion solutions to design-oriented applications.\",\"breadcrumb\":{\"@id\":\"https:\/\/stp-extrusion.com\/profile\/#breadcrumb\"},\"inLanguage\":\"cs\",\"potentialAction\":[{\"@type\":\"ReadAction\",\"target\":[\"https:\/\/stp-extrusion.com\/profile\/\"]}]},{\"@type\":\"ImageObject\",\"inLanguage\":\"cs\",\"@id\":\"https:\/\/stp-extrusion.com\/profile\/#primaryimage\",\"url\":\"https:\/\/stp-extrusion.com\/wp-content\/uploads\/2025\/07\/Kepernyofoto-2024-03-07-16.23.37.png\",\"contentUrl\":\"https:\/\/stp-extrusion.com\/wp-content\/uploads\/2025\/07\/Kepernyofoto-2024-03-07-16.23.37.png\"},{\"@type\":\"BreadcrumbList\",\"@id\":\"https:\/\/stp-extrusion.com\/profile\/#breadcrumb\",\"itemListElement\":[{\"@type\":\"ListItem\",\"position\":1,\"name\":\"Home\",\"item\":\"https:\/\/stp-extrusion.com\/\"},{\"@type\":\"ListItem\",\"position\":2,\"name\":\"Profile\"}]},{\"@type\":\"WebSite\",\"@id\":\"https:\/\/stp-extrusion.com\/#website\",\"url\":\"https:\/\/stp-extrusion.com\/\",\"name\":\"STP-extrusion.com\",\"description\":\"\",\"publisher\":{\"@id\":\"https:\/\/stp-extrusion.com\/#organization\"},\"potentialAction\":[{\"@type\":\"SearchAction\",\"target\":{\"@type\":\"EntryPoint\",\"urlTemplate\":\"https:\/\/stp-extrusion.com\/?s={search_term_string}\"},\"query-input\":{\"@type\":\"PropertyValueSpecification\",\"valueRequired\":true,\"valueName\":\"search_term_string\"}}],\"inLanguage\":\"cs\"},{\"@type\":\"Organization\",\"@id\":\"https:\/\/stp-extrusion.com\/#organization\",\"name\":\"ST Plastics\",\"url\":\"https:\/\/stp-extrusion.com\/\",\"logo\":{\"@type\":\"ImageObject\",\"inLanguage\":\"cs\",\"@id\":\"https:\/\/stp-extrusion.com\/#\/schema\/logo\/image\/\",\"url\":\"\",\"contentUrl\":\"\",\"caption\":\"ST Plastics\"},\"image\":{\"@id\":\"https:\/\/stp-extrusion.com\/#\/schema\/logo\/image\/\"}}]}<\/script>\n<!-- \/ Yoast SEO Premium plugin. -->","yoast_head_json":{"title":"Plastov\u00e9 profily na m\u00edru pro ka\u017ed\u00e9 odv\u011btv\u00ed -","description":"Vyr\u00e1b\u00edme plastov\u00e9 profily na m\u00edru va\u0161im specifick\u00fdm pot\u0159eb\u00e1m - od technick\u00fdch vytla\u010dovac\u00edch \u0159e\u0161en\u00ed a\u017e po designov\u00e9 aplikace.","robots":{"index":"index","follow":"follow","max-snippet":"max-snippet:-1","max-image-preview":"max-image-preview:large","max-video-preview":"max-video-preview:-1"},"canonical":"https:\/\/stp-extrusion.com\/cs\/profile\/","og_locale":"cs_CZ","og_type":"article","og_title":"Profile","og_description":"We manufacture custom plastic profiles tailored to your specific needs \u2013 from technical extrusion solutions to design-oriented applications.","og_url":"https:\/\/stp-extrusion.com\/cs\/profile\/","article_modified_time":"2025-08-08T16:31:14+00:00","og_image":[{"url":"https:\/\/stp-extrusion.com\/wp-content\/uploads\/2025\/07\/Kepernyofoto-2024-03-07-16.23.37.png","type":"","width":"","height":""}],"twitter_card":"summary_large_image","twitter_misc":{"Odhadovan\u00e1 doba \u010dten\u00ed":"22 minut"},"schema":{"@context":"https:\/\/schema.org","@graph":[{"@type":"WebPage","@id":"https:\/\/stp-extrusion.com\/profile\/","url":"https:\/\/stp-extrusion.com\/profile\/","name":"Plastov\u00e9 profily na m\u00edru pro ka\u017ed\u00e9 odv\u011btv\u00ed -","isPartOf":{"@id":"https:\/\/stp-extrusion.com\/#website"},"primaryImageOfPage":{"@id":"https:\/\/stp-extrusion.com\/profile\/#primaryimage"},"image":{"@id":"https:\/\/stp-extrusion.com\/profile\/#primaryimage"},"thumbnailUrl":"https:\/\/stp-extrusion.com\/wp-content\/uploads\/2025\/07\/Kepernyofoto-2024-03-07-16.23.37.png","datePublished":"2025-02-22T21:19:12+00:00","dateModified":"2025-08-08T16:31:14+00:00","description":"Vyr\u00e1b\u00edme plastov\u00e9 profily na m\u00edru va\u0161im specifick\u00fdm pot\u0159eb\u00e1m - od technick\u00fdch vytla\u010dovac\u00edch \u0159e\u0161en\u00ed a\u017e po designov\u00e9 aplikace.","breadcrumb":{"@id":"https:\/\/stp-extrusion.com\/profile\/#breadcrumb"},"inLanguage":"cs","potentialAction":[{"@type":"ReadAction","target":["https:\/\/stp-extrusion.com\/profile\/"]}]},{"@type":"ImageObject","inLanguage":"cs","@id":"https:\/\/stp-extrusion.com\/profile\/#primaryimage","url":"https:\/\/stp-extrusion.com\/wp-content\/uploads\/2025\/07\/Kepernyofoto-2024-03-07-16.23.37.png","contentUrl":"https:\/\/stp-extrusion.com\/wp-content\/uploads\/2025\/07\/Kepernyofoto-2024-03-07-16.23.37.png"},{"@type":"BreadcrumbList","@id":"https:\/\/stp-extrusion.com\/profile\/#breadcrumb","itemListElement":[{"@type":"ListItem","position":1,"name":"Home","item":"https:\/\/stp-extrusion.com\/"},{"@type":"ListItem","position":2,"name":"Profile"}]},{"@type":"WebSite","@id":"https:\/\/stp-extrusion.com\/#website","url":"https:\/\/stp-extrusion.com\/","name":"STP-extrusion.com","description":"","publisher":{"@id":"https:\/\/stp-extrusion.com\/#organization"},"potentialAction":[{"@type":"SearchAction","target":{"@type":"EntryPoint","urlTemplate":"https:\/\/stp-extrusion.com\/?s={search_term_string}"},"query-input":{"@type":"PropertyValueSpecification","valueRequired":true,"valueName":"search_term_string"}}],"inLanguage":"cs"},{"@type":"Organization","@id":"https:\/\/stp-extrusion.com\/#organization","name":"ST Plastics","url":"https:\/\/stp-extrusion.com\/","logo":{"@type":"ImageObject","inLanguage":"cs","@id":"https:\/\/stp-extrusion.com\/#\/schema\/logo\/image\/","url":"","contentUrl":"","caption":"ST Plastics"},"image":{"@id":"https:\/\/stp-extrusion.com\/#\/schema\/logo\/image\/"}}]}},"_links":{"self":[{"href":"https:\/\/stp-extrusion.com\/cs\/wp-json\/wp\/v2\/pages\/2382","targetHints":{"allow":["GET"]}}],"collection":[{"href":"https:\/\/stp-extrusion.com\/cs\/wp-json\/wp\/v2\/pages"}],"about":[{"href":"https:\/\/stp-extrusion.com\/cs\/wp-json\/wp\/v2\/types\/page"}],"author":[{"embeddable":true,"href":"https:\/\/stp-extrusion.com\/cs\/wp-json\/wp\/v2\/users\/2"}],"replies":[{"embeddable":true,"href":"https:\/\/stp-extrusion.com\/cs\/wp-json\/wp\/v2\/comments?post=2382"}],"version-history":[{"count":89,"href":"https:\/\/stp-extrusion.com\/cs\/wp-json\/wp\/v2\/pages\/2382\/revisions"}],"predecessor-version":[{"id":3105,"href":"https:\/\/stp-extrusion.com\/cs\/wp-json\/wp\/v2\/pages\/2382\/revisions\/3105"}],"wp:attachment":[{"href":"https:\/\/stp-extrusion.com\/cs\/wp-json\/wp\/v2\/media?parent=2382"}],"curies":[{"name":"wp","href":"https:\/\/api.w.org\/{rel}","templated":true}]}}